{"id":815,"date":"2014-11-06T16:02:28","date_gmt":"2014-11-06T14:02:28","guid":{"rendered":"http:\/\/www.bildstoerung.tv\/blog\/?page_id=815"},"modified":"2015-02-05T20:25:57","modified_gmt":"2015-02-05T18:25:57","slug":"coherence-pressedownloads","status":"publish","type":"page","link":"https:\/\/www.bildstoerung.tv\/blog\/presse\/coherence-pressedownloads\/","title":{"rendered":"COHERENCE\u2013Pressedownloads"},"content":{"rendered":"<p style=\"text-align: left;\">Zum Download der druckf\u00e4higen Dateien einfach mit der rechten Maustaste auf die Abbildungen klicken und im Men\u00fc den Punkt &#8222;Ziel speichern unter&#8230;&#8220; ausw\u00e4hlen.<\/p>\n<p style=\"text-align: left;\">Das Presseheft finden Sie unter folgendem Link:<\/p>\n<p><a href=\"https:\/\/www.bildstoerung.tv\/\/pressedownload\/COHERENCE Presseheft.pdf\">https:\/\/www.bildstoerung.tv\/\/pressedownload\/COHERENCE Presseheft.pdf<\/a><\/p>\n<p style=\"text-align: left;\">Der Trailer in HD-Qualit\u00e4t auf Vimeo:<\/p>\n<p><a href=\"https:\/\/vimeo.com\/108210223\">https:\/\/vimeo.com\/108210223<\/a><\/p>\n<p style=\"text-align: left;\">Der Teaser in HD-Qualit\u00e4t auf Vimeo:<\/p>\n<p><a href=\"https:\/\/vimeo.com\/108779002\">https:\/\/vimeo.com\/108779002<\/a><\/p>\n<hr \/>\n<p>&nbsp;<\/p>\n<p style=\"text-align: left;\">Cover &#038; Packshot der Special Edition<\/p>\n<div class=\"su-row\">\n<div class=\"su-column su-column-size-1-2\"><div class=\"su-column-inner su-u-clearfix su-u-trim\">\n<a href=\"https:\/\/i0.wp.com\/www.bildstoerung.tv\/blog\/wp-content\/uploads\/2015\/02\/coherence_dvd_01.jpg?ssl=1\"><img decoding=\"async\" src=\"https:\/\/i0.wp.com\/www.bildstoerung.tv\/blog\/wp-content\/uploads\/2015\/02\/coherence_dvd_01.jpg?resize=240%2C339&#038;ssl=1\" alt=\"DVD Cover\" width=\"240\" height=\"339\" data-recalc-dims=\"1\" \/> <\/div><\/div>\n<div class=\"su-column su-column-size-2-2\"><div class=\"su-column-inner su-u-clearfix su-u-trim\">\n<\/a><a href=\"https:\/\/i0.wp.com\/www.bildstoerung.tv\/blog\/wp-content\/uploads\/2015\/02\/coherence_bd_01.jpg?ssl=1\"><img decoding=\"async\" src=\"https:\/\/i0.wp.com\/www.bildstoerung.tv\/blog\/wp-content\/uploads\/2015\/02\/coherence_bd_01.jpg?resize=240%2C339&#038;ssl=1\" alt=\"Blu-ray Cover\" width=\"240\" height=\"339\" data-recalc-dims=\"1\" \/><\/a><a href=\"https:\/\/www.bildstoerung.tv\/blog\/wp-content\/uploads\/2015\/02\/coherence_bd_01.jpg\"><br \/>\n<\/div><\/div>\n<\/div><\/a><\/p>\n<div class=\"su-row\">\n<div class=\"su-column su-column-size-1-2\"><div class=\"su-column-inner su-u-clearfix su-u-trim\">\n<a href=\"https:\/\/i0.wp.com\/www.bildstoerung.tv\/blog\/wp-content\/uploads\/2015\/02\/coherence_3d_dvd_02.jpg?ssl=1\"><img decoding=\"async\" src=\"https:\/\/i0.wp.com\/www.bildstoerung.tv\/blog\/wp-content\/uploads\/2015\/02\/coherence_3d_dvd_02.jpg?resize=240%2C339&#038;ssl=1\" alt=\"DVD Packshot\" width=\"240\" height=\"339\" data-recalc-dims=\"1\" \/> <\/div><\/div>\n<div class=\"su-column su-column-size-2-2\"><div class=\"su-column-inner su-u-clearfix su-u-trim\">\n<\/a><a href=\"https:\/\/i0.wp.com\/www.bildstoerung.tv\/blog\/wp-content\/uploads\/2015\/02\/coherence_3d_bd_02.jpg?ssl=1\"><img decoding=\"async\" src=\"https:\/\/i0.wp.com\/www.bildstoerung.tv\/blog\/wp-content\/uploads\/2015\/02\/coherence_3d_bd_02.jpg?resize=240%2C339&#038;ssl=1\" alt=\"Blu-ray Packshot\" width=\"240\" height=\"339\" data-recalc-dims=\"1\" \/><\/a><a href=\"https:\/\/www.bildstoerung.tv\/blog\/wp-content\/uploads\/2015\/02\/coherence_3d_bd_02.jpg\"><br \/>\n<\/div><\/div>\n<\/div><\/a><\/p>\n<hr \/>\n<p style=\"text-align: left;\">Cover &#038; Packshot der Film-Only Fassung<\/p>\n<div class=\"su-row\">\n<div class=\"su-column su-column-size-1-2\"><div class=\"su-column-inner su-u-clearfix su-u-trim\">\n<a href=\"https:\/\/i0.wp.com\/www.bildstoerung.tv\/blog\/wp-content\/uploads\/2015\/02\/coherence_dvd_3d_rgb_klein.jpg?ssl=1\"><img decoding=\"async\" src=\"https:\/\/i0.wp.com\/www.bildstoerung.tv\/blog\/wp-content\/uploads\/2015\/02\/coherence_dvd_3d_rgb_klein.jpg?resize=240%2C339&#038;ssl=1\" alt=\"DVD Packshot\" width=\"240\" height=\"339\" data-recalc-dims=\"1\" \/> <\/div><\/div>\n<div class=\"su-column su-column-size-2-2\"><div class=\"su-column-inner su-u-clearfix su-u-trim\">\n<\/a><a href=\"https:\/\/i0.wp.com\/www.bildstoerung.tv\/blog\/wp-content\/uploads\/2015\/02\/coherence_bd_3d.jpg?ssl=1\"><img decoding=\"async\" src=\"https:\/\/i0.wp.com\/www.bildstoerung.tv\/blog\/wp-content\/uploads\/2015\/02\/coherence_bd_3d.jpg?resize=240%2C339&#038;ssl=1\" alt=\"Blu-ray Packshot\" width=\"240\" height=\"339\" data-recalc-dims=\"1\" \/><\/a><a href=\"https:\/\/www.bildstoerung.tv\/blog\/wp-content\/uploads\/2015\/02\/coherence_bd_3d.jpg\"><br \/>\n<\/div><\/div>\n<\/div><\/a><\/p>\n<hr \/>\n<p style=\"text-align: left;\">Szenenfotos &#038; Cast<\/p>\n<div class=\"su-row\">\n<div class=\"su-column su-column-size-1-2\"><div class=\"su-column-inner su-u-clearfix su-u-trim\">\n<a href=\"https:\/\/i0.wp.com\/www.bildstoerung.tv\/\/pressedownload\/coherence_szene01.JPG?ssl=1\"><img decoding=\"async\" src=\"https:\/\/i0.wp.com\/www.bildstoerung.tv\/\/pressedownload\/coherence_szene01.JPG?resize=165%2C250&#038;ssl=1\" alt=\"\" width=\"165\" height=\"250\" data-recalc-dims=\"1\" \/><br \/>\n<\/div><\/div>\n<div class=\"su-column su-column-size-2-2\"><div class=\"su-column-inner su-u-clearfix su-u-trim\">\n<\/a><a href=\"https:\/\/i0.wp.com\/www.bildstoerung.tv\/\/pressedownload\/coherence_szene02.jpg?ssl=1\"><img decoding=\"async\" src=\"https:\/\/i0.wp.com\/www.bildstoerung.tv\/\/pressedownload\/coherence_szene02.jpg?resize=250%2C141&#038;ssl=1\" alt=\"\" width=\"250\" height=\"141\" data-recalc-dims=\"1\" \/><br \/>\n<\/div><\/div>\n<\/div><\/a><\/p>\n<div class=\"su-row\">\n<div class=\"su-column su-column-size-1-2\"><div class=\"su-column-inner su-u-clearfix su-u-trim\">\n<a href=\"https:\/\/i0.wp.com\/www.bildstoerung.tv\/\/pressedownload\/coherence_logo_cast.jpg?ssl=1\"><img decoding=\"async\" src=\"https:\/\/i0.wp.com\/www.bildstoerung.tv\/\/pressedownload\/coherence_logo_cast.jpg?resize=250%2C70&#038;ssl=1\" alt=\"\" width=\"250\" height=\"70\" data-recalc-dims=\"1\" \/> <\/div><\/div>\n<div class=\"su-column su-column-size-2-2\"><div class=\"su-column-inner su-u-clearfix su-u-trim\">\n<\/a><a href=\"https:\/\/i0.wp.com\/www.bildstoerung.tv\/\/pressedownload\/coherence_cast.jpg?ssl=1\"><img decoding=\"async\" src=\"https:\/\/i0.wp.com\/www.bildstoerung.tv\/\/pressedownload\/coherence_cast.jpg?resize=250%2C204&#038;ssl=1\" alt=\"\" width=\"250\" height=\"204\" data-recalc-dims=\"1\" \/><\/a><a href=\"https:\/\/www.bildstoerung.tv\/\/pressedownload\/coherence_logo_cast.jpg\"><br \/>\n<\/div><\/div>\n<\/div><\/a><\/p>\n<div class=\"su-row\">\n<div class=\"su-column su-column-size-1-2\"><div class=\"su-column-inner su-u-clearfix su-u-trim\">\n<a href=\"https:\/\/i0.wp.com\/www.bildstoerung.tv\/\/pressedownload\/coherence_szene01.JPG?ssl=1\"><img decoding=\"async\" src=\"https:\/\/i0.wp.com\/www.bildstoerung.tv\/\/pressedownload\/coherence_szene01.JPG?resize=165%2C250&#038;ssl=1\" alt=\"\" width=\"165\" height=\"250\" data-recalc-dims=\"1\" \/><br \/>\n<\/div><\/div>\n<div class=\"su-column su-column-size-2-2\"><div class=\"su-column-inner su-u-clearfix su-u-trim\">\n<\/a><a href=\"https:\/\/i0.wp.com\/www.bildstoerung.tv\/\/pressedownload\/coherence_szene02.jpg?ssl=1\"><img decoding=\"async\" src=\"https:\/\/i0.wp.com\/www.bildstoerung.tv\/\/pressedownload\/coherence_szene02.jpg?resize=250%2C141&#038;ssl=1\" alt=\"\" width=\"250\" height=\"141\" data-recalc-dims=\"1\" \/><br \/>\n<\/div><\/div>\n<\/div><\/a><\/p>\n<div class=\"su-row\">\n<div class=\"su-column su-column-size-1-2\"><div class=\"su-column-inner su-u-clearfix su-u-trim\">\n<a href=\"https:\/\/i0.wp.com\/www.bildstoerung.tv\/\/pressedownload\/coherence_szene03.jpg?ssl=1\"><img decoding=\"async\" src=\"https:\/\/i0.wp.com\/www.bildstoerung.tv\/\/pressedownload\/coherence_szene03.jpg?resize=250%2C128&#038;ssl=1\" alt=\"\" width=\"250\" height=\"128\" data-recalc-dims=\"1\" \/><br \/>\n<\/div><\/div>\n<div class=\"su-column su-column-size-2-2\"><div class=\"su-column-inner su-u-clearfix su-u-trim\">\n<\/a><a href=\"https:\/\/i0.wp.com\/www.bildstoerung.tv\/\/pressedownload\/coherence_szene04.jpg?ssl=1\"><img decoding=\"async\" src=\"https:\/\/i0.wp.com\/www.bildstoerung.tv\/\/pressedownload\/coherence_szene04.jpg?resize=250%2C109&#038;ssl=1\" alt=\"\" width=\"250\" height=\"109\" data-recalc-dims=\"1\" \/><br \/>\n<\/div><\/div>\n<\/div><\/a><\/p>\n<div class=\"su-row\">\n<div class=\"su-column su-column-size-1-2\"><div class=\"su-column-inner su-u-clearfix su-u-trim\">\n<a href=\"https:\/\/i0.wp.com\/www.bildstoerung.tv\/\/pressedownload\/coherence_szene05.jpg?ssl=1\"><img decoding=\"async\" src=\"https:\/\/i0.wp.com\/www.bildstoerung.tv\/\/pressedownload\/coherence_szene05.jpg?resize=250%2C113&#038;ssl=1\" alt=\"\" width=\"250\" height=\"113\" data-recalc-dims=\"1\" \/><br \/>\n<\/div><\/div>\n<div class=\"su-column su-column-size-2-2\"><div class=\"su-column-inner su-u-clearfix su-u-trim\">\n<\/a><a href=\"https:\/\/i0.wp.com\/www.bildstoerung.tv\/\/pressedownload\/coherence_szene06.jpg?ssl=1\"><img decoding=\"async\" src=\"https:\/\/i0.wp.com\/www.bildstoerung.tv\/\/pressedownload\/coherence_szene06.jpg?resize=250%2C107&#038;ssl=1\" alt=\"\" width=\"250\" height=\"107\" data-recalc-dims=\"1\" \/><br \/>\n<\/div><\/div>\n<\/div><\/a><\/p>\n<div class=\"su-row\">\n<div class=\"su-column su-column-size-1-2\"><div class=\"su-column-inner su-u-clearfix su-u-trim\">\n<a href=\"https:\/\/i0.wp.com\/www.bildstoerung.tv\/\/pressedownload\/coherence_szene07.jpg?ssl=1\"><img decoding=\"async\" src=\"https:\/\/i0.wp.com\/www.bildstoerung.tv\/\/pressedownload\/coherence_szene07.jpg?resize=250%2C129&#038;ssl=1\" alt=\"\" width=\"250\" height=\"129\" data-recalc-dims=\"1\" \/><br \/>\n<\/div><\/div>\n<div class=\"su-column su-column-size-2-2\"><div class=\"su-column-inner su-u-clearfix su-u-trim\">\n<\/a><a href=\"https:\/\/i0.wp.com\/www.bildstoerung.tv\/\/pressedownload\/coherence_szene08.jpg?ssl=1\"><img decoding=\"async\" src=\"https:\/\/i0.wp.com\/www.bildstoerung.tv\/\/pressedownload\/coherence_szene08.jpg?resize=250%2C132&#038;ssl=1\" alt=\"\" width=\"250\" height=\"132\" data-recalc-dims=\"1\" \/><br \/>\n<\/div><\/div>\n<\/div><\/a><\/p>\n<div class=\"su-row\">\n<div class=\"su-column su-column-size-1-2\"><div class=\"su-column-inner su-u-clearfix su-u-trim\">\n<a href=\"https:\/\/i0.wp.com\/www.bildstoerung.tv\/\/pressedownload\/coherence_szene09.jpg?ssl=1\"><img decoding=\"async\" src=\"https:\/\/i0.wp.com\/www.bildstoerung.tv\/\/pressedownload\/coherence_szene09.jpg?resize=250%2C120&#038;ssl=1\" alt=\"\" width=\"250\" height=\"120\" data-recalc-dims=\"1\" \/><br \/>\n<\/div><\/div>\n<div class=\"su-column su-column-size-2-2\"><div class=\"su-column-inner su-u-clearfix su-u-trim\">\n<\/a><a href=\"https:\/\/i0.wp.com\/www.bildstoerung.tv\/\/pressedownload\/coherencecastgrid.jpg?ssl=1\"><img decoding=\"async\" src=\"https:\/\/i0.wp.com\/www.bildstoerung.tv\/\/pressedownload\/coherencecastgrid.jpg?resize=250%2C162&#038;ssl=1\" alt=\"\" width=\"250\" height=\"162\" data-recalc-dims=\"1\" \/><br \/>\n<\/div><\/div>\n<\/div><\/a><\/p>\n<div class=\"su-row\">\n<div class=\"su-column su-column-size-1-2\"><div class=\"su-column-inner su-u-clearfix su-u-trim\">\n<a href=\"https:\/\/i0.wp.com\/www.bildstoerung.tv\/\/pressedownload\/coherence_Foxler01.jpg?ssl=1\"><img decoding=\"async\" src=\"https:\/\/i0.wp.com\/www.bildstoerung.tv\/\/pressedownload\/coherence_Foxler01.jpg?resize=250%2C187&#038;ssl=1\" alt=\"\" width=\"250\" height=\"187\" data-recalc-dims=\"1\" \/><br \/>\n<\/div><\/div>\n<div class=\"su-column su-column-size-2-2\"><div class=\"su-column-inner su-u-clearfix su-u-trim\">\n<\/a><a href=\"https:\/\/i0.wp.com\/www.bildstoerung.tv\/\/pressedownload\/coherence_Foxler02.jpg?ssl=1\"><img decoding=\"async\" src=\"https:\/\/i0.wp.com\/www.bildstoerung.tv\/\/pressedownload\/coherence_Foxler02.jpg?resize=250%2C187&#038;ssl=1\" alt=\"\" width=\"250\" height=\"187\" data-recalc-dims=\"1\" \/><br \/>\n<\/div><\/div>\n<\/div><\/a><\/p>\n<div class=\"su-row\">\n<div class=\"su-column su-column-size-1-2\"><div class=\"su-column-inner su-u-clearfix su-u-trim\">\n<a href=\"https:\/\/i0.wp.com\/www.bildstoerung.tv\/\/pressedownload\/coherence_Brendon.jpg?ssl=1\"><img decoding=\"async\" src=\"https:\/\/i0.wp.com\/www.bildstoerung.tv\/\/pressedownload\/coherence_Brendon.jpg?resize=187%2C250&#038;ssl=1\" alt=\"\" width=\"187\" height=\"250\" data-recalc-dims=\"1\" \/><br \/>\n<\/div><\/div>\n<div class=\"su-column su-column-size-2-2\"><div class=\"su-column-inner su-u-clearfix su-u-trim\">\n<\/a><a href=\"https:\/\/i0.wp.com\/www.bildstoerung.tv\/\/pressedownload\/coherence_Brendon02.jpg?ssl=1\"><img decoding=\"async\" src=\"https:\/\/i0.wp.com\/www.bildstoerung.tv\/\/pressedownload\/coherence_Brendon02.jpg?resize=250%2C187&#038;ssl=1\" alt=\"\" width=\"250\" height=\"187\" data-recalc-dims=\"1\" \/><br \/>\n<\/div><\/div>\n<\/div><\/a><\/p>\n<div class=\"su-row\">\n<div class=\"su-column su-column-size-1-2\"><div class=\"su-column-inner su-u-clearfix su-u-trim\">\n<a href=\"https:\/\/i0.wp.com\/www.bildstoerung.tv\/\/pressedownload\/coherence_Gracen01.jpg?ssl=1\"><img decoding=\"async\" src=\"https:\/\/i0.wp.com\/www.bildstoerung.tv\/\/pressedownload\/coherence_Gracen01.jpg?resize=250%2C187&#038;ssl=1\" alt=\"\" width=\"250\" height=\"187\" data-recalc-dims=\"1\" \/><br \/>\n<\/div><\/div>\n<div class=\"su-column su-column-size-2-2\"><div class=\"su-column-inner su-u-clearfix su-u-trim\">\n<\/a><a href=\"https:\/\/i0.wp.com\/www.bildstoerung.tv\/\/pressedownload\/coherence_Gracen02.jpg?ssl=1\"><img decoding=\"async\" src=\"https:\/\/i0.wp.com\/www.bildstoerung.tv\/\/pressedownload\/coherence_Gracen02.jpg?resize=250%2C187&#038;ssl=1\" alt=\"\" width=\"250\" height=\"187\" data-recalc-dims=\"1\" \/><br \/>\n<\/div><\/div>\n<\/div><\/a><\/p>\n<div class=\"su-row\">\n<div class=\"su-column su-column-size-1-2\"><div class=\"su-column-inner su-u-clearfix su-u-trim\">\n<a href=\"https:\/\/i0.wp.com\/www.bildstoerung.tv\/\/pressedownload\/coherence_Maher01.jpg?ssl=1\"><img decoding=\"async\" src=\"https:\/\/i0.wp.com\/www.bildstoerung.tv\/\/pressedownload\/coherence_Maher01.jpg?resize=250%2C187&#038;ssl=1\" alt=\"\" width=\"250\" height=\"187\" data-recalc-dims=\"1\" \/><br \/>\n<\/div><\/div>\n<div class=\"su-column su-column-size-2-2\"><div class=\"su-column-inner su-u-clearfix su-u-trim\">\n<\/a><a href=\"https:\/\/i0.wp.com\/www.bildstoerung.tv\/\/pressedownload\/coherence_Maher02.jpg?ssl=1\"><img decoding=\"async\" src=\"https:\/\/i0.wp.com\/www.bildstoerung.tv\/\/pressedownload\/coherence_Maher02.jpg?resize=187%2C250&#038;ssl=1\" alt=\"\" width=\"187\" height=\"250\" data-recalc-dims=\"1\" \/><br \/>\n<\/div><\/div>\n<\/div><\/a><\/p>\n<div class=\"su-row\">\n<div class=\"su-column su-column-size-1-2\"><div class=\"su-column-inner su-u-clearfix su-u-trim\">\n<a href=\"https:\/\/i0.wp.com\/www.bildstoerung.tv\/\/pressedownload\/coherence_Manugian01.jpg?ssl=1\"><img decoding=\"async\" src=\"https:\/\/i0.wp.com\/www.bildstoerung.tv\/\/pressedownload\/coherence_Manugian01.jpg?resize=250%2C187&#038;ssl=1\" alt=\"\" width=\"250\" height=\"187\" data-recalc-dims=\"1\" \/><br \/>\n<\/div><\/div>\n<div class=\"su-column su-column-size-2-2\"><div class=\"su-column-inner su-u-clearfix su-u-trim\">\n<\/a><a href=\"https:\/\/i0.wp.com\/www.bildstoerung.tv\/\/pressedownload\/coherence_Manugian02.jpg?ssl=1\"><img decoding=\"async\" src=\"https:\/\/i0.wp.com\/www.bildstoerung.tv\/\/pressedownload\/coherence_Manugian02.jpg?resize=187%2C250&#038;ssl=1\" alt=\"\" width=\"187\" height=\"250\" data-recalc-dims=\"1\" \/><br \/>\n<\/div><\/div>\n<\/div><\/a><\/p>\n<div class=\"su-row\">\n<div class=\"su-column su-column-size-1-2\"><div class=\"su-column-inner su-u-clearfix su-u-trim\">\n<a href=\"https:\/\/i0.wp.com\/www.bildstoerung.tv\/\/pressedownload\/coherence_Scafaria01.jpg?ssl=1\"><img decoding=\"async\" src=\"https:\/\/i0.wp.com\/www.bildstoerung.tv\/\/pressedownload\/coherence_Scafaria01.jpg?resize=250%2C187&#038;ssl=1\" alt=\"\" width=\"250\" height=\"187\" data-recalc-dims=\"1\" \/><br \/>\n<\/div><\/div>\n<div class=\"su-column su-column-size-2-2\"><div class=\"su-column-inner su-u-clearfix su-u-trim\">\n<\/a><a href=\"https:\/\/i0.wp.com\/www.bildstoerung.tv\/\/pressedownload\/coherence_Scafaria02.jpg?ssl=1\"><img decoding=\"async\" src=\"https:\/\/i0.wp.com\/www.bildstoerung.tv\/\/pressedownload\/coherence_Scafaria02.jpg?resize=187%2C250&#038;ssl=1\" alt=\"\" width=\"187\" height=\"250\" data-recalc-dims=\"1\" \/><br \/>\n<\/div><\/div>\n<\/div><\/a><\/p>\n<div class=\"su-row\">\n<div class=\"su-column su-column-size-1-2\"><div class=\"su-column-inner su-u-clearfix su-u-trim\">\n<a href=\"https:\/\/i0.wp.com\/www.bildstoerung.tv\/\/pressedownload\/coherence_Sterling01.jpg?ssl=1\"><img decoding=\"async\" src=\"https:\/\/i0.wp.com\/www.bildstoerung.tv\/\/pressedownload\/coherence_Sterling01.jpg?resize=187%2C250&#038;ssl=1\" alt=\"\" width=\"187\" height=\"250\" data-recalc-dims=\"1\" \/><br \/>\n<\/div><\/div>\n<div class=\"su-column su-column-size-2-2\"><div class=\"su-column-inner su-u-clearfix su-u-trim\">\n<\/a><a href=\"https:\/\/i0.wp.com\/www.bildstoerung.tv\/\/pressedownload\/coherence_Sterling02.jpg?ssl=1\"><img decoding=\"async\" src=\"https:\/\/i0.wp.com\/www.bildstoerung.tv\/\/pressedownload\/coherence_Sterling02.jpg?resize=187%2C250&#038;ssl=1\" alt=\"\" width=\"187\" height=\"250\" data-recalc-dims=\"1\" \/><br \/>\n<\/div><\/div>\n<\/div><\/a><\/p>\n<div class=\"su-row\">\n<div class=\"su-column su-column-size-1-2\"><div class=\"su-column-inner su-u-clearfix su-u-trim\">\n<a href=\"https:\/\/www.bildstoerung.tv\/\/pressedownload\/coherence_Byrkit _regie.jpg\"><img decoding=\"async\" src=\"https:\/\/www.bildstoerung.tv\/\/pressedownload\/coherence_Byrkit _regie.jpg\" alt=\"\" width=\"207\" height=\"250\" \/><br \/>\n<\/div><\/div>\n<div class=\"su-column su-column-size-2-2\"><div class=\"su-column-inner su-u-clearfix su-u-trim\">\n<\/a><a href=\"https:\/\/i0.wp.com\/www.bildstoerung.tv\/\/pressedownload\/coherence_Sterling02.jpg?ssl=1\"><img decoding=\"async\" src=\"https:\/\/i0.wp.com\/www.bildstoerung.tv\/\/pressedownload\/coherence_Sterling02.jpg?resize=187%2C250&#038;ssl=1\" alt=\"\" width=\"187\" height=\"250\" data-recalc-dims=\"1\" \/><br \/>\n<\/div><\/div>\n<\/div><\/a><\/p>\n","protected":false},"excerpt":{"rendered":"<p>Zum Download der druckf\u00e4higen Dateien einfach mit der rechten Maustaste [&hellip;]<\/p>\n","protected":false},"author":1,"featured_media":0,"parent":45,"menu_order":0,"comment_status":"closed","ping_status":"open","template":"","meta":{"om_disable_all_campaigns":false,"sfsi_plus_gutenberg_text_before_share":"","sfsi_plus_gutenberg_show_text_before_share":"","sfsi_plus_gutenberg_icon_type":"","sfsi_plus_gutenberg_icon_alignemt":"","sfsi_plus_gutenburg_max_per_row":"","_uf_show_specific_survey":0,"_uf_disable_surveys":false,"jetpack_post_was_ever_published":false,"footnotes":""},"class_list":["post-815","page","type-page","status-publish","hentry"],"aioseo_notices":[],"jetpack_sharing_enabled":true,"jetpack_shortlink":"https:\/\/wp.me\/P5YmIz-d9","jetpack-related-posts":[],"_links":{"self":[{"href":"https:\/\/www.bildstoerung.tv\/blog\/wp-json\/wp\/v2\/pages\/815","targetHints":{"allow":["GET"]}}],"collection":[{"href":"https:\/\/www.bildstoerung.tv\/blog\/wp-json\/wp\/v2\/pages"}],"about":[{"href":"https:\/\/www.bildstoerung.tv\/blog\/wp-json\/wp\/v2\/types\/page"}],"author":[{"embeddable":true,"href":"https:\/\/www.bildstoerung.tv\/blog\/wp-json\/wp\/v2\/users\/1"}],"replies":[{"embeddable":true,"href":"https:\/\/www.bildstoerung.tv\/blog\/wp-json\/wp\/v2\/comments?post=815"}],"version-history":[{"count":0,"href":"https:\/\/www.bildstoerung.tv\/blog\/wp-json\/wp\/v2\/pages\/815\/revisions"}],"up":[{"embeddable":true,"href":"https:\/\/www.bildstoerung.tv\/blog\/wp-json\/wp\/v2\/pages\/45"}],"wp:attachment":[{"href":"https:\/\/www.bildstoerung.tv\/blog\/wp-json\/wp\/v2\/media?parent=815"}],"curies":[{"name":"wp","href":"https:\/\/api.w.org\/{rel}","templated":true}]}}