{"id":76,"date":"2008-09-03T21:19:01","date_gmt":"2008-09-03T19:19:01","guid":{"rendered":"http:\/\/www.bildstoerung.tv\/blog\/?page_id=76"},"modified":"2009-01-22T12:22:39","modified_gmt":"2009-01-22T10:22:39","slug":"im-glaskafig-pressedownloads","status":"publish","type":"page","link":"https:\/\/www.bildstoerung.tv\/blog\/presse\/im-glaskafig-pressedownloads\/","title":{"rendered":"IM GLASK\u00c4FIG &#8211; Pressedownloads"},"content":{"rendered":"<p class=\"MsoNormal\" style=\"text-align: center;\"><strong><br \/>\n<\/strong><\/p>\n<p class=\"MsoNormal\" style=\"text-align: center;\"><strong><\/strong><\/p>\n<p style=\"text-align: left;\">Zum Download der druckf\u00e4higen Dateien einfach mit der rechten Maustaste auf die Abbildungen klicken und im Men\u00fc den Punkt &#8222;Ziel speichern unter&#8230;&#8220; ausw\u00e4hlen.<\/p>\n<p class=\"MsoNormal\" style=\"text-align: center;\"><strong><br \/>\n<\/strong><\/p>\n<p class=\"MsoNormal\" style=\"text-align: center;\"><strong><\/strong><\/p>\n<p class=\"MsoNormal\"><a href=\"https:\/\/www.bildstoerung.tv\/\/pressedownload\/Marquis_Packshot_3D.jpg\"><br \/>\n<\/a><\/p>\n<p class=\"MsoNormal\" style=\"text-align: center;\"><strong><\/strong><\/p>\n<p><a href=\"https:\/\/www.bildstoerung.tv\/blog\/wp-content\/uploads\/2008\/09\/marquis_packshot_3d_klein.jpg\"><\/a><\/p>\n<p class=\"MsoNormal\" style=\"text-align: center;\"><strong><\/strong><\/p>\n<p class=\"MsoNormal\" style=\"text-align: center;\"><strong><\/strong><\/p>\n<p class=\"MsoNormal\" style=\"text-align: center;\"><strong><\/strong><\/p>\n<p class=\"MsoNormal\" style=\"text-align: center;\"><strong><\/strong><\/p>\n<p class=\"MsoNormal\" style=\"text-align: center;\"><strong><\/strong><\/p>\n<p class=\"MsoNormal\" style=\"text-align: center;\"><strong><\/strong><\/p>\n<p class=\"MsoNormal\" style=\"text-align: center;\"><strong><\/strong><\/p>\n<p class=\"MsoNormal\" style=\"text-align: center;\"><strong><\/strong><\/p>\n<p class=\"MsoNormal\"><a href=\"https:\/\/i0.wp.com\/www.bildstoerung.tv\/pressedownload\/Glas_Schuber.jpg?ssl=1\"><img decoding=\"async\" data-attachment-id=\"69\" data-permalink=\"https:\/\/www.bildstoerung.tv\/blog\/trailer\/marquis_packshot_2d\/\" data-orig-file=\"https:\/\/i0.wp.com\/www.bildstoerung.tv\/blog\/wp-content\/uploads\/2008\/08\/marquis_packshot_2d.jpg?fit=319%2C443&amp;ssl=1\" data-orig-size=\"319,443\" data-comments-opened=\"1\" data-image-meta=\"{&quot;aperture&quot;:&quot;0&quot;,&quot;credit&quot;:&quot;&quot;,&quot;camera&quot;:&quot;&quot;,&quot;caption&quot;:&quot;&quot;,&quot;created_timestamp&quot;:&quot;0&quot;,&quot;copyright&quot;:&quot;&quot;,&quot;focal_length&quot;:&quot;0&quot;,&quot;iso&quot;:&quot;0&quot;,&quot;shutter_speed&quot;:&quot;0&quot;,&quot;title&quot;:&quot;&quot;,&quot;orientation&quot;:&quot;1&quot;}\" data-image-title=\"marquis_packshot_2d\" data-image-description=\"\" data-image-caption=\"\" data-medium-file=\"https:\/\/i0.wp.com\/www.bildstoerung.tv\/blog\/wp-content\/uploads\/2008\/08\/marquis_packshot_2d.jpg?fit=300%2C417&amp;ssl=1\" data-large-file=\"https:\/\/i0.wp.com\/www.bildstoerung.tv\/blog\/wp-content\/uploads\/2008\/08\/marquis_packshot_2d.jpg?fit=319%2C443&amp;ssl=1\" class=\"alignleft alignnone size-medium wp-image-69\" style=\"float: left;\" title=\"marquis_packshot_2d\" src=\"https:\/\/i0.wp.com\/www.bildstoerung.tv\/\/blog\/wp-content\/uploads\/2009\/01\/Glas_Schuber_klein.jpg?resize=239%2C331&#038;ssl=1\" alt=\"\" width=\"239\" height=\"331\" data-recalc-dims=\"1\" \/><\/a><\/p>\n<p class=\"MsoNormal\" style=\"text-align: center;\"><strong><br \/>\n<\/strong><\/p>\n<p class=\"MsoNormal\" style=\"text-align: center;\"><strong><\/strong><\/p>\n<p class=\"MsoNormal\">\n<p class=\"MsoNormal\" style=\"text-align: center;\"><strong><br \/>\n<\/strong><\/p>\n<p class=\"MsoNormal\" style=\"text-align: center;\"><strong><\/strong><\/p>\n<p class=\"MsoNormal\">\n<p class=\"MsoNormal\" style=\"text-align: center;\"><strong><\/strong><\/p>\n<p class=\"MsoNormal\" style=\"text-align: center;\">\n<p class=\"MsoNormal\" style=\"text-align: center;\"><strong><br \/>\n<\/strong><\/p>\n<p class=\"MsoNormal\" style=\"text-align: center;\"><strong><\/strong><\/p>\n<p class=\"MsoNormal\">\n<p class=\"MsoNormal\" style=\"text-align: center;\"><strong><br \/>\n<\/strong><\/p>\n<p class=\"MsoNormal\" style=\"text-align: center;\"><strong><\/strong><\/p>\n<p class=\"MsoNormal\">\n<p class=\"MsoNormal\" style=\"text-align: center;\"><strong><br \/>\n<\/strong><\/p>\n<p class=\"MsoNormal\" style=\"text-align: center;\"><strong><\/strong><\/p>\n<p class=\"MsoNormal\">\n<p class=\"MsoNormal\" style=\"text-align: center;\"><strong><br \/>\n<\/strong><\/p>\n<p class=\"MsoNormal\">\n<p class=\"MsoNormal\" style=\"text-align: center;\">\n<p class=\"MsoNormal\" style=\"text-align: center;\"><strong><br \/>\n<\/strong><\/p>\n<p class=\"MsoNormal\">\n<p class=\"MsoNormal\" style=\"text-align: center;\"><strong><br \/>\n<\/strong><\/p>\n<p class=\"MsoNormal\">\n<p class=\"MsoNormal\">\n<p class=\"MsoNormal\" style=\"text-align: center;\"><strong><br \/>\n<\/strong><\/p>\n<p class=\"MsoNormal\">\n<p class=\"MsoNormal\" style=\"text-align: center;\">\n<p class=\"MsoNormal\" style=\"text-align: center;\"><strong><br \/>\n<\/strong><\/p>\n<p class=\"MsoNormal\">\n<p class=\"MsoNormal\" style=\"text-align: center;\"><strong><br \/>\n<\/strong><\/p>\n<p class=\"MsoNormal\">\n<p class=\"MsoNormal\">\n<p class=\"MsoNormal\" style=\"text-align: center;\"><strong><br \/>\n<\/strong><\/p>\n<p class=\"MsoNormal\">\n<p class=\"MsoNormal\">\n<p class=\"MsoNormal\" style=\"text-align: center;\"><strong><br \/>\n<\/strong><\/p>\n<p class=\"MsoNormal\">\n<p class=\"MsoNormal\" style=\"text-align: center;\">\n<p class=\"MsoNormal\" style=\"text-align: center;\"><strong><br \/>\n<\/strong><\/p>\n<p class=\"MsoNormal\">\n<p class=\"MsoNormal\" style=\"text-align: center;\">\n<p class=\"MsoNormal\" style=\"text-align: center;\"><strong><br \/>\n<\/strong><\/p>\n<p class=\"MsoNormal\">\n<p class=\"MsoNormal\" style=\"text-align: center;\"><strong><br \/>\n<\/strong><\/p>\n<p class=\"MsoNormal\" style=\"text-align: center;\"><strong><\/strong><\/p>\n<p class=\"MsoNormal\">\n<p class=\"MsoNormal\" style=\"text-align: center;\"><strong><\/strong><\/p>\n<p class=\"MsoNormal\"><strong><\/strong><\/p>\n<p><strong><\/strong><\/p>\n<p><strong><\/strong><\/p>\n<p><strong><\/strong><\/p>\n<p><strong><\/strong><\/p>\n<p><strong><\/strong><\/p>\n<p class=\"MsoNormal\">\n<div class=\"MsoNormal\"><strong><\/strong><\/div>\n<div><strong><\/strong><\/div>\n<div><strong><\/strong><\/div>\n<p><strong><\/strong><\/p>\n<p class=\"MsoNormal\">\n<p class=\"MsoNormal\" style=\"text-align: center;\">\n<p class=\"MsoNormal\" style=\"text-align: center;\"><strong><br \/>\n<\/strong><\/p>\n<p class=\"MsoNormal\">\n<p class=\"MsoNormal\" style=\"text-align: center;\"><strong><br \/>\n<\/strong><\/p>\n<p class=\"MsoNormal\">\n<p class=\"MsoNormal\">\n<p class=\"MsoNormal\">\n<p class=\"MsoNormal\">\n<p class=\"MsoNormal\" style=\"text-align: center;\"><strong><br \/>\n<\/strong><\/p>\n<p class=\"MsoNormal\">\n<p class=\"MsoNormal\" style=\"text-align: center;\">\n<p class=\"MsoNormal\">\n<p class=\"MsoNormal\" style=\"text-align: center;\">\n<p class=\"MsoNormal\">\n<p class=\"MsoNormal\" style=\"text-align: center;\"><strong><br \/>\n<\/strong><\/p>\n<p><a title=\"Glask\u00e4fig 2\" href=\"https:\/\/i0.wp.com\/www.bildstoerung.tv\/\/pressedownload\/Glas2.jpg?ssl=1\" target=\"_blank\"><img decoding=\"async\" class=\"alignright\" style=\"float: right;\" src=\"https:\/\/i0.wp.com\/www.bildstoerung.tv\/\/blog\/wp-content\/uploads\/2009\/01\/Glas2_klein.jpg?resize=250%2C159&#038;ssl=1\" alt=\"Glask\u00e4fig 2\" width=\"250\" height=\"159\" data-recalc-dims=\"1\" \/><\/a><\/p>\n<p><a title=\"Glask\u00e4fig 1\" href=\"https:\/\/i0.wp.com\/www.bildstoerung.tv\/\/pressedownload\/Glas1.jpg?ssl=1\" target=\"_blank\"><img decoding=\"async\" class=\"alignleft\" style=\"float: left;\" src=\"https:\/\/i0.wp.com\/www.bildstoerung.tv\/\/blog\/wp-content\/uploads\/2009\/01\/Glas1_klein.jpg?resize=251%2C190&#038;ssl=1\" alt=\"Glask\u00e4fig 1\" width=\"251\" height=\"190\" data-recalc-dims=\"1\" \/><\/a><\/p>\n<p class=\"MsoNormal\" style=\"text-align: center;\"><strong><br \/>\n<\/strong><\/p>\n<p class=\"MsoNormal\">\n<p class=\"MsoNormal\" style=\"text-align: center;\">\n<p class=\"MsoNormal\" style=\"text-align: center;\"><strong><br \/>\n<\/strong><\/p>\n<p class=\"MsoNormal\">\n<p class=\"MsoNormal\" style=\"text-align: center;\"><strong><br \/>\n<\/strong><\/p>\n<p class=\"MsoNormal\">\n<p class=\"MsoNormal\" style=\"text-align: center;\"><strong><br \/>\n<\/strong><\/p>\n<p class=\"MsoNormal\">\n<p class=\"MsoNormal\" style=\"text-align: center;\">\n<p class=\"MsoNormal\" style=\"text-align: center;\"><strong><br \/>\n<\/strong><\/p>\n<p class=\"MsoNormal\">\n<p class=\"MsoNormal\" style=\"text-align: center;\"><strong><br \/>\n<\/strong><\/p>\n<p class=\"MsoNormal\">\n<p class=\"MsoNormal\" style=\"text-align: center;\"><strong><br \/>\n<\/strong><\/p>\n<p><strong><\/strong><\/p>\n<p class=\"MsoNormal\" style=\"text-align: center;\"><strong><\/strong><\/p>\n<p class=\"MsoNormal\"><strong><\/strong><\/p>\n<p><strong><\/strong><\/p>\n<p><strong><\/strong><\/p>\n<p><strong><\/strong><\/p>\n<p><strong><\/strong><\/p>\n<p><strong><\/strong><\/p>\n<p><strong><\/strong><\/p>\n<p><strong><\/strong><\/p>\n<p><strong><\/strong><\/p>\n<p><strong><\/strong><\/p>\n<p class=\"MsoNormal\">\n<div class=\"MsoNormal\"><strong><\/strong><\/div>\n<div><strong><\/strong><\/div>\n<p><strong><\/strong><\/p>\n<p class=\"MsoNormal\" style=\"text-align: center;\"><strong><br \/>\n<\/strong><\/p>\n<p class=\"MsoNormal\" style=\"text-align: center;\"><strong><br \/>\n<\/strong><\/p>\n<p class=\"MsoNormal\">\n<p class=\"MsoNormal\">\n<p class=\"MsoNormal\" style=\"text-align: center;\"><strong><br \/>\n<\/strong><\/p>\n<p class=\"MsoNormal\">\n<p class=\"MsoNormal\" style=\"text-align: center;\">\n<p class=\"MsoNormal\" style=\"text-align: center;\"><strong><br \/>\n<\/strong><\/p>\n<p><strong><br \/>\n<\/strong><\/p>\n<p><strong><\/strong><\/p>\n<p class=\"MsoNormal\" style=\"text-align: center;\"><strong><\/strong><\/p>\n<p class=\"MsoNormal\" style=\"text-align: center;\">\n<p class=\"MsoNormal\" style=\"text-align: center;\"><strong><br \/>\n<\/strong><\/p>\n<p class=\"MsoNormal\">\n<p class=\"MsoNormal\">\n<p class=\"MsoNormal\">\n<p class=\"MsoNormal\" style=\"text-align: center;\">\n<p class=\"MsoNormal\" style=\"text-align: center;\"><strong><\/strong><\/p>\n<p class=\"MsoNormal\"><strong><\/strong><\/p>\n<p class=\"MsoNormal\">\n<div class=\"MsoNormal\"><strong><\/strong><\/div>\n<div><strong><\/strong><\/div>\n<div><strong><\/strong><\/div>\n<p><strong><\/strong><\/p>\n<p><strong><br \/>\n<\/strong><\/p>\n<p><a title=\"Glask\u00e4fig 3\" href=\"https:\/\/i0.wp.com\/www.bildstoerung.tv\/\/pressedownload\/Glas3.jpg?ssl=1\" target=\"_blank\"><img decoding=\"async\" class=\"alignleft\" style=\"float: left;\" src=\"https:\/\/i0.wp.com\/www.bildstoerung.tv\/\/blog\/wp-content\/uploads\/2009\/01\/Glas3_klein.jpg?resize=250%2C179&#038;ssl=1\" alt=\"Glask\u00e4fig 3\" width=\"250\" height=\"179\" data-recalc-dims=\"1\" \/><\/a><\/p>\n<p><a title=\"Glask\u00e4fig 4\" href=\"https:\/\/i0.wp.com\/www.bildstoerung.tv\/\/pressedownload\/Glas4.jpg?ssl=1\" target=\"_blank\"><img decoding=\"async\" class=\"alignright\" style=\"float: right;\" src=\"https:\/\/i0.wp.com\/www.bildstoerung.tv\/\/blog\/wp-content\/uploads\/2009\/01\/Glas4_klein.jpg?resize=250%2C197&#038;ssl=1\" alt=\"Glask\u00e4fig 4\" width=\"250\" height=\"197\" data-recalc-dims=\"1\" \/><\/a><\/p>\n<p><strong><\/strong><\/p>\n<p class=\"MsoNormal\" style=\"text-align: center;\"><strong><\/strong><\/p>\n<p class=\"MsoNormal\"><strong><\/strong><\/p>\n<p><strong><\/strong><\/p>\n<p class=\"MsoNormal\" style=\"text-align: center;\">\n<div class=\"MsoNormal\" style=\"text-align: center;\"><strong><\/strong><\/div>\n<div><strong><\/strong><\/div>\n<p><strong><\/strong><\/p>\n<p class=\"MsoNormal\" style=\"text-align: center;\"><strong><br \/>\n<\/strong><\/p>\n<p><strong><br \/>\n<\/strong><\/p>\n<p><strong><br \/>\n<\/strong><\/p>\n<p><strong><\/strong><\/p>\n<p class=\"MsoNormal\" style=\"text-align: center;\"><strong><\/strong><\/p>\n<p class=\"MsoNormal\">\n<p class=\"MsoNormal\" style=\"text-align: center;\"><strong><\/strong><\/p>\n<p class=\"MsoNormal\">\n<p class=\"MsoNormal\" style=\"text-align: center;\"><strong><\/strong><\/p>\n<p class=\"MsoNormal\">\n<p class=\"MsoNormal\" style=\"text-align: center;\"><strong><\/strong><\/p>\n<p class=\"MsoNormal\"><a href=\"https:\/\/www.bildstoerung.tv\/blog\/wp-content\/uploads\/2008\/09\/marquis_presse4_klein.jpg\"><\/a><\/p>\n<p class=\"MsoNormal\" style=\"text-align: center;\"><strong><\/strong><\/p>\n<p class=\"MsoNormal\" style=\"text-align: center;\"><strong><\/strong><\/p>\n<p class=\"MsoNormal\" style=\"text-align: center;\"><strong><\/strong><\/p>\n<p class=\"MsoNormal\" style=\"text-align: center;\"><strong><\/strong><\/p>\n<p class=\"MsoNormal\" style=\"text-align: center;\"><strong><\/strong><\/p>\n<p><a href=\"https:\/\/www.bildstoerung.tv\/blog\/wp-content\/uploads\/2008\/09\/marquis_presse4_klein.jpg\"><\/a><\/p>\n<p><a href=\"https:\/\/www.bildstoerung.tv\/blog\/wp-content\/uploads\/2008\/09\/marquis_presse5_klein.jpg\"><\/a><\/p>\n<p><a class=\"alignright\" title=\"Glask\u00e4fig 2\" href=\"https:\/\/www.bildstoerung.tv\/\/pressedownload\/Glas2.jpg\" target=\"_blank\"><br \/>\n<\/a><\/p>\n<p class=\"MsoNormal\">\n<p class=\"MsoNormal\" style=\"text-align: center;\"><strong><br \/>\n<\/strong><\/p>\n<p class=\"MsoNormal\" style=\"text-align: center;\"><strong><\/strong><\/p>\n<p class=\"MsoNormal\">\n<p class=\"MsoNormal\" style=\"text-align: center;\"><strong><br \/>\n<\/strong><\/p>\n<p class=\"MsoNormal\" style=\"text-align: center;\"><strong><\/strong><\/p>\n<p class=\"MsoNormal\">\n<p class=\"MsoNormal\" style=\"text-align: center;\"><strong><br \/>\n<\/strong><\/p>\n<p class=\"MsoNormal\" style=\"text-align: center;\"><strong><\/strong><\/p>\n<p class=\"MsoNormal\">\n<p class=\"MsoNormal\" style=\"text-align: center;\"><strong><br \/>\n<\/strong><\/p>\n<p class=\"MsoNormal\">\n<p class=\"MsoNormal\" style=\"text-align: center;\">\n<p class=\"MsoNormal\" style=\"text-align: center;\"><strong><br \/>\n<\/strong><\/p>\n<p class=\"MsoNormal\">\n<p class=\"MsoNormal\" style=\"text-align: center;\"><strong><br \/>\n<\/strong><\/p>\n<p class=\"MsoNormal\">\n<p class=\"MsoNormal\" style=\"text-align: center;\"><strong><br \/>\n<\/strong><\/p>\n<p class=\"MsoNormal\">\n<p class=\"MsoNormal\">\n<p class=\"MsoNormal\" style=\"text-align: center;\"><strong><br \/>\n<\/strong><\/p>\n<p class=\"MsoNormal\">\n<p class=\"MsoNormal\" style=\"text-align: center;\">\n<p class=\"MsoNormal\" style=\"text-align: center;\"><strong><br \/>\n<\/strong><\/p>\n<p class=\"MsoNormal\" style=\"text-align: center;\"><strong><\/strong><\/p>\n<p class=\"MsoNormal\">\n<p class=\"MsoNormal\" style=\"text-align: center;\"><strong><br \/>\n<\/strong><\/p>\n<p class=\"MsoNormal\" style=\"text-align: center;\"><strong><\/strong><\/p>\n<p class=\"MsoNormal\">\n<p class=\"MsoNormal\" style=\"text-align: center;\"><a title=\"Glask\u00e4fig 5\" href=\"https:\/\/i0.wp.com\/www.bildstoerung.tv\/\/pressedownload\/Glas5.jpg?ssl=1\" target=\"_blank\"><img decoding=\"async\" style=\"vertical-align: middle;\" src=\"https:\/\/i0.wp.com\/www.bildstoerung.tv\/\/blog\/wp-content\/uploads\/2009\/01\/Glas5_klein.jpg?resize=250%2C184&#038;ssl=1\" alt=\"Glask\u00e4fig 5\" width=\"250\" height=\"184\" data-recalc-dims=\"1\" \/><\/a><\/p>\n<p class=\"MsoNormal\" style=\"text-align: center;\"><strong><\/strong><\/p>\n<p class=\"MsoNormal\">\n<p class=\"MsoNormal\" style=\"text-align: center;\"><strong><br \/>\n<\/strong><\/p>\n<p class=\"MsoNormal\" style=\"text-align: center;\"><strong><\/strong><\/p>\n<p class=\"MsoNormal\">\n<p class=\"MsoNormal\">\n<p class=\"MsoNormal\" style=\"text-align: center;\"><strong><br \/>\n<\/strong><\/p>\n<p class=\"MsoNormal\" style=\"text-align: center;\"><strong><\/strong><\/p>\n<p class=\"MsoNormal\">\n<p class=\"MsoNormal\" style=\"text-align: center;\"><strong><br \/>\n<\/strong><\/p>\n<p class=\"MsoNormal\" style=\"text-align: center;\"><strong><\/strong><\/p>\n<p class=\"MsoNormal\">\n<p class=\"MsoNormal\" style=\"text-align: center;\"><strong><br \/>\n<\/strong><\/p>\n<p class=\"MsoNormal\" style=\"text-align: center;\"><strong><\/strong><\/p>\n<p class=\"MsoNormal\">\n<p class=\"MsoNormal\" style=\"text-align: center;\"><strong><\/strong><\/p>\n<p class=\"MsoNormal\">\n<p class=\"MsoNormal\" style=\"text-align: center;\"><strong><\/strong><\/p>\n<p class=\"MsoNormal\">\n<p class=\"MsoNormal\" style=\"text-align: center;\"><strong><\/strong><\/p>\n<p class=\"MsoNormal\">\n<p class=\"MsoNormal\" style=\"text-align: center;\"><strong><br \/>\n<\/strong><\/p>\n<p class=\"MsoNormal\" style=\"text-align: center;\"><strong><\/strong><\/p>\n<p class=\"MsoNormal\" style=\"text-align: center;\">\n<p class=\"MsoNormal\" style=\"text-align: center;\">\n<p class=\"MsoNormal\">\n<p class=\"MsoNormal\" style=\"text-align: center;\"><a href=\"https:\/\/www.bildstoerung.tv\/\/pressedownload\/Glas5.jpg\"><br \/>\n<\/a><\/p>\n<p class=\"MsoNormal\" style=\"text-align: center;\"><strong><span style=\"font-size: 10pt; font-family: Arial;\"><br \/>\n<\/span><\/strong><\/p>\n<p class=\"MsoNormal\" style=\"text-align: center;\">\n<p class=\"MsoNormal\" style=\"text-align: center;\"><strong><\/strong><\/p>\n<p class=\"MsoNormal\" style=\"text-align: center;\">\n<p class=\"MsoNormal\" style=\"text-align: center;\">\n<p class=\"MsoNormal\">\n<p class=\"MsoNormal\" style=\"text-align: center;\"><strong><span style=\"font-size: 10pt; font-family: Arial;\"><br \/>\n<\/span><\/strong><\/p>\n<p class=\"MsoNormal\" style=\"text-align: center;\">\n<p class=\"MsoNormal\" style=\"text-align: center;\"><strong><\/strong><\/p>\n<p class=\"MsoNormal\" style=\"text-align: center;\">\n<p class=\"MsoNormal\"><strong><span style=\"font-size: 10pt; font-family: Verdana;\">Bitte folgende Copyrighthinweise beachten:<\/span><\/strong><\/p>\n<p class=\"MsoNormal\"><strong><\/strong><\/p>\n<p class=\"MsoNormal\"><strong><span style=\"font-size: 10pt; font-family: Verdana;\">DVD-Cover: \u00a9<span> <\/span>2008 BILDST\u00d6RUNG<\/span><\/strong><\/p>\n<p class=\"MsoNormal\"><strong><span style=\"font-size: 10pt; font-family: Verdana;\">Szenenfotos: \u00a9\u00a0 1986 T.E.M. PRODUCTORES S.A.<br \/>\n<\/span><\/strong><\/p>\n<p class=\"MsoNormal\" style=\"text-align: center;\">\n<p class=\"MsoNormal\" style=\"text-align: center;\"><strong><\/strong><\/p>\n<p class=\"MsoNormal\" style=\"text-align: center;\">\n<p class=\"MsoNormal\" style=\"text-align: center;\"><strong><span style=\"font-size: 10pt; font-family: Arial;\"><br \/>\n<\/span><\/strong><\/p>\n","protected":false},"excerpt":{"rendered":"<p>Zum Download der druckf\u00e4higen Dateien einfach mit der rechten Maustaste [&hellip;]<\/p>\n","protected":false},"author":1,"featured_media":0,"parent":45,"menu_order":0,"comment_status":"closed","ping_status":"closed","template":"","meta":{"om_disable_all_campaigns":false,"sfsi_plus_gutenberg_text_before_share":"","sfsi_plus_gutenberg_show_text_before_share":"","sfsi_plus_gutenberg_icon_type":"","sfsi_plus_gutenberg_icon_alignemt":"","sfsi_plus_gutenburg_max_per_row":"","_uf_show_specific_survey":0,"_uf_disable_surveys":false,"jetpack_post_was_ever_published":false,"footnotes":""},"class_list":["post-76","page","type-page","status-publish","hentry"],"aioseo_notices":[],"jetpack_sharing_enabled":true,"jetpack_shortlink":"https:\/\/wp.me\/P5YmIz-1e","jetpack-related-posts":[],"_links":{"self":[{"href":"https:\/\/www.bildstoerung.tv\/blog\/wp-json\/wp\/v2\/pages\/76","targetHints":{"allow":["GET"]}}],"collection":[{"href":"https:\/\/www.bildstoerung.tv\/blog\/wp-json\/wp\/v2\/pages"}],"about":[{"href":"https:\/\/www.bildstoerung.tv\/blog\/wp-json\/wp\/v2\/types\/page"}],"author":[{"embeddable":true,"href":"https:\/\/www.bildstoerung.tv\/blog\/wp-json\/wp\/v2\/users\/1"}],"replies":[{"embeddable":true,"href":"https:\/\/www.bildstoerung.tv\/blog\/wp-json\/wp\/v2\/comments?post=76"}],"version-history":[{"count":0,"href":"https:\/\/www.bildstoerung.tv\/blog\/wp-json\/wp\/v2\/pages\/76\/revisions"}],"up":[{"embeddable":true,"href":"https:\/\/www.bildstoerung.tv\/blog\/wp-json\/wp\/v2\/pages\/45"}],"wp:attachment":[{"href":"https:\/\/www.bildstoerung.tv\/blog\/wp-json\/wp\/v2\/media?parent=76"}],"curies":[{"name":"wp","href":"https:\/\/api.w.org\/{rel}","templated":true}]}}