{"id":198,"date":"2013-07-11T16:39:37","date_gmt":"2013-07-11T14:39:37","guid":{"rendered":"http:\/\/www.bildstoerung.tv\/blog\/?page_id=198"},"modified":"2023-12-15T15:56:14","modified_gmt":"2023-12-15T13:56:14","slug":"die-fruhen-filme-von-alejandro-jodorowsky","status":"publish","type":"page","link":"https:\/\/www.bildstoerung.tv\/blog\/filme\/die-fruhen-filme-von-alejandro-jodorowsky\/","title":{"rendered":"DIE FILME VON ALEJANDRO JODOROWSKY"},"content":{"rendered":"<div class=\"fusion-fullwidth fullwidth-box fusion-builder-row-1 nonhundred-percent-fullwidth non-hundred-percent-height-scrolling\" style=\"--awb-border-radius-top-left:0px;--awb-border-radius-top-right:0px;--awb-border-radius-bottom-right:0px;--awb-border-radius-bottom-left:0px;--awb-background-color:#000000;--awb-flex-wrap:wrap;\" ><div class=\"fusion-builder-row fusion-row\"><div class=\"fusion-layout-column fusion_builder_column fusion-builder-column-0 fusion_builder_column_1_4 1_4 fusion-one-fourth fusion-column-first\" style=\"--awb-bg-size:cover;width:25%;width:calc(25% - ( ( 4% + 4% ) * 0.25 ) );margin-right: 4%;\"><div class=\"fusion-column-wrapper fusion-flex-column-wrapper-legacy\"><a class=\"awb-lightbox awb-lightbox-1\" href=\"https:\/\/i0.wp.com\/www.bildstoerung.tv\/blog\/wp-content\/uploads\/2023\/12\/Box_Cover.jpg?ssl=1\" data-rel=\"iLightbox\"><img decoding=\"async\" src=\"https:\/\/i0.wp.com\/www.bildstoerung.tv\/blog\/wp-content\/uploads\/2023\/12\/Box_Cover.jpg?resize=300%2C404&#038;ssl=1\" alt=\"Poster The Wild Boys\" data-recalc-dims=\"1\"><\/a><div class=\"fusion-clearfix\"><\/div><\/div><\/div><div class=\"fusion-layout-column fusion_builder_column fusion-builder-column-1 fusion_builder_column_1_2 1_2 fusion-one-half\" style=\"--awb-bg-size:cover;width:50%;width:calc(50% - ( ( 4% + 4% ) * 0.5 ) );margin-right: 4%;\"><div class=\"fusion-column-wrapper fusion-flex-column-wrapper-legacy\"><div class=\"fusion-text fusion-text-1\"><h2><strong><br \/>\nDIE FILME VON ALEJANDRO JODOROWSKY<\/strong><\/h2>\n<h3>DROP OUT 022 + 023:<\/h3>\n<p>EL TOPO<\/p>\n<p>DER HEILIGE BERG<\/p>\n<p>FANDO Y LIS<\/p>\n<p><strong>Restauriert in 4K auf Blu-ray!<\/strong><\/p>\n<h3><\/h3>\n<\/div><div class=\"fusion-clearfix\"><\/div><\/div><\/div><div class=\"fusion-layout-column fusion_builder_column fusion-builder-column-2 fusion_builder_column_1_4 1_4 fusion-one-fourth fusion-column-last\" style=\"--awb-padding-top:30px;--awb-padding-right:0px;--awb-padding-bottom:0px;--awb-bg-size:cover;width:25%;width:calc(25% - ( ( 4% + 4% ) * 0.25 ) );\"><div class=\"fusion-column-wrapper fusion-column-has-shadow fusion-flex-column-wrapper-legacy\"><div class=\"fusion-image-element fusion-image-align-center in-legacy-container\" style=\"text-align:center;--awb-caption-title-font-family:var(--h2_typography-font-family);--awb-caption-title-font-weight:var(--h2_typography-font-weight);--awb-caption-title-font-style:var(--h2_typography-font-style);--awb-caption-title-size:var(--h2_typography-font-size);--awb-caption-title-transform:var(--h2_typography-text-transform);--awb-caption-title-line-height:var(--h2_typography-line-height);--awb-caption-title-letter-spacing:var(--h2_typography-letter-spacing);\"><div class=\"imageframe-align-center\"><span class=\" fusion-imageframe imageframe-none imageframe-1 hover-type-none\"><a class=\"fusion-no-lightbox\" href=\"https:\/\/shop.bildstoerung.tv\/products\/the-painted-bird-041\" target=\"_blank\" aria-label=\"shop_prev_00000\" rel=\"noopener noreferrer\"><img decoding=\"async\" width=\"350\" height=\"428\" src=\"https:\/\/i0.wp.com\/www.bildstoerung.tv\/blog\/wp-content\/uploads\/2023\/12\/shop_prev_00000.jpg?resize=350%2C428&#038;ssl=1\" alt class=\"img-responsive wp-image-3539\" srcset=\"https:\/\/i0.wp.com\/www.bildstoerung.tv\/blog\/wp-content\/uploads\/2023\/12\/shop_prev_00000.jpg?resize=150%2C183&amp;ssl=1 150w, https:\/\/i0.wp.com\/www.bildstoerung.tv\/blog\/wp-content\/uploads\/2023\/12\/shop_prev_00000.jpg?resize=200%2C245&amp;ssl=1 200w, https:\/\/i0.wp.com\/www.bildstoerung.tv\/blog\/wp-content\/uploads\/2023\/12\/shop_prev_00000.jpg?resize=300%2C367&amp;ssl=1 300w, https:\/\/i0.wp.com\/www.bildstoerung.tv\/blog\/wp-content\/uploads\/2023\/12\/shop_prev_00000.jpg?fit=350%2C428&amp;ssl=1 350w\" sizes=\"(max-width: 800px) 100vw, 350px\" data-recalc-dims=\"1\" \/><\/a><\/span><\/div><\/div><div class=\"fusion-aligncenter\"><a class=\"fusion-button button-flat fusion-button-default-size button-default fusion-button-default button-1 fusion-button-default-span fusion-button-default-type\" style=\"--button_text_transform:none;\" target=\"_blank\" rel=\"noopener noreferrer\" href=\"https:\/\/shop.bildstoerung.tv\/collections\/die-filme\/products\/die-fime-von-alejandro-jodorowsky-043\"><i class=\"fa-shopping-cart fas button-icon-left\" aria-hidden=\"true\"><\/i><span class=\"fusion-button-text\">Im Shop ansehen<\/span><\/a><\/div><div class=\"fusion-clearfix\"><\/div><\/div><\/div><\/div><\/div><div class=\"fusion-fullwidth fullwidth-box fusion-builder-row-2 nonhundred-percent-fullwidth non-hundred-percent-height-scrolling\" style=\"--awb-border-radius-top-left:0px;--awb-border-radius-top-right:0px;--awb-border-radius-bottom-right:0px;--awb-border-radius-bottom-left:0px;--awb-padding-right:0px;--awb-background-color:#000000;--awb-flex-wrap:wrap;\" ><div class=\"fusion-builder-row fusion-row\"><div class=\"fusion-layout-column fusion_builder_column fusion-builder-column-3 fusion_builder_column_1_1 1_1 fusion-one-full fusion-column-first fusion-column-last\" style=\"--awb-bg-size:cover;\"><div class=\"fusion-column-wrapper fusion-flex-column-wrapper-legacy\"><div class=\"fusion-sep-clear\"><\/div><div class=\"fusion-separator fusion-full-width-sep\" style=\"margin-left: auto;margin-right: auto;width:100%;\"><div class=\"fusion-separator-border sep-single sep-solid\" style=\"--awb-height:20px;--awb-amount:20px;--awb-sep-color:#e8e8e8;border-color:#e8e8e8;border-top-width:1px;\"><\/div><\/div><div class=\"fusion-sep-clear\"><\/div><div class=\"fusion-text fusion-text-2\"><p><strong><em>\u201eDie meisten Regisseure machen Filme mit ihren Augen. Ich mache Filme mit meinen Eiern.\u201c<\/em><\/strong><br \/>\nAlejandro Jodorowsky<\/p>\n<p>Was soll man zu Alejandro Jodorowsky und seinen Filmen noch sagen, was nicht schon an tausend anderen Stellen gesagt wurde?<\/p>\n<p>Zusammen mit Moebius schuf er die legend\u00e4ren John-Difool-Comics, gr\u00fcndete 1962 in Paris zusammen mit Roland Topor und Fernando Arrabal das \u201aMouvement Panique\u2019 und entwickelte in den 1990ern die Praxis der Psychomagie. Unsterblich machen sollte Jodorowsky aber vor allem eines: Mit ihm wurde das Mitternachtskino geboren. EL TOPO war der erste jener legend\u00e4ren Midnight Movies der 1970er, die in der Folge noch solch bezaubernde Bl\u00fcten treiben sollten wie PINK FLAMINGOS, ERASERHEAD oder THE ROCKY HORROR PICTURE SHOW. DER HEILIGE BERG d\u00fcrfte wohl eine der teuersten Extravaganzen in der Geschichte des Independentfilms sein \u2013 produziert vom legend\u00e4ren Beatles-Manager Allen Klein und (angeblich) co-finanziert vom gro\u00dfen EL-TOPO-Fan John Lennon h\u00f6chstpers\u00f6nlich. Mehr brauchte es nicht.<\/p>\n<p>Allein diese beiden Filme sollten Jodorowskys Ruf als absoluten Regieexzentriker f\u00fcr alle Ewigkeit zementieren. Der Rest ist Geschichte&#8230;<\/p>\n<p>Die Jodorowsky Box enth\u00e4lt neue 4K Restaurierungen f\u00fcr EL TOPO, DER HEILIGE BERG &amp; FANDO Y LIS.<br \/>\nEnthalten sind drei Blu-rays, eine Bonus-DVD sowie die Soundtrack-CDs zu EL TOPO &amp; DER HEILIGE BERG.<br \/>\n<strong>Das Set ist auf 2000 St\u00fcck limitiert!<\/strong><\/p>\n<\/div><div class=\"fusion-sep-clear\"><\/div><div class=\"fusion-separator fusion-full-width-sep\" style=\"margin-left: auto;margin-right: auto;width:100%;\"><div class=\"fusion-separator-border sep-single sep-solid\" style=\"--awb-height:20px;--awb-amount:20px;--awb-sep-color:#e8e8e8;border-color:#e8e8e8;border-top-width:1px;\"><\/div><\/div><div class=\"fusion-sep-clear\"><\/div><div class=\"fusion-clearfix\"><\/div><\/div><\/div><\/div><\/div><div class=\"fusion-fullwidth fullwidth-box fusion-builder-row-3 fusion-flex-container nonhundred-percent-fullwidth non-hundred-percent-height-scrolling\" style=\"--awb-border-radius-top-left:0px;--awb-border-radius-top-right:0px;--awb-border-radius-bottom-right:0px;--awb-border-radius-bottom-left:0px;--awb-background-color:#000000;--awb-flex-wrap:wrap;\" ><div class=\"fusion-builder-row fusion-row fusion-flex-align-items-flex-start fusion-flex-content-wrap\" style=\"max-width:1144px;margin-left: calc(-4% \/ 2 );margin-right: calc(-4% \/ 2 );\"><div class=\"fusion-layout-column fusion_builder_column fusion-builder-column-4 fusion_builder_column_1_1 1_1 fusion-flex-column\" style=\"--awb-bg-size:cover;--awb-width-large:100%;--awb-margin-top-large:0px;--awb-spacing-right-large:1.92%;--awb-margin-bottom-large:20px;--awb-spacing-left-large:1.92%;--awb-width-medium:100%;--awb-order-medium:0;--awb-spacing-right-medium:1.92%;--awb-spacing-left-medium:1.92%;--awb-width-small:100%;--awb-order-small:0;--awb-spacing-right-small:1.92%;--awb-spacing-left-small:1.92%;\"><div class=\"fusion-column-wrapper fusion-column-has-shadow fusion-flex-justify-content-flex-start fusion-content-layout-column\"><div class=\"fusion-image-element \" style=\"--awb-caption-title-font-family:var(--h2_typography-font-family);--awb-caption-title-font-weight:var(--h2_typography-font-weight);--awb-caption-title-font-style:var(--h2_typography-font-style);--awb-caption-title-size:var(--h2_typography-font-size);--awb-caption-title-transform:var(--h2_typography-text-transform);--awb-caption-title-line-height:var(--h2_typography-line-height);--awb-caption-title-letter-spacing:var(--h2_typography-letter-spacing);\"><span class=\" fusion-imageframe imageframe-none imageframe-2 hover-type-none\"><a class=\"fusion-no-lightbox\" href=\"https:\/\/i0.wp.com\/www.bildstoerung.tv\/blog\/wp-content\/uploads\/2020\/12\/the_painted_bird01.jpg?ssl=1\" target=\"_self\" aria-label=\"boxset_00000\"><img decoding=\"async\" width=\"1024\" height=\"427\" src=\"https:\/\/i0.wp.com\/www.bildstoerung.tv\/blog\/wp-content\/uploads\/2023\/12\/boxset_00000.jpg?resize=1024%2C427&#038;ssl=1\" alt class=\"img-responsive wp-image-3544\" srcset=\"https:\/\/i0.wp.com\/www.bildstoerung.tv\/blog\/wp-content\/uploads\/2023\/12\/boxset_00000.jpg?resize=150%2C63&amp;ssl=1 150w, https:\/\/i0.wp.com\/www.bildstoerung.tv\/blog\/wp-content\/uploads\/2023\/12\/boxset_00000.jpg?resize=200%2C83&amp;ssl=1 200w, https:\/\/i0.wp.com\/www.bildstoerung.tv\/blog\/wp-content\/uploads\/2023\/12\/boxset_00000.jpg?resize=300%2C125&amp;ssl=1 300w, https:\/\/i0.wp.com\/www.bildstoerung.tv\/blog\/wp-content\/uploads\/2023\/12\/boxset_00000.jpg?resize=400%2C167&amp;ssl=1 400w, https:\/\/i0.wp.com\/www.bildstoerung.tv\/blog\/wp-content\/uploads\/2023\/12\/boxset_00000.jpg?resize=600%2C250&amp;ssl=1 600w, https:\/\/i0.wp.com\/www.bildstoerung.tv\/blog\/wp-content\/uploads\/2023\/12\/boxset_00000.jpg?resize=768%2C320&amp;ssl=1 768w, https:\/\/i0.wp.com\/www.bildstoerung.tv\/blog\/wp-content\/uploads\/2023\/12\/boxset_00000.jpg?resize=800%2C333&amp;ssl=1 800w, https:\/\/i0.wp.com\/www.bildstoerung.tv\/blog\/wp-content\/uploads\/2023\/12\/boxset_00000.jpg?resize=1024%2C427&amp;ssl=1 1024w, https:\/\/i0.wp.com\/www.bildstoerung.tv\/blog\/wp-content\/uploads\/2023\/12\/boxset_00000.jpg?fit=1200%2C500&amp;ssl=1 1200w\" sizes=\"(max-width: 1024px) 100vw, (max-width: 640px) 100vw, 1024px\" data-recalc-dims=\"1\" \/><\/a><\/span><\/div><div class=\"fusion-separator fusion-full-width-sep\" style=\"align-self: center;margin-left: auto;margin-right: auto;margin-top:20px;width:100%;\"><div class=\"fusion-separator-border sep-single sep-solid\" style=\"--awb-height:20px;--awb-amount:20px;--awb-sep-color:#e8e8e8;border-color:#e8e8e8;border-top-width:1px;\"><\/div><\/div><\/div><\/div><\/div><\/div><div class=\"fusion-fullwidth fullwidth-box fusion-builder-row-4 nonhundred-percent-fullwidth non-hundred-percent-height-scrolling\" style=\"--awb-border-radius-top-left:0px;--awb-border-radius-top-right:0px;--awb-border-radius-bottom-right:0px;--awb-border-radius-bottom-left:0px;--awb-background-color:#000000;--awb-flex-wrap:wrap;\" ><div class=\"fusion-builder-row fusion-row\"><div class=\"fusion-layout-column fusion_builder_column fusion-builder-column-5 fusion_builder_column_2_3 2_3 fusion-two-third fusion-column-first\" style=\"--awb-bg-size:cover;width:65.3333%; margin-right: 4%;\"><div class=\"fusion-column-wrapper fusion-flex-column-wrapper-legacy\"><div class=\"fusion-text fusion-text-3\"><h3>Bonusmaterial:<\/h3>\n<p>&#8211; 3 Audiokommentare von Alejandro Jodorowsky zu seinen drei Spielfilmen<br \/>\n&#8211; PSYCHOMAGIE eine heilende Kunst &#8211; Dokumentation (2019, 107 Min.)<br \/>\n&#8211; Jodorowsky Remembers &#8211; drei Interviews zu den Filmen (35 Min.)<br \/>\n&#8211; Eine Einf\u00fchrung von Richard Pe\u00f1a &#8211; drei Interviews zu den Filmen (29 Min.)<br \/>\n&#8211; Son of El Topo &#8211; Interview mit Brontis Jodorowsky (19 Min.)<br \/>\n&#8211; Interview mit Regieassistent Pablo Leder (20 Min.)<br \/>\n&#8211; Der Heilige Berg von A bis Z (27 Min.)<br \/>\n&#8211; Dokumentarfilm DIE KONSTELLATION JODOROWSKY (1994, 86 Min.)<br \/>\n&#8211; Entfallene Szenen zu DER HEILIGE BERG<br \/>\n&#8211; Alejandro Jodorowsky \u00fcber Tarot (7 Min.)<br \/>\n&#8211; Alejandro Jodorowsky \u00fcber EL TOPO (5 Min.)<br \/>\n&#8211; Alejandro Jodorowsky trifft Nicolas Winding Refn [DRIVE, ONLY GOD FORGIVES] (20 Min.)<br \/>\n&#8211; Alejandro Jodorowsky auf dem Filmfest M\u00fcnchen 2013 (20 Min.)<br \/>\n&#8211; US-Trailer<br \/>\n&#8211; Bildergalerien<br \/>\n&#8211; 3 Booklets<br \/>\n&#8211; Soundtrack-CDs zu EL TOPO &amp; DER HEILIGE BERG<\/p>\n<p>&nbsp;<\/p>\n<h3>Spezifikationen:<\/h3>\n<p><strong>EL TOPO:<\/strong><br \/>\nBlu-ay: BD-50<br \/>\nBild: Original Kinoformat 1,33:1 &#8211; 4:3 Vollbild und 16:9 &#8211; 1,85:1<br \/>\nTon: Deutsch Lpcm Mono \/ Spanisch DTSHD 5.1<br \/>\nUntertitel: Deutsch<br \/>\nLaufzeit: 124 Min. (uncut)<\/p>\n<p><strong>DER HEILIGE BERG:<\/strong><br \/>\nBlu-ay: BD-50<br \/>\nBild: 2,35:1<br \/>\nTon: Deutsch Lpcm Mono \/ Englisch DTSHD 5.1<br \/>\nUntertitel: Deutsch<br \/>\nLaufzeit: 113 Min. (uncut)<\/p>\n<p><strong>FANDO UND LIS:<\/strong><br \/>\nBlu-ay: BD-50<br \/>\nBild: Original Kinoformat 1,66:1<br \/>\nTon: Spanisch Lpcm Mono<br \/>\nUntertitel: Deutsch<br \/>\nLaufzeit: 97 Min. (uncut)<\/p>\n<\/div><div class=\"fusion-clearfix\"><\/div><\/div><\/div><div class=\"fusion-layout-column fusion_builder_column fusion-builder-column-6 fusion_builder_column_1_1 1_1 fusion-one-full fusion-column-last\" style=\"--awb-bg-size:cover;\"><div class=\"fusion-column-wrapper fusion-column-has-shadow fusion-flex-column-wrapper-legacy\"><div class=\"fusion-sep-clear\"><\/div><div class=\"fusion-separator fusion-full-width-sep\" style=\"margin-left: auto;margin-right: auto;width:100%;\"><div class=\"fusion-separator-border sep-single sep-solid\" style=\"--awb-height:20px;--awb-amount:20px;--awb-sep-color:#e8e8e8;border-color:#e8e8e8;border-top-width:1px;\"><\/div><\/div><div class=\"fusion-sep-clear\"><\/div><div class=\"fusion-clearfix\"><\/div><\/div><\/div><\/div><\/div><div class=\"fusion-fullwidth fullwidth-box fusion-builder-row-5 nonhundred-percent-fullwidth non-hundred-percent-height-scrolling\" style=\"--awb-border-radius-top-left:0px;--awb-border-radius-top-right:0px;--awb-border-radius-bottom-right:0px;--awb-border-radius-bottom-left:0px;--awb-background-color:#000000;--awb-flex-wrap:wrap;\" ><div class=\"fusion-builder-row fusion-row\"><div class=\"fusion-layout-column fusion_builder_column fusion-builder-column-7 fusion_builder_column_1_1 1_1 fusion-one-full fusion-column-first fusion-column-last\" style=\"--awb-bg-size:cover;\"><div class=\"fusion-column-wrapper fusion-flex-column-wrapper-legacy\"><div class=\"fusion-sharing-box fusion-sharing-box-1 has-taglines layout-floated layout-medium-floated layout-small-floated\" style=\"background-color:#242424;--awb-layout:row;--awb-alignment-small:space-between;\" data-title=\"LUZ - Ab 21.3. im Kino\" data-description=\"DIE FILME VON ALEJANDRO JODOROWSKY\r\nDROP OUT 022 + 023:\r\nEL TOPO\r\n\r\nDER HEILIGE BERG\r\n\r\nFANDO Y LIS\r\n\r\nRestauriert in 4K auf Blu-ray!\r\n Im Shop ansehen   \r\n\r\n\u201eDie meisten Regisseure machen Filme mit ihren Augen. Ich mache Filme mit meinen Eiern.\u201c\r\nAlejandro\" data-link=\"https:\/\/www.bildstoerung.tv\/blog\/luz\/\"><h4 class=\"tagline\" style=\"color:#a3a3a3;\">Shareing is Caring, w\u00e4hle deine Platform!<\/h4><div class=\"fusion-social-networks sharingbox-shortcode-icon-wrapper sharingbox-shortcode-icon-wrapper-1\"><span><a href=\"https:\/\/www.facebook.com\/sharer.php?u=https%3A%2F%2Fwww.bildstoerung.tv%2Fblog%2Fluz%2F&amp;t=LUZ%20-%20Ab%2021.3.%20im%20Kino\" target=\"_blank\" rel=\"noreferrer\" title=\"Facebook\" aria-label=\"Facebook\" data-placement=\"top\" data-toggle=\"tooltip\" data-title=\"Facebook\"><i class=\"fusion-social-network-icon fusion-tooltip fusion-facebook awb-icon-facebook\" style=\"color:#d3d3d3;\" aria-hidden=\"true\"><\/i><\/a><\/span><span><a href=\"https:\/\/twitter.com\/share?text=LUZ%20-%20Ab%2021.3.%20im%20Kino&amp;url=https%3A%2F%2Fwww.bildstoerung.tv%2Fblog%2Fluz%2F\" target=\"_blank\" rel=\"noopener noreferrer\" title=\"X\" aria-label=\"X\" data-placement=\"top\" data-toggle=\"tooltip\" data-title=\"X\"><i class=\"fusion-social-network-icon fusion-tooltip fusion-twitter awb-icon-twitter\" style=\"color:#d3d3d3;\" aria-hidden=\"true\"><\/i><\/a><\/span><span><a href=\"https:\/\/www.linkedin.com\/shareArticle?mini=true&amp;url=https%3A%2F%2Fwww.bildstoerung.tv%2Fblog%2Fluz%2F&amp;title=LUZ%20-%20Ab%2021.3.%20im%20Kino&amp;summary=DIE%20FILME%20VON%20ALEJANDRO%20JODOROWSKY%0D%0ADROP%20OUT%20022%20%2B%20023%3A%0D%0AEL%20TOPO%0D%0A%0D%0ADER%20HEILIGE%20BERG%0D%0A%0D%0AFANDO%20Y%20LIS%0D%0A%0D%0ARestauriert%20in%204K%20auf%20Blu-ray%21%0D%0A%20%20Im%20Shop%20ansehen%20%20%20%20%20%0D%0A%0D%0A%E2%80%9EDie%20meisten%20Regisseure%20machen%20Filme%20mit%20ihren%20Augen.%20Ich%20mache%20Filme%20mit%20meinen%20Eiern.%E2%80%9C%0D%0AAlejandro\" target=\"_blank\" rel=\"noopener noreferrer\" title=\"LinkedIn\" aria-label=\"LinkedIn\" data-placement=\"top\" data-toggle=\"tooltip\" data-title=\"LinkedIn\"><i class=\"fusion-social-network-icon fusion-tooltip fusion-linkedin awb-icon-linkedin\" style=\"color:#d3d3d3;\" aria-hidden=\"true\"><\/i><\/a><\/span><span><a href=\"https:\/\/api.whatsapp.com\/send?text=https%3A%2F%2Fwww.bildstoerung.tv%2Fblog%2Fluz%2F\" target=\"_blank\" rel=\"noopener noreferrer\" title=\"WhatsApp\" aria-label=\"WhatsApp\" data-placement=\"top\" data-toggle=\"tooltip\" data-title=\"WhatsApp\"><i class=\"fusion-social-network-icon fusion-tooltip fusion-whatsapp awb-icon-whatsapp\" style=\"color:#d3d3d3;\" aria-hidden=\"true\"><\/i><\/a><\/span><span><a href=\"https:\/\/www.tumblr.com\/share\/link?url=https%3A%2F%2Fwww.bildstoerung.tv%2Fblog%2Fluz%2F&amp;name=LUZ%20-%20Ab%2021.3.%20im%20Kino&amp;description=DIE%20FILME%20VON%20ALEJANDRO%20JODOROWSKY%0D%0ADROP%20OUT%20022%20%2B%20023%3A%0D%0AEL%20TOPO%0D%0A%0D%0ADER%20HEILIGE%20BERG%0D%0A%0D%0AFANDO%20Y%20LIS%0D%0A%0D%0ARestauriert%20in%204K%20auf%20Blu-ray%21%0D%0A%20%20Im%20Shop%20ansehen%20%20%20%20%20%0D%0A%0D%0A%E2%80%9EDie%20meisten%20Regisseure%20machen%20Filme%20mit%20ihren%20Augen.%20Ich%20mache%20Filme%20mit%20meinen%20Eiern.%E2%80%9C%0D%0AAlejandro\" target=\"_blank\" rel=\"noopener noreferrer\" title=\"Tumblr\" aria-label=\"Tumblr\" data-placement=\"top\" data-toggle=\"tooltip\" data-title=\"Tumblr\"><i class=\"fusion-social-network-icon fusion-tooltip fusion-tumblr awb-icon-tumblr\" style=\"color:#d3d3d3;\" aria-hidden=\"true\"><\/i><\/a><\/span><span><a href=\"https:\/\/pinterest.com\/pin\/create\/button\/?url=https%3A%2F%2Fwww.bildstoerung.tv%2Fblog%2Fluz%2F&amp;description=DIE%20FILME%20VON%20ALEJANDRO%20JODOROWSKY%0D%0ADROP%20OUT%20022%20%2B%20023%3A%0D%0AEL%20TOPO%0D%0A%0D%0ADER%20HEILIGE%20BERG%0D%0A%0D%0AFANDO%20Y%20LIS%0D%0A%0D%0ARestauriert%20in%204K%20auf%20Blu-ray%21%0D%0A%20%20Im%20Shop%20ansehen%20%20%20%20%20%0D%0A%0D%0A%E2%80%9EDie%20meisten%20Regisseure%20machen%20Filme%20mit%20ihren%20Augen.%20Ich%20mache%20Filme%20mit%20meinen%20Eiern.%E2%80%9C%0D%0AAlejandro&amp;media=\" target=\"_blank\" rel=\"noopener noreferrer\" title=\"Pinterest\" aria-label=\"Pinterest\" data-placement=\"top\" data-toggle=\"tooltip\" data-title=\"Pinterest\"><i class=\"fusion-social-network-icon fusion-tooltip fusion-pinterest awb-icon-pinterest\" style=\"color:#d3d3d3;\" aria-hidden=\"true\"><\/i><\/a><\/span><span><a href=\"mailto:?subject=LUZ%20-%20Ab%2021.3.%20im%20Kino&amp;body=https%3A%2F%2Fwww.bildstoerung.tv%2Fblog%2Fluz%2F\" target=\"_self\" title=\"E-Mail\" aria-label=\"E-Mail\" data-placement=\"top\" data-toggle=\"tooltip\" data-title=\"E-Mail\"><i class=\"fusion-social-network-icon fusion-tooltip fusion-mail awb-icon-mail\" style=\"color:#d3d3d3;\" aria-hidden=\"true\"><\/i><\/a><\/span><\/div><\/div><div class=\"fusion-clearfix\"><\/div><\/div><\/div><\/div><\/div>\n","protected":false},"excerpt":{"rendered":"","protected":false},"author":1,"featured_media":0,"parent":49,"menu_order":0,"comment_status":"closed","ping_status":"closed","template":"","meta":{"om_disable_all_campaigns":false,"sfsi_plus_gutenberg_text_before_share":"","sfsi_plus_gutenberg_show_text_before_share":"","sfsi_plus_gutenberg_icon_type":"","sfsi_plus_gutenberg_icon_alignemt":"","sfsi_plus_gutenburg_max_per_row":"","_uf_show_specific_survey":0,"_uf_disable_surveys":false,"jetpack_post_was_ever_published":false,"footnotes":""},"class_list":["post-198","page","type-page","status-publish","hentry"],"aioseo_notices":[],"jetpack_sharing_enabled":true,"jetpack_shortlink":"https:\/\/wp.me\/P5YmIz-3c","jetpack-related-posts":[],"_links":{"self":[{"href":"https:\/\/www.bildstoerung.tv\/blog\/wp-json\/wp\/v2\/pages\/198","targetHints":{"allow":["GET"]}}],"collection":[{"href":"https:\/\/www.bildstoerung.tv\/blog\/wp-json\/wp\/v2\/pages"}],"about":[{"href":"https:\/\/www.bildstoerung.tv\/blog\/wp-json\/wp\/v2\/types\/page"}],"author":[{"embeddable":true,"href":"https:\/\/www.bildstoerung.tv\/blog\/wp-json\/wp\/v2\/users\/1"}],"replies":[{"embeddable":true,"href":"https:\/\/www.bildstoerung.tv\/blog\/wp-json\/wp\/v2\/comments?post=198"}],"version-history":[{"count":10,"href":"https:\/\/www.bildstoerung.tv\/blog\/wp-json\/wp\/v2\/pages\/198\/revisions"}],"predecessor-version":[{"id":3549,"href":"https:\/\/www.bildstoerung.tv\/blog\/wp-json\/wp\/v2\/pages\/198\/revisions\/3549"}],"up":[{"embeddable":true,"href":"https:\/\/www.bildstoerung.tv\/blog\/wp-json\/wp\/v2\/pages\/49"}],"wp:attachment":[{"href":"https:\/\/www.bildstoerung.tv\/blog\/wp-json\/wp\/v2\/media?parent=198"}],"curies":[{"name":"wp","href":"https:\/\/api.w.org\/{rel}","templated":true}]}}