{"id":1713,"date":"2018-05-02T18:17:26","date_gmt":"2018-05-02T16:17:26","guid":{"rendered":"http:\/\/www.bildstoerung.tv\/blog\/?page_id=1713"},"modified":"2018-05-02T18:17:26","modified_gmt":"2018-05-02T16:17:26","slug":"der-boxer-und-der-tod-presse","status":"publish","type":"page","link":"https:\/\/www.bildstoerung.tv\/blog\/der-boxer-und-der-tod-presse\/","title":{"rendered":"Der Boxer und der Tod &#8211; Presse"},"content":{"rendered":"<p style=\"text-align: left;\">Zum Download der druckf\u00e4higen Dateien einfach mit der rechten Maustaste auf die Abbildungen klicken und im Men\u00fc den Punkt &#8222;Ziel speichern unter&#8230;&#8220; ausw\u00e4hlen.<\/p>\n<p style=\"text-align: left;\">Der Teaser f\u00fcr DER BOXER UND DER TOD :<\/p>\n<p><a href=\"https:\/\/www.youtube.com\/watch?v=UtVZAWDrOWY\">https:\/\/www.youtube.com\/watch?v=UtVZAWDrOWY<\/a><\/p>\n<p style=\"text-align: left;\">Bitte beachten Sie die folgenden Copyrightlines:<br \/>\nSzenenfotos: Slovak Film Institute<br \/>\nPackshots: Bildst\u00f6rung<\/p>\n<hr \/>\n<p style=\"text-align: left;\">DVD-Packshot: <\/p>\n<div class=\"su-row\">\n<div class=\"su-column su-column-size-1-2\"><div class=\"su-column-inner su-u-clearfix su-u-trim\">\n<a href=\"https:\/\/i0.wp.com\/www.bildstoerung.tv\/blog\/wp-content\/uploads\/2018\/05\/Boxer_cover_dvd.jpg?ssl=1\"><img decoding=\"async\" src=\"https:\/\/i0.wp.com\/www.bildstoerung.tv\/blog\/wp-content\/uploads\/2018\/05\/Boxer_cover_dvd.jpg?resize=250%2C341&#038;ssl=1\" alt=\"DVD DER BOXER UND DER TOD\" width=\"250\" height=\"341\" data-recalc-dims=\"1\" \/> <\/div><\/div>\n<div class=\"su-column su-column-size-2-2\"><div class=\"su-column-inner su-u-clearfix su-u-trim\">\n<a href=\"https:\/\/i0.wp.com\/www.bildstoerung.tv\/blog\/wp-content\/uploads\/2018\/05\/boxer_3d_dvd.jpg?ssl=1\"><img decoding=\"async\" src=\"https:\/\/i0.wp.com\/www.bildstoerung.tv\/blog\/wp-content\/uploads\/2018\/05\/boxer_3d_dvd.jpg?resize=250%2C359&#038;ssl=1\" alt=\"DVD DER BOXER UND DER TOD 3D\" width=\"250\" height=\"359\" data-recalc-dims=\"1\" \/> <\/div><\/div>\n<\/div><\/a><\/p>\n<p style=\"text-align: left;\">Blu-ray-Packshot: <\/p>\n<div class=\"su-row\">\n<div class=\"su-column su-column-size-1-2\"><div class=\"su-column-inner su-u-clearfix su-u-trim\">\n<a href=\"https:\/\/i0.wp.com\/www.bildstoerung.tv\/blog\/wp-content\/uploads\/2018\/05\/Boxer_cover_bd.jpg?ssl=1\"><img decoding=\"async\" src=\"https:\/\/i0.wp.com\/www.bildstoerung.tv\/blog\/wp-content\/uploads\/2018\/05\/Boxer_cover_bd.jpg?resize=250%2C341&#038;ssl=1\" alt=\"Blu-ray DER BOXER UND DER TOD\" width=\"250\" height=\"341\" data-recalc-dims=\"1\" \/> <\/div><\/div>\n<div class=\"su-column su-column-size-2-2\"><div class=\"su-column-inner su-u-clearfix su-u-trim\">\n<a href=\"https:\/\/i0.wp.com\/www.bildstoerung.tv\/blog\/wp-content\/uploads\/2018\/05\/boxer_3d_bd.jpg?ssl=1\"><img decoding=\"async\" src=\"https:\/\/i0.wp.com\/www.bildstoerung.tv\/blog\/wp-content\/uploads\/2018\/05\/boxer_3d_bd.jpg?resize=250%2C359&#038;ssl=1\" alt=\"Blu-ray DER BOXER UND DER TOD 3D\" width=\"250\" height=\"359\" data-recalc-dims=\"1\" \/> <\/div><\/div>\n<\/div><\/a><\/p>\n<hr \/>\n<p style=\"text-align: left;\">Szenenfotos DER BOXER UND DER TOD: <\/p>\n<p><a href=\"https:\/\/i0.wp.com\/www.bildstoerung.tv\/blog\/wp-content\/uploads\/2018\/05\/Boxer-a-smrt_N_15_CB.jpg?ssl=1\"><img decoding=\"async\" src=\"https:\/\/i0.wp.com\/www.bildstoerung.tv\/blog\/wp-content\/uploads\/2018\/05\/Boxer-a-smrt_N_15_CB.jpg?resize=505%2C499&#038;ssl=1\" alt=\"szene01\" width=\"505\" height=\"499\" data-recalc-dims=\"1\" \/><br \/>\n<a href=\"https:\/\/i0.wp.com\/www.bildstoerung.tv\/blog\/wp-content\/uploads\/2018\/05\/Boxer-a-smrt_N_17_CB.jpg?ssl=1\"><img decoding=\"async\" src=\"https:\/\/i0.wp.com\/www.bildstoerung.tv\/blog\/wp-content\/uploads\/2018\/05\/Boxer-a-smrt_N_17_CB.jpg?resize=500%2C505&#038;ssl=1\" alt=\"szene02\" width=\"500\" height=\"505\" data-recalc-dims=\"1\" \/><br \/>\n<a href=\"https:\/\/i0.wp.com\/www.bildstoerung.tv\/blog\/wp-content\/uploads\/2018\/05\/Boxer_a_smrt_118.jpg?ssl=1\"><img decoding=\"async\" src=\"https:\/\/i0.wp.com\/www.bildstoerung.tv\/blog\/wp-content\/uploads\/2018\/05\/Boxer_a_smrt_118.jpg?resize=500%2C400&#038;ssl=1\" alt=\"szene03\" width=\"500\" height=\"400\" data-recalc-dims=\"1\" \/><br \/>\n<a href=\"https:\/\/i0.wp.com\/www.bildstoerung.tv\/blog\/wp-content\/uploads\/2018\/05\/Boxer-a-smrt_N_20_CB.jpg?ssl=1\"><img decoding=\"async\" src=\"https:\/\/i0.wp.com\/www.bildstoerung.tv\/blog\/wp-content\/uploads\/2018\/05\/Boxer-a-smrt_N_20_CB.jpg?resize=505%2C499&#038;ssl=1\" alt=\"szene04\" width=\"505\" height=\"499\" data-recalc-dims=\"1\" \/><br \/>\n<a href=\"https:\/\/i0.wp.com\/www.bildstoerung.tv\/blog\/wp-content\/uploads\/2018\/05\/Boxer-a-smrt_N_6_CB.jpg?ssl=1\"><img decoding=\"async\" src=\"https:\/\/i0.wp.com\/www.bildstoerung.tv\/blog\/wp-content\/uploads\/2018\/05\/Boxer-a-smrt_N_6_CB.jpg?resize=500%2C505&#038;ssl=1\" alt=\"szene05\" width=\"500\" height=\"505\" data-recalc-dims=\"1\" \/><br \/>\n<a href=\"https:\/\/i0.wp.com\/www.bildstoerung.tv\/blog\/wp-content\/uploads\/2018\/05\/Boxer-a-smrt_N_5_CB.jpg?ssl=1\"><img decoding=\"async\" src=\"https:\/\/i0.wp.com\/www.bildstoerung.tv\/blog\/wp-content\/uploads\/2018\/05\/Boxer-a-smrt_N_5_CB.jpg?resize=500%2C500&#038;ssl=1\" alt=\"szene06\" width=\"500\" height=\"500\" data-recalc-dims=\"1\" \/><br \/>\n<a href=\"https:\/\/i0.wp.com\/www.bildstoerung.tv\/blog\/wp-content\/uploads\/2018\/05\/Boxer-a-smrt_N_13_CB.jpg?ssl=1\"><img decoding=\"async\" src=\"https:\/\/i0.wp.com\/www.bildstoerung.tv\/blog\/wp-content\/uploads\/2018\/05\/Boxer-a-smrt_N_13_CB.jpg?resize=505%2C499&#038;ssl=1\" alt=\"szene07\" width=\"505\" height=\"499\" data-recalc-dims=\"1\" \/><\/p>\n","protected":false},"excerpt":{"rendered":"<p>Zum Download der druckf\u00e4higen Dateien einfach mit der rechten Maustaste [&hellip;]<\/p>\n","protected":false},"author":1,"featured_media":0,"parent":0,"menu_order":0,"comment_status":"closed","ping_status":"open","template":"","meta":{"om_disable_all_campaigns":false,"sfsi_plus_gutenberg_text_before_share":"","sfsi_plus_gutenberg_show_text_before_share":"","sfsi_plus_gutenberg_icon_type":"","sfsi_plus_gutenberg_icon_alignemt":"","sfsi_plus_gutenburg_max_per_row":"","_uf_show_specific_survey":0,"_uf_disable_surveys":false,"jetpack_post_was_ever_published":false,"footnotes":""},"class_list":["post-1713","page","type-page","status-publish","hentry"],"aioseo_notices":[],"jetpack_sharing_enabled":true,"jetpack_shortlink":"https:\/\/wp.me\/P5YmIz-rD","jetpack-related-posts":[],"_links":{"self":[{"href":"https:\/\/www.bildstoerung.tv\/blog\/wp-json\/wp\/v2\/pages\/1713","targetHints":{"allow":["GET"]}}],"collection":[{"href":"https:\/\/www.bildstoerung.tv\/blog\/wp-json\/wp\/v2\/pages"}],"about":[{"href":"https:\/\/www.bildstoerung.tv\/blog\/wp-json\/wp\/v2\/types\/page"}],"author":[{"embeddable":true,"href":"https:\/\/www.bildstoerung.tv\/blog\/wp-json\/wp\/v2\/users\/1"}],"replies":[{"embeddable":true,"href":"https:\/\/www.bildstoerung.tv\/blog\/wp-json\/wp\/v2\/comments?post=1713"}],"version-history":[{"count":0,"href":"https:\/\/www.bildstoerung.tv\/blog\/wp-json\/wp\/v2\/pages\/1713\/revisions"}],"wp:attachment":[{"href":"https:\/\/www.bildstoerung.tv\/blog\/wp-json\/wp\/v2\/media?parent=1713"}],"curies":[{"name":"wp","href":"https:\/\/api.w.org\/{rel}","templated":true}]}}