{"id":160,"date":"2011-06-08T17:22:02","date_gmt":"2011-06-08T15:22:02","guid":{"rendered":"http:\/\/www.bildstoerung.tv\/blog\/?page_id=160"},"modified":"2014-10-30T14:44:56","modified_gmt":"2014-10-30T12:44:56","slug":"leben-und-tod-einer-pornobande-pressedownloads","status":"publish","type":"page","link":"https:\/\/www.bildstoerung.tv\/blog\/presse\/leben-und-tod-einer-pornobande-pressedownloads\/","title":{"rendered":"LEBEN UND TOD EINER PORNOBANDE &#8211; Pressedownloads"},"content":{"rendered":"<p style=\"text-align: left;\">Zum Download der druckf\u00e4higen Dateien einfach mit der rechten Maustaste auf die Abbildungen klicken und im Men\u00fc den Punkt &#8222;Ziel speichern unter&#8230;&#8220; ausw\u00e4hlen.<\/p>\n<p class=\"MsoNormal\" style=\"text-align: center;\"><strong><br \/>\n<\/strong><\/p>\n<p class=\"MsoNormal\" style=\"text-align: center;\">\n<p class=\"MsoNormal\" style=\"text-align: center;\"><a title=\"Pornobande - Packshotdownload\" href=\"https:\/\/i0.wp.com\/www.bildstoerung.tv\/\/pressedownload\/pornogang_3d_dvd.jpg?ssl=1\" target=\"_blank\"><img decoding=\"async\" class=\"alignright\" style=\"float: right;\" src=\"https:\/\/i0.wp.com\/www.bildstoerung.tv\/\/blog\/wp-content\/uploads\/2011\/06\/pornogang_3d_dvd_klein.jpg?resize=239%2C319&#038;ssl=1\" alt=\"Pornobande 3D \" width=\"239\" height=\"319\" data-recalc-dims=\"1\" \/><\/a><\/p>\n<p class=\"MsoNormal\" style=\"text-align: center;\">\n<p>&nbsp;<\/p>\n<p class=\"MsoNormal\" style=\"text-align: center;\">\n<p class=\"MsoNormal\" style=\"text-align: center;\">\n<p class=\"MsoNormal\" style=\"text-align: center;\">\n<p class=\"MsoNormal\" style=\"text-align: center;\">\n<p class=\"MsoNormal\" style=\"text-align: center;\">\n<p class=\"MsoNormal\" style=\"text-align: center;\">\n<p class=\"MsoNormal\" style=\"text-align: center;\">\n<p class=\"MsoNormal\" style=\"text-align: center;\">\n<p class=\"MsoNormal\" style=\"text-align: center;\"><a title=\"Pornobande - Coverdownload\" href=\"https:\/\/i0.wp.com\/www.bildstoerung.tv\/\/pressedownload\/pornobande_dvd.jpg?ssl=1\" target=\"_blank\"><img decoding=\"async\" class=\"alignleft\" style=\"float: left;\" src=\"https:\/\/i0.wp.com\/www.bildstoerung.tv\/\/blog\/wp-content\/uploads\/2011\/06\/pornobande_dvd_klein.jpg?resize=240%2C332&#038;ssl=1\" alt=\"Leben und Tod einer Pornobande\" width=\"240\" height=\"332\" data-recalc-dims=\"1\" \/><\/a><\/p>\n<p class=\"MsoNormal\" style=\"text-align: center;\"><strong><br \/>\n<\/strong><\/p>\n<p class=\"MsoNormal\" style=\"text-align: center;\">\n<p class=\"MsoNormal\" style=\"text-align: center;\"><strong><br \/>\n<\/strong><\/p>\n<p class=\"MsoNormal\" style=\"text-align: center;\">\n<p class=\"MsoNormal\" style=\"text-align: center;\">\n<p class=\"MsoNormal\" style=\"text-align: center;\"><strong><br \/>\n<\/strong><\/p>\n<p class=\"MsoNormal\" style=\"text-align: center;\">\n<p class=\"MsoNormal\" style=\"text-align: center;\"><strong><br \/>\n<\/strong><\/p>\n<p class=\"MsoNormal\" style=\"text-align: center;\">\n<p class=\"MsoNormal\" style=\"text-align: center;\"><strong><br \/>\n<\/strong><\/p>\n<p class=\"MsoNormal\" style=\"text-align: center;\">\n<p class=\"MsoNormal\" style=\"text-align: center;\"><strong><br \/>\n<\/strong><\/p>\n<p class=\"MsoNormal\" style=\"text-align: center;\">\n<p class=\"MsoNormal\" style=\"text-align: center;\"><strong><br \/>\n<\/strong><\/p>\n<p class=\"MsoNormal\" style=\"text-align: center;\">\n<p class=\"MsoNormal\" style=\"text-align: center;\"><strong><br \/>\n<\/strong><\/p>\n<p class=\"MsoNormal\" style=\"text-align: center;\">\n<p class=\"MsoNormal\" style=\"text-align: center;\"><strong><br \/>\n<\/strong><\/p>\n<p class=\"MsoNormal\" style=\"text-align: center;\">\n<p class=\"MsoNormal\" style=\"text-align: center;\"><strong><br \/>\n<\/strong><\/p>\n<p class=\"MsoNormal\" style=\"text-align: center;\">\n<p class=\"MsoNormal\" style=\"text-align: center;\"><strong><br \/>\n<\/strong><\/p>\n<p class=\"MsoNormal\" style=\"text-align: center;\"><strong><br \/>\n<\/strong><\/p>\n<p class=\"MsoNormal\" style=\"text-align: center;\">\n<p class=\"MsoNormal\" style=\"text-align: center;\">\n<p class=\"MsoNormal\" style=\"text-align: center;\">\n<p class=\"MsoNormal\" style=\"text-align: center;\">\n<p class=\"MsoNormal\" style=\"text-align: center;\"><a title=\"Pornobande - Coverdownload mit FSK\" href=\"https:\/\/i0.wp.com\/www.bildstoerung.tv\/\/pressedownload\/pornobande_dvd_fsk.jpg?ssl=1\" target=\"_blank\"><img decoding=\"async\" class=\"alignleft\" style=\"float: left;\" src=\"https:\/\/i0.wp.com\/www.bildstoerung.tv\/\/blog\/wp-content\/uploads\/2011\/06\/pornobande_dvd_fsk_klein.jpg?resize=240%2C332&#038;ssl=1\" alt=\"Pornobande mit FSK\" width=\"240\" height=\"332\" data-recalc-dims=\"1\" \/><\/a><\/p>\n<p class=\"MsoNormal\" style=\"text-align: center;\"><a title=\"Pornobande - Packshotdownload mit FSK\" href=\"https:\/\/i0.wp.com\/www.bildstoerung.tv\/\/pressedownload\/pornogang_3d_dvd_fsk.jpg?ssl=1\" target=\"_blank\"><img decoding=\"async\" class=\"alignright\" style=\"float: right;\" src=\"https:\/\/i0.wp.com\/www.bildstoerung.tv\/\/blog\/wp-content\/uploads\/2011\/06\/pornogang_3d_dvd_fsk_klein.jpg?resize=239%2C319&#038;ssl=1\" alt=\"Pornobande 3D mit FSK\" width=\"239\" height=\"319\" data-recalc-dims=\"1\" \/><\/a><\/p>\n<p class=\"MsoNormal\" style=\"text-align: center;\"><strong><br \/>\n<\/strong><\/p>\n<p class=\"MsoNormal\" style=\"text-align: center;\"><strong><br \/>\n<\/strong><\/p>\n<p class=\"MsoNormal\" style=\"text-align: center;\">\n<p class=\"MsoNormal\" style=\"text-align: center;\">\n<p class=\"MsoNormal\" style=\"text-align: center;\">\n<p class=\"MsoNormal\" style=\"text-align: center;\">\n<p>&nbsp;<\/p>\n<p class=\"MsoNormal\" style=\"text-align: center;\">\n<p class=\"MsoNormal\" style=\"text-align: center;\">\n<p class=\"MsoNormal\" style=\"text-align: center;\">\n<p class=\"MsoNormal\" style=\"text-align: center;\">\n<p class=\"MsoNormal\" style=\"text-align: center;\">\n<p>&nbsp;<\/p>\n<p>&nbsp;<\/p>\n<p><a title=\"Possession 2\" href=\"https:\/\/www.bildstoerung.tv\/\/pressedownload\/possession%20rc%20%2011.tif\" target=\"_blank\"><br \/>\n<\/a><\/p>\n<p class=\"MsoNormal\" style=\"text-align: center;\"><strong><br \/>\n<\/strong><\/p>\n<p class=\"MsoNormal\" style=\"text-align: center;\">\n<p class=\"MsoNormal\" style=\"text-align: center;\"><strong><br \/>\n<\/strong><\/p>\n<p class=\"MsoNormal\" style=\"text-align: center;\">\n<p class=\"MsoNormal\" style=\"text-align: center;\"><strong><br \/>\n<\/strong><\/p>\n<p class=\"MsoNormal\" style=\"text-align: center;\">\n<p class=\"MsoNormal\" style=\"text-align: center;\"><strong><br \/>\n<\/strong><\/p>\n<p class=\"MsoNormal\" style=\"text-align: center;\">\n<p class=\"MsoNormal\" style=\"text-align: center;\"><strong><br \/>\n<\/strong><\/p>\n<p class=\"MsoNormal\" style=\"text-align: center;\">\n<p class=\"MsoNormal\" style=\"text-align: center;\"><strong><br \/>\n<\/strong><\/p>\n<p class=\"MsoNormal\" style=\"text-align: center;\">\n<p class=\"MsoNormal\" style=\"text-align: center;\"><strong><br \/>\n<\/strong><\/p>\n<p class=\"MsoNormal\" style=\"text-align: center;\"><strong><br \/>\n<\/strong><\/p>\n<p class=\"MsoNormal\" style=\"text-align: center;\"><strong><br \/>\n<\/strong><\/p>\n<p class=\"MsoNormal\" style=\"text-align: center;\"><strong><br \/>\n<\/strong><\/p>\n<p class=\"MsoNormal\" style=\"text-align: center;\">\n<p class=\"MsoNormal\" style=\"text-align: center;\"><a title=\"Pornobande - BLU-RAY - Packshotdownload\" href=\"https:\/\/i0.wp.com\/www.bildstoerung.tv\/\/pressedownload\/pornogang_3d_br.jpg?ssl=1\" target=\"_blank\"><img decoding=\"async\" class=\"alignright\" style=\"float: right;\" src=\"https:\/\/i0.wp.com\/www.bildstoerung.tv\/\/blog\/wp-content\/uploads\/2011\/06\/pornogang_3d_br_klein.jpg?resize=239%2C319&#038;ssl=1\" alt=\"Pornobande BLU-RAY 3D \" width=\"239\" height=\"319\" data-recalc-dims=\"1\" \/><\/a><\/p>\n<p class=\"MsoNormal\" style=\"text-align: center;\">\n<p>&nbsp;<\/p>\n<p class=\"MsoNormal\" style=\"text-align: center;\">\n<p class=\"MsoNormal\" style=\"text-align: center;\">\n<p class=\"MsoNormal\" style=\"text-align: center;\">\n<p class=\"MsoNormal\" style=\"text-align: center;\">\n<p class=\"MsoNormal\" style=\"text-align: center;\">\n<p class=\"MsoNormal\" style=\"text-align: center;\">\n<p class=\"MsoNormal\" style=\"text-align: center;\">\n<p class=\"MsoNormal\" style=\"text-align: center;\">\n<p class=\"MsoNormal\" style=\"text-align: center;\"><a title=\"Pornobande - BLU-RAY - Coverdownload\" href=\"https:\/\/i0.wp.com\/www.bildstoerung.tv\/\/pressedownload\/pornobande_br.jpg?ssl=1\" target=\"_blank\"><img decoding=\"async\" class=\"alignleft\" style=\"float: left;\" src=\"https:\/\/i0.wp.com\/www.bildstoerung.tv\/\/blog\/wp-content\/uploads\/2011\/06\/pornobande_br_klein.jpg?resize=240%2C332&#038;ssl=1\" alt=\"Pornobande BLU-RAY\" width=\"240\" height=\"332\" data-recalc-dims=\"1\" \/><\/a><\/p>\n<p class=\"MsoNormal\" style=\"text-align: center;\"><strong><br \/>\n<\/strong><\/p>\n<p class=\"MsoNormal\" style=\"text-align: center;\">\n<p class=\"MsoNormal\" style=\"text-align: center;\"><strong><br \/>\n<\/strong><\/p>\n<p class=\"MsoNormal\" style=\"text-align: center;\">\n<p class=\"MsoNormal\" style=\"text-align: center;\">\n<p class=\"MsoNormal\" style=\"text-align: center;\"><strong><br \/>\n<\/strong><\/p>\n<p class=\"MsoNormal\" style=\"text-align: center;\">\n<p class=\"MsoNormal\" style=\"text-align: center;\"><strong><br \/>\n<\/strong><\/p>\n<p class=\"MsoNormal\" style=\"text-align: center;\">\n<p class=\"MsoNormal\" style=\"text-align: center;\"><strong><br \/>\n<\/strong><\/p>\n<p class=\"MsoNormal\" style=\"text-align: center;\">\n<p class=\"MsoNormal\" style=\"text-align: center;\"><strong><br \/>\n<\/strong><\/p>\n<p class=\"MsoNormal\" style=\"text-align: center;\">\n<p class=\"MsoNormal\" style=\"text-align: center;\"><strong><br \/>\n<\/strong><\/p>\n<p class=\"MsoNormal\" style=\"text-align: center;\">\n<p class=\"MsoNormal\" style=\"text-align: center;\"><strong><br \/>\n<\/strong><\/p>\n<p class=\"MsoNormal\" style=\"text-align: center;\">\n<p class=\"MsoNormal\" style=\"text-align: center;\"><strong><br \/>\n<\/strong><\/p>\n<p class=\"MsoNormal\" style=\"text-align: center;\">\n<p class=\"MsoNormal\" style=\"text-align: center;\"><strong><br \/>\n<\/strong><\/p>\n<p class=\"MsoNormal\" style=\"text-align: center;\">\n<p class=\"MsoNormal\" style=\"text-align: center;\"><strong><br \/>\n<\/strong><\/p>\n<p class=\"MsoNormal\" style=\"text-align: center;\"><strong><br \/>\n<\/strong><\/p>\n<p class=\"MsoNormal\" style=\"text-align: center;\">\n<p class=\"MsoNormal\" style=\"text-align: center;\">\n<p class=\"MsoNormal\" style=\"text-align: center;\">\n<p class=\"MsoNormal\" style=\"text-align: center;\">\n<p class=\"MsoNormal\" style=\"text-align: center;\"><a title=\"Pornobande - BLU-RAY - Coverdownload mit FSK\" href=\"https:\/\/i0.wp.com\/www.bildstoerung.tv\/\/pressedownload\/pornobande_br_fsk.jpg?ssl=1\" target=\"_blank\"><img decoding=\"async\" class=\"alignleft\" style=\"float: left;\" src=\"https:\/\/i0.wp.com\/www.bildstoerung.tv\/\/blog\/wp-content\/uploads\/2011\/06\/pornobande_br_fsk_klein.jpg?resize=240%2C332&#038;ssl=1\" alt=\"Pornobande BLU-RAY mit FSK\" width=\"240\" height=\"332\" data-recalc-dims=\"1\" \/><\/a><\/p>\n<p class=\"MsoNormal\" style=\"text-align: center;\"><a title=\"Pornobande - BLU-RAY - Packshotdownload mit FSK\" href=\"https:\/\/i0.wp.com\/www.bildstoerung.tv\/\/pressedownload\/pornogang_3d_fsk.jpg?ssl=1\" target=\"_blank\"><img decoding=\"async\" class=\"alignright\" style=\"float: right;\" src=\"https:\/\/i0.wp.com\/www.bildstoerung.tv\/\/blog\/wp-content\/uploads\/2011\/06\/pornogang_3d_fsk_klein.jpg?resize=239%2C319&#038;ssl=1\" alt=\"Pornobande BLU-RAY 3D mit FSK\" width=\"239\" height=\"319\" data-recalc-dims=\"1\" \/><\/a><\/p>\n<p class=\"MsoNormal\" style=\"text-align: center;\"><strong><br \/>\n<\/strong><\/p>\n<p class=\"MsoNormal\" style=\"text-align: center;\"><strong><br \/>\n<\/strong><\/p>\n<p class=\"MsoNormal\" style=\"text-align: center;\">\n<p class=\"MsoNormal\" style=\"text-align: center;\">\n<p class=\"MsoNormal\" style=\"text-align: center;\">\n<p class=\"MsoNormal\" style=\"text-align: center;\">\n<p>&nbsp;<\/p>\n<p class=\"MsoNormal\" style=\"text-align: center;\">\n<p class=\"MsoNormal\" style=\"text-align: center;\">\n<p class=\"MsoNormal\" style=\"text-align: center;\">\n<p class=\"MsoNormal\" style=\"text-align: center;\">\n<p class=\"MsoNormal\" style=\"text-align: center;\">\n<p>&nbsp;<\/p>\n<p>&nbsp;<\/p>\n<p><a title=\"Possession 2\" href=\"https:\/\/www.bildstoerung.tv\/\/pressedownload\/possession%20rc%20%2011.tif\" target=\"_blank\"><br \/>\n<\/a><\/p>\n<p class=\"MsoNormal\" style=\"text-align: center;\"><strong><br \/>\n<\/strong><\/p>\n<p class=\"MsoNormal\" style=\"text-align: center;\">\n<p class=\"MsoNormal\" style=\"text-align: center;\"><strong><br \/>\n<\/strong><\/p>\n<p class=\"MsoNormal\" style=\"text-align: center;\">\n<p class=\"MsoNormal\" style=\"text-align: center;\"><strong><br \/>\n<\/strong><\/p>\n<p class=\"MsoNormal\" style=\"text-align: center;\">\n<p class=\"MsoNormal\" style=\"text-align: center;\"><strong><br \/>\n<\/strong><\/p>\n<p class=\"MsoNormal\" style=\"text-align: center;\">\n<p class=\"MsoNormal\" style=\"text-align: center;\"><strong><br \/>\n<\/strong><\/p>\n<p class=\"MsoNormal\" style=\"text-align: center;\">\n<p class=\"MsoNormal\" style=\"text-align: center;\"><strong><br \/>\n<\/strong><\/p>\n<p class=\"MsoNormal\" style=\"text-align: center;\">\n<p class=\"MsoNormal\" style=\"text-align: center;\"><strong><br \/>\n<\/strong><\/p>\n<p class=\"MsoNormal\" style=\"text-align: center;\"><strong><br \/>\n<\/strong><\/p>\n<p class=\"MsoNormal\" style=\"text-align: center;\"><strong><br \/>\n<\/strong><\/p>\n<p class=\"MsoNormal\" style=\"text-align: center;\"><strong><br \/>\n<\/strong><\/p>\n<p class=\"MsoNormal\" style=\"text-align: center;\"><strong><br \/>\n<\/strong><\/p>\n<p class=\"MsoNormal\" style=\"text-align: center;\"><strong><br \/>\n<\/strong><\/p>\n<p class=\"MsoNormal\" style=\"text-align: center;\">\n<p class=\"MsoNormal\" style=\"text-align: center;\">\n<p class=\"MsoNormal\" style=\"text-align: center;\">\n<p class=\"MsoNormal\" style=\"text-align: center;\">\n<p class=\"MsoNormal\" style=\"text-align: center;\">\n<p class=\"MsoNormal\" style=\"text-align: center;\"><strong><br \/>\n<\/strong><\/p>\n<p class=\"MsoNormal\" style=\"text-align: center;\">\n<p class=\"MsoNormal\" style=\"text-align: center;\">\n<p class=\"MsoNormal\" style=\"text-align: center;\"><a title=\"Valerie - Bild 2\" href=\"https:\/\/www.bildstoerung.tv\/\/pressedownload\/Valerie%20Foto%201.jpg\" target=\"_blank\"><br \/>\n<\/a><\/p>\n<p class=\"MsoNormal\" style=\"text-align: center;\">\n<p><strong>SCREENSHOTS:<\/strong><\/p>\n<p class=\"MsoNormal\" style=\"text-align: center;\"><strong><br \/>\n<\/strong><\/p>\n<p class=\"MsoNormal\" style=\"text-align: center;\"><a title=\"Pornobande - Screen 1\" href=\"https:\/\/www.bildstoerung.tv\/\/pressedownload\/ZIVOT I SRMT_1.jpg\" target=\"_blank\"><img decoding=\"async\" class=\"alignleft\" style=\"float: left;\" src=\"https:\/\/www.bildstoerung.tv\/\/blog\/wp-content\/uploads\/2011\/06\/ZIVOT I SRMT_1_klein.jpg\" alt=\"Pornobande - Screen 1\" width=\"271\" height=\"142\" \/><\/a><\/p>\n<p class=\"MsoNormal\" style=\"text-align: center;\">\n<p class=\"MsoNormal\" style=\"text-align: center;\">\n<p class=\"MsoNormal\" style=\"text-align: center;\">\n<p class=\"MsoNormal\" style=\"text-align: center;\">\n<p class=\"MsoNormal\" style=\"text-align: center;\">\n<p class=\"MsoNormal\" style=\"text-align: center;\"><a title=\"Pornobande - Screen 2\" href=\"https:\/\/www.bildstoerung.tv\/\/pressedownload\/ZIVOT I SRMT_2.jpg\" target=\"_blank\"><img decoding=\"async\" src=\"https:\/\/www.bildstoerung.tv\/\/blog\/wp-content\/uploads\/2011\/06\/ZIVOT I SRMT_2_klein.jpg\" alt=\"Pornobande - Screen 2\" width=\"271\" height=\"142\" \/><\/a><\/p>\n<p class=\"MsoNormal\" style=\"text-align: center;\">\n<p class=\"MsoNormal\" style=\"text-align: center;\"><strong><br \/>\n<\/strong><\/p>\n<p class=\"MsoNormal\" style=\"text-align: center;\"><a title=\"Pornobande - Screen 3\" href=\"https:\/\/www.bildstoerung.tv\/\/pressedownload\/ZIVOT I SRMT_3.jpg\" target=\"_blank\"><img decoding=\"async\" class=\"alignleft\" style=\"float: left;\" src=\"https:\/\/www.bildstoerung.tv\/\/blog\/wp-content\/uploads\/2011\/06\/ZIVOT I SRMT_3_klein.jpg\" alt=\"Pornobande - Screen 3\" width=\"271\" height=\"142\" \/><\/a><\/p>\n<p class=\"MsoNormal\" style=\"text-align: center;\"><a title=\"Pornobande - Screen 4\" href=\"https:\/\/www.bildstoerung.tv\/\/pressedownload\/ZIVOT I SRMT_4.jpg\" target=\"_blank\"><img decoding=\"async\" src=\"https:\/\/www.bildstoerung.tv\/\/blog\/wp-content\/uploads\/2011\/06\/ZIVOT I SRMT_4_klein.jpg\" alt=\"Pornobande - Screen 4\" width=\"271\" height=\"142\" \/><\/a><\/p>\n<p class=\"MsoNormal\" style=\"text-align: center;\"><strong><br \/>\n<\/strong><\/p>\n<p class=\"MsoNormal\" style=\"text-align: center;\"><a title=\"Pornobande - Screen 5\" href=\"https:\/\/www.bildstoerung.tv\/\/pressedownload\/ZIVOT I SRMT_5.jpg\" target=\"_blank\"><img decoding=\"async\" class=\"alignleft\" style=\"float: left;\" src=\"https:\/\/www.bildstoerung.tv\/\/blog\/wp-content\/uploads\/2011\/06\/ZIVOT I SRMT_5_klein.jpg\" alt=\"Pornobande - Screen 5\" width=\"271\" height=\"142\" \/><\/a><\/p>\n<p class=\"MsoNormal\" style=\"text-align: center;\"><a title=\"Pornobande - Screen 6\" href=\"https:\/\/www.bildstoerung.tv\/\/pressedownload\/ZIVOT I SRMT_6.jpg\" target=\"_blank\"><img decoding=\"async\" src=\"https:\/\/www.bildstoerung.tv\/\/blog\/wp-content\/uploads\/2011\/06\/ZIVOT I SRMT_6_klein.jpg\" alt=\"Pornobande - Screen 6\" width=\"271\" height=\"142\" \/><\/a><\/p>\n<p class=\"MsoNormal\" style=\"text-align: center;\">\n<p class=\"MsoNormal\" style=\"text-align: center;\">\n<p class=\"MsoNormal\" style=\"text-align: center;\">\n<p class=\"MsoNormal\" style=\"text-align: center;\">\n<p class=\"MsoNormal\" style=\"text-align: center;\">\n<p class=\"MsoNormal\" style=\"text-align: center;\"><strong><br \/>\n<\/strong><\/p>\n<p class=\"MsoNormal\" style=\"text-align: center;\"><a title=\"Pornobande - Screen 7\" href=\"https:\/\/www.bildstoerung.tv\/\/pressedownload\/ZIVOT I SRMT_7.jpg\" target=\"_blank\"><img decoding=\"async\" class=\"alignleft\" style=\"float: left;\" src=\"https:\/\/www.bildstoerung.tv\/\/blog\/wp-content\/uploads\/2011\/06\/ZIVOT I SRMT_7_klein.jpg\" alt=\"Pornobande - Screen 7\" width=\"271\" height=\"142\" \/><\/a><\/p>\n<p class=\"MsoNormal\" style=\"text-align: center;\"><a title=\"Pornobande - Screen 8\" href=\"https:\/\/www.bildstoerung.tv\/\/pressedownload\/ZIVOT I SRMT_8.jpg\" target=\"_blank\"><img decoding=\"async\" src=\"https:\/\/www.bildstoerung.tv\/\/blog\/wp-content\/uploads\/2011\/06\/ZIVOT I SRMT_8_klein.jpg\" alt=\"Pornobande - Screen 8\" width=\"271\" height=\"142\" \/><\/a><\/p>\n<p class=\"MsoNormal\" style=\"text-align: center;\">\n<p class=\"MsoNormal\" style=\"text-align: center;\">\n<p class=\"MsoNormal\" style=\"text-align: center;\">\n<p class=\"MsoNormal\" style=\"text-align: center;\">\n<p class=\"MsoNormal\" style=\"text-align: center;\">\n<p class=\"MsoNormal\" style=\"text-align: center;\">\n<p class=\"MsoNormal\" style=\"text-align: center;\"><strong><br \/>\n<\/strong><\/p>\n<p class=\"MsoNormal\" style=\"text-align: center;\"><a title=\"Pornobande - Screen 9\" href=\"https:\/\/www.bildstoerung.tv\/\/pressedownload\/ZIVOT I SRMT_9.jpg\" target=\"_blank\"><img decoding=\"async\" class=\"alignleft\" style=\"float: left;\" src=\"https:\/\/www.bildstoerung.tv\/\/blog\/wp-content\/uploads\/2011\/06\/ZIVOT I SRMT_9_klein.jpg\" alt=\"Pornobande - Screen 9\" width=\"271\" height=\"142\" \/><\/a><\/p>\n<p class=\"MsoNormal\" style=\"text-align: center;\"><a title=\"Pornobande - Screen 10\" href=\"https:\/\/www.bildstoerung.tv\/\/pressedownload\/ZIVOT I SRMT_10.jpg\" target=\"_blank\"><img decoding=\"async\" src=\"https:\/\/www.bildstoerung.tv\/\/blog\/wp-content\/uploads\/2011\/06\/ZIVOT I SRMT_10_klein.jpg\" alt=\"Pornobande - Screen 10\" width=\"271\" height=\"142\" \/><\/a><\/p>\n<p class=\"MsoNormal\" style=\"text-align: center;\">\n<p class=\"MsoNormal\" style=\"text-align: center;\">\n<p class=\"MsoNormal\" style=\"text-align: center;\">\n<p class=\"MsoNormal\" style=\"text-align: center;\">\n<p class=\"MsoNormal\" style=\"text-align: center;\">\n<p class=\"MsoNormal\" style=\"text-align: center;\">\n<p class=\"MsoNormal\" style=\"text-align: center;\"><strong><br \/>\n<\/strong><\/p>\n<p class=\"MsoNormal\" style=\"text-align: center;\"><a title=\"Pornobande - Screen 11\" href=\"https:\/\/www.bildstoerung.tv\/\/pressedownload\/ZIVOT I SRMT_11.jpg\" target=\"_blank\"><img decoding=\"async\" class=\"alignleft\" style=\"float: left;\" src=\"https:\/\/www.bildstoerung.tv\/\/blog\/wp-content\/uploads\/2011\/06\/ZIVOT I SRMT_11_klein.jpg\" alt=\"Pornobande - Screen 11\" width=\"271\" height=\"142\" \/><\/a><\/p>\n<p class=\"MsoNormal\" style=\"text-align: center;\"><a title=\"Pornobande - Screen 12\" href=\"https:\/\/www.bildstoerung.tv\/\/pressedownload\/ZIVOT I SRMT_12.jpg\" target=\"_blank\"><img decoding=\"async\" src=\"https:\/\/www.bildstoerung.tv\/\/blog\/wp-content\/uploads\/2011\/06\/ZIVOT I SRMT_12_klein.jpg\" alt=\"Pornobande - Screen 12\" width=\"271\" height=\"142\" \/><\/a><\/p>\n<p class=\"MsoNormal\" style=\"text-align: center;\">\n<p class=\"MsoNormal\" style=\"text-align: center;\">\n<p class=\"MsoNormal\" style=\"text-align: center;\">\n<p class=\"MsoNormal\" style=\"text-align: center;\">\n<p class=\"MsoNormal\" style=\"text-align: center;\">\n<p class=\"MsoNormal\" style=\"text-align: center;\">\n<p class=\"MsoNormal\" style=\"text-align: center;\"><a title=\"Arrebato - Screen 8\" href=\"https:\/\/www.bildstoerung.tv\/\/pressedownload\/Arrebato%208.jpg\" target=\"_blank\"><br \/>\n<\/a><\/p>\n<p class=\"MsoNormal\" style=\"text-align: center;\">\n<p class=\"MsoNormal\" style=\"text-align: center;\">\n<p class=\"MsoNormal\" style=\"text-align: center;\">\n<p class=\"MsoNormal\" style=\"text-align: center;\"><strong><br \/>\n<\/strong><\/p>\n<p class=\"MsoNormal\" style=\"text-align: center;\">\n<p class=\"MsoNormal\" style=\"text-align: center;\">\n<p class=\"MsoNormal\" style=\"text-align: center;\"><strong><br \/>\n<\/strong><\/p>\n<p class=\"MsoNormal\" style=\"text-align: center;\"><strong><br \/>\n<\/strong><\/p>\n<p class=\"MsoNormal\"><strong><span style=\"font-size: 10pt; font-family: Verdana;\">Bitte folgende Copyrighthinweise beachten:<\/span><\/strong><\/p>\n<p class=\"MsoNormal\">\n<p class=\"MsoNormal\"><strong><span style=\"font-size: 10pt; font-family: Verdana;\">DVD-Cover: \u00a9 2011 BILDST\u00d6RUNG<\/span><\/strong><\/p>\n<p><strong><span style=\"font-size: 10pt; font-family: Verdana;\">Szenenfotos: \u00a9 2008 BA\u0160 \u010cELIK <\/span><\/strong><\/p>\n","protected":false},"excerpt":{"rendered":"<p>Zum Download der druckf\u00e4higen Dateien einfach mit der rechten Maustaste [&hellip;]<\/p>\n","protected":false},"author":1,"featured_media":0,"parent":45,"menu_order":0,"comment_status":"closed","ping_status":"closed","template":"","meta":{"om_disable_all_campaigns":false,"sfsi_plus_gutenberg_text_before_share":"","sfsi_plus_gutenberg_show_text_before_share":"","sfsi_plus_gutenberg_icon_type":"","sfsi_plus_gutenberg_icon_alignemt":"","sfsi_plus_gutenburg_max_per_row":"","_uf_show_specific_survey":0,"_uf_disable_surveys":false,"jetpack_post_was_ever_published":false,"footnotes":""},"class_list":["post-160","page","type-page","status-publish","hentry"],"aioseo_notices":[],"jetpack_sharing_enabled":true,"jetpack_shortlink":"https:\/\/wp.me\/P5YmIz-2A","jetpack-related-posts":[],"_links":{"self":[{"href":"https:\/\/www.bildstoerung.tv\/blog\/wp-json\/wp\/v2\/pages\/160","targetHints":{"allow":["GET"]}}],"collection":[{"href":"https:\/\/www.bildstoerung.tv\/blog\/wp-json\/wp\/v2\/pages"}],"about":[{"href":"https:\/\/www.bildstoerung.tv\/blog\/wp-json\/wp\/v2\/types\/page"}],"author":[{"embeddable":true,"href":"https:\/\/www.bildstoerung.tv\/blog\/wp-json\/wp\/v2\/users\/1"}],"replies":[{"embeddable":true,"href":"https:\/\/www.bildstoerung.tv\/blog\/wp-json\/wp\/v2\/comments?post=160"}],"version-history":[{"count":0,"href":"https:\/\/www.bildstoerung.tv\/blog\/wp-json\/wp\/v2\/pages\/160\/revisions"}],"up":[{"embeddable":true,"href":"https:\/\/www.bildstoerung.tv\/blog\/wp-json\/wp\/v2\/pages\/45"}],"wp:attachment":[{"href":"https:\/\/www.bildstoerung.tv\/blog\/wp-json\/wp\/v2\/media?parent=160"}],"curies":[{"name":"wp","href":"https:\/\/api.w.org\/{rel}","templated":true}]}}