{"id":1473,"date":"2016-12-19T19:48:35","date_gmt":"2016-12-19T17:48:35","guid":{"rendered":"http:\/\/www.bildstoerung.tv\/blog\/?page_id=1473"},"modified":"2017-07-06T17:17:15","modified_gmt":"2017-07-06T15:17:15","slug":"eyes-of-my-mother-presse","status":"publish","type":"page","link":"https:\/\/www.bildstoerung.tv\/blog\/eyes-of-my-mother-presse\/","title":{"rendered":"Eyes of my Mother -Presse"},"content":{"rendered":"<p style=\"text-align: left;\">Zum Download der druckf\u00e4higen Dateien einfach mit der rechten Maustaste auf die Abbildungen klicken und im Men\u00fc den Punkt &#8222;Ziel speichern unter&#8230;&#8220; ausw\u00e4hlen.<\/p>\n<p style=\"text-align: left;\">Das Presseheft finden Sie hier:<\/p>\n<p><a href=\"https:\/\/www.bildstoerung.tv\/\/pressedownload\/Presseheft_THE_EYES_OF_MY_MOTHER.pdf\">https:\/\/www.bildstoerung.tv\/\/pressedownload\/Presseheft_THE_EYES_OF_MY_MOTHER.pdf<\/a><\/p>\n<p style=\"text-align: left;\">Der deutsche Trailer auf Youtube:<\/p>\n<p><a href=\"https:\/\/www.youtube.com\/watch?v=RVPz2pgsqKM\">https:\/\/www.youtube.com\/watch?v=RVPz2pgsqKM<\/a><\/p>\n<p style=\"text-align: left;\">Der Original-Trailer mit Untertiteln auf Youtube:<\/p>\n<p><a href=\"https:\/\/www.youtube.com\/watch?v=noe3FLlIrY4&#038;t\">https:\/\/www.youtube.com\/watch?v=noe3FLlIrY4&#038;t<\/a><\/p>\n<p style=\"text-align: left;\">Bitte beachten Sie die folgenden Copyrightlines:<br \/>\nPoster &#038; Packshots: Bildst\u00f6rung<br \/>\nSzenenfotos: \u00a9 2016 Eyes of Mother, LLC. <\/p>\n<hr \/>\n<p style=\"text-align: left;\">DVD &#038; Blu-ray: The Eyes of my Mother: <\/p>\n<div class=\"su-row\">\n<div class=\"su-column su-column-size-1-2\"><div class=\"su-column-inner su-u-clearfix su-u-trim\">\n<a href=\"https:\/\/i0.wp.com\/www.bildstoerung.tv\/blog\/wp-content\/uploads\/2017\/07\/eyes_dvd.jpg?ssl=1\"><img decoding=\"async\" src=\"https:\/\/i0.wp.com\/www.bildstoerung.tv\/blog\/wp-content\/uploads\/2017\/07\/eyes_dvd.jpg?resize=266%2C364&#038;ssl=1\" alt=\"DVD 2D\" width=\"266\" height=\"364\" data-recalc-dims=\"1\" \/> <\/div><\/div>\n<div class=\"su-column su-column-size-2-2\"><div class=\"su-column-inner su-u-clearfix su-u-trim\">\n<a href=\"https:\/\/i0.wp.com\/www.bildstoerung.tv\/blog\/wp-content\/uploads\/2017\/07\/eyes_bd.jpg?ssl=1\"><img decoding=\"async\" src=\"https:\/\/i0.wp.com\/www.bildstoerung.tv\/blog\/wp-content\/uploads\/2017\/07\/eyes_bd.jpg?resize=266%2C364&#038;ssl=1\" alt=\"Blu-ray 2D\" width=\"266\" height=\"364\" data-recalc-dims=\"1\" \/> <\/div><\/div>\n<\/div><\/a><br \/>\n<div class=\"su-row\">\n<div class=\"su-column su-column-size-1-2\"><div class=\"su-column-inner su-u-clearfix su-u-trim\">\n<a href=\"https:\/\/i0.wp.com\/www.bildstoerung.tv\/blog\/wp-content\/uploads\/2017\/07\/eyes_3d_dvd.jpg?ssl=1\"><img decoding=\"async\" src=\"https:\/\/i0.wp.com\/www.bildstoerung.tv\/blog\/wp-content\/uploads\/2017\/07\/eyes_3d_dvd.jpg?resize=266%2C379&#038;ssl=1\" alt=\"DVD 3D\" width=\"266\" height=\"379\" data-recalc-dims=\"1\" \/> <\/div><\/div>\n<div class=\"su-column su-column-size-2-2\"><div class=\"su-column-inner su-u-clearfix su-u-trim\">\n<a href=\"https:\/\/i0.wp.com\/www.bildstoerung.tv\/blog\/wp-content\/uploads\/2017\/07\/eyes_3d_bd.jpg?ssl=1\"><img decoding=\"async\" src=\"https:\/\/i0.wp.com\/www.bildstoerung.tv\/blog\/wp-content\/uploads\/2017\/07\/eyes_3d_bd.jpg?resize=266%2C379&#038;ssl=1\" alt=\"Blu-ray 3D\" width=\"266\" height=\"379\" data-recalc-dims=\"1\" \/> <\/div><\/div>\n<\/div><\/a><\/p>\n<hr \/>\n<p style=\"text-align: left;\">Kinoposter The Eyes of my Mother: <\/p>\n<div class=\"su-row\">\n<div class=\"su-column su-column-size-1-2\"><div class=\"su-column-inner su-u-clearfix su-u-trim\">\n<a href=\"https:\/\/i0.wp.com\/www.bildstoerung.tv\/blog\/wp-content\/uploads\/2016\/12\/poster_eyesofmymother_rgb.jpg?ssl=1\"><img decoding=\"async\" src=\"https:\/\/i0.wp.com\/www.bildstoerung.tv\/blog\/wp-content\/uploads\/2016\/12\/poster_eyesofmymother_rgb.jpg?resize=266%2C376&#038;ssl=1\" alt=\"Poster\" width=\"266\" height=\"376\" data-recalc-dims=\"1\" \/> <\/div><\/div>\n<div class=\"su-column su-column-size-2-2\"><div class=\"su-column-inner su-u-clearfix su-u-trim\">\n<\/div><\/div>\n<\/div><\/a><\/p>\n<hr \/>\n<p style=\"text-align: left;\">Regisseur Nicolas Pesce: <\/p>\n<p><a href=\"https:\/\/i0.wp.com\/www.bildstoerung.tv\/blog\/wp-content\/uploads\/2016\/12\/6.jpg?ssl=1\"><img decoding=\"async\" src=\"https:\/\/i0.wp.com\/www.bildstoerung.tv\/blog\/wp-content\/uploads\/2016\/12\/6.jpg?resize=234%2C300&#038;ssl=1\" alt=\"Nicolas Pesce\" width=\"234\" height=\"300\" data-recalc-dims=\"1\" \/><\/p>\n<hr \/>\n<p style=\"text-align: left;\">Szenenfotos The Eyes of My Mother: <\/p>\n<p><a href=\"https:\/\/i0.wp.com\/www.bildstoerung.tv\/blog\/wp-content\/uploads\/2016\/12\/EyesOfMyMotherThe_feat_1080psf2398_239_EN51_EN20_txtd_nonsub_89080.jpg?ssl=1\"><img decoding=\"async\" src=\"https:\/\/i0.wp.com\/www.bildstoerung.tv\/blog\/wp-content\/uploads\/2016\/12\/EyesOfMyMotherThe_feat_1080psf2398_239_EN51_EN20_txtd_nonsub_89080.jpg?resize=550%2C230&#038;ssl=1\" alt=\"szene01\" width=\"550\" height=\"230\" data-recalc-dims=\"1\" \/><br \/>\n<a href=\"https:\/\/i0.wp.com\/www.bildstoerung.tv\/blog\/wp-content\/uploads\/2016\/12\/EyesOfMyMotherThe_feat_1080psf2398_239_EN51_EN20_txtd_nonsub_93163.jpg?ssl=1\"><img decoding=\"async\" src=\"https:\/\/i0.wp.com\/www.bildstoerung.tv\/blog\/wp-content\/uploads\/2016\/12\/EyesOfMyMotherThe_feat_1080psf2398_239_EN51_EN20_txtd_nonsub_93163.jpg?resize=550%2C230&#038;ssl=1\" alt=\"szene02\" width=\"550\" height=\"230\" data-recalc-dims=\"1\" \/><br \/>\n<a href=\"https:\/\/i0.wp.com\/www.bildstoerung.tv\/blog\/wp-content\/uploads\/2016\/12\/EyesOfMyMotherThe_feat_1080psf2398_239_EN51_EN20_txtd_nonsub_93912.jpg?ssl=1\"><img decoding=\"async\" src=\"https:\/\/i0.wp.com\/www.bildstoerung.tv\/blog\/wp-content\/uploads\/2016\/12\/EyesOfMyMotherThe_feat_1080psf2398_239_EN51_EN20_txtd_nonsub_93912.jpg?resize=550%2C230&#038;ssl=1\" alt=\"szene03\" width=\"550\" height=\"230\" data-recalc-dims=\"1\" \/><br \/>\n<a href=\"https:\/\/i0.wp.com\/www.bildstoerung.tv\/blog\/wp-content\/uploads\/2016\/12\/EyesOfMyMotherThe_feat_1080psf2398_239_EN51_EN20_txtd_nonsub_101717_101790.jpg?ssl=1\"><img decoding=\"async\" src=\"https:\/\/i0.wp.com\/www.bildstoerung.tv\/blog\/wp-content\/uploads\/2016\/12\/EyesOfMyMotherThe_feat_1080psf2398_239_EN51_EN20_txtd_nonsub_101717_101790.jpg?resize=550%2C230&#038;ssl=1\" alt=\"szene04\" width=\"550\" height=\"230\" data-recalc-dims=\"1\" \/><br \/>\n<a href=\"https:\/\/i0.wp.com\/www.bildstoerung.tv\/blog\/wp-content\/uploads\/2016\/12\/EyesOfMyMotherThe_feat_1080psf2398_239_EN51_EN20_txtd_nonsub_103976.jpg?ssl=1\"><img decoding=\"async\" src=\"https:\/\/i0.wp.com\/www.bildstoerung.tv\/blog\/wp-content\/uploads\/2016\/12\/EyesOfMyMotherThe_feat_1080psf2398_239_EN51_EN20_txtd_nonsub_103976.jpg?resize=550%2C230&#038;ssl=1\" alt=\"szene05\" width=\"550\" height=\"230\" data-recalc-dims=\"1\" \/><br \/>\n<a href=\"https:\/\/i0.wp.com\/www.bildstoerung.tv\/blog\/wp-content\/uploads\/2016\/12\/EyesOfMyMotherThe_feat_1080psf2398_239_EN51_EN20_txtd_nonsub_105814.jpg?ssl=1\"><img decoding=\"async\" src=\"https:\/\/i0.wp.com\/www.bildstoerung.tv\/blog\/wp-content\/uploads\/2016\/12\/EyesOfMyMotherThe_feat_1080psf2398_239_EN51_EN20_txtd_nonsub_105814.jpg?resize=550%2C230&#038;ssl=1\" alt=\"szene06\" width=\"550\" height=\"230\" data-recalc-dims=\"1\" \/><br \/>\n<a href=\"https:\/\/i0.wp.com\/www.bildstoerung.tv\/blog\/wp-content\/uploads\/2016\/12\/EyesOfMyMotherThe_feat_1080psf2398_239_EN51_EN20_txtd_nonsub_106219.jpg?ssl=1\"><img decoding=\"async\" src=\"https:\/\/i0.wp.com\/www.bildstoerung.tv\/blog\/wp-content\/uploads\/2016\/12\/EyesOfMyMotherThe_feat_1080psf2398_239_EN51_EN20_txtd_nonsub_106219.jpg?resize=550%2C230&#038;ssl=1\" alt=\"szene07\" width=\"550\" height=\"230\" data-recalc-dims=\"1\" \/><br \/>\n<a href=\"https:\/\/i0.wp.com\/www.bildstoerung.tv\/blog\/wp-content\/uploads\/2016\/12\/EyesOfMyMotherThe_feat_1080psf2398_239_EN51_EN20_txtd_nonsub_120943.jpg?ssl=1\"><img decoding=\"async\" src=\"https:\/\/i0.wp.com\/www.bildstoerung.tv\/blog\/wp-content\/uploads\/2016\/12\/EyesOfMyMotherThe_feat_1080psf2398_239_EN51_EN20_txtd_nonsub_120943.jpg?resize=550%2C230&#038;ssl=1\" alt=\"szene08\" width=\"550\" height=\"230\" data-recalc-dims=\"1\" \/><br \/>\n<a href=\"https:\/\/i0.wp.com\/www.bildstoerung.tv\/blog\/wp-content\/uploads\/2016\/12\/EyesOfMyMotherThe_feat_1080psf2398_239_EN51_EN20_txtd_nonsub_121346.jpg?ssl=1\"><img decoding=\"async\" src=\"https:\/\/i0.wp.com\/www.bildstoerung.tv\/blog\/wp-content\/uploads\/2016\/12\/EyesOfMyMotherThe_feat_1080psf2398_239_EN51_EN20_txtd_nonsub_121346.jpg?resize=550%2C230&#038;ssl=1\" alt=\"szene09\" width=\"550\" height=\"230\" data-recalc-dims=\"1\" \/><br \/>\n<a href=\"https:\/\/i0.wp.com\/www.bildstoerung.tv\/blog\/wp-content\/uploads\/2016\/12\/EyesOfMyMotherThe_feat_1080psf2398_239_EN51_EN20_txtd_nonsub_124755.jpg?ssl=1\"><img decoding=\"async\" src=\"https:\/\/i0.wp.com\/www.bildstoerung.tv\/blog\/wp-content\/uploads\/2016\/12\/EyesOfMyMotherThe_feat_1080psf2398_239_EN51_EN20_txtd_nonsub_124755.jpg?resize=550%2C230&#038;ssl=1\" alt=\"szene10\" width=\"550\" height=\"230\" data-recalc-dims=\"1\" \/><br \/>\n<a href=\"https:\/\/i0.wp.com\/www.bildstoerung.tv\/blog\/wp-content\/uploads\/2016\/12\/EyesOfMyMotherThe_feat_1080psf2398_239_EN51_EN20_txtd_nonsub_140568.jpg?ssl=1\"><img decoding=\"async\" src=\"https:\/\/i0.wp.com\/www.bildstoerung.tv\/blog\/wp-content\/uploads\/2016\/12\/EyesOfMyMotherThe_feat_1080psf2398_239_EN51_EN20_txtd_nonsub_140568.jpg?resize=550%2C230&#038;ssl=1\" alt=\"szene11\" width=\"550\" height=\"230\" data-recalc-dims=\"1\" \/><br \/>\n<a href=\"https:\/\/i0.wp.com\/www.bildstoerung.tv\/blog\/wp-content\/uploads\/2016\/12\/EyesOfMyMotherThe_feat_1080psf2398_239_EN51_EN20_txtd_nonsub_158199.jpg?ssl=1\"><img decoding=\"async\" src=\"https:\/\/i0.wp.com\/www.bildstoerung.tv\/blog\/wp-content\/uploads\/2016\/12\/EyesOfMyMotherThe_feat_1080psf2398_239_EN51_EN20_txtd_nonsub_158199.jpg?resize=550%2C230&#038;ssl=1\" alt=\"szene12\" width=\"550\" height=\"230\" data-recalc-dims=\"1\" \/><br \/>\n<a href=\"https:\/\/i0.wp.com\/www.bildstoerung.tv\/blog\/wp-content\/uploads\/2016\/12\/EyesOfMyMotherThe_feat_1080psf2398_239_EN51_EN20_txtd_nonsub_175239.jpg?ssl=1\"><img decoding=\"async\" src=\"https:\/\/i0.wp.com\/www.bildstoerung.tv\/blog\/wp-content\/uploads\/2016\/12\/EyesOfMyMotherThe_feat_1080psf2398_239_EN51_EN20_txtd_nonsub_175239.jpg?resize=550%2C230&#038;ssl=1\" alt=\"szene13\" width=\"550\" height=\"230\" data-recalc-dims=\"1\" \/><\/p>\n","protected":false},"excerpt":{"rendered":"<p>Zum Download der druckf\u00e4higen Dateien einfach mit der rechten Maustaste [&hellip;]<\/p>\n","protected":false},"author":1,"featured_media":0,"parent":0,"menu_order":0,"comment_status":"closed","ping_status":"open","template":"","meta":{"om_disable_all_campaigns":false,"sfsi_plus_gutenberg_text_before_share":"","sfsi_plus_gutenberg_show_text_before_share":"","sfsi_plus_gutenberg_icon_type":"","sfsi_plus_gutenberg_icon_alignemt":"","sfsi_plus_gutenburg_max_per_row":"","_uf_show_specific_survey":0,"_uf_disable_surveys":false,"jetpack_post_was_ever_published":false,"footnotes":""},"class_list":["post-1473","page","type-page","status-publish","hentry"],"aioseo_notices":[],"jetpack_sharing_enabled":true,"jetpack_shortlink":"https:\/\/wp.me\/P5YmIz-nL","jetpack-related-posts":[],"_links":{"self":[{"href":"https:\/\/www.bildstoerung.tv\/blog\/wp-json\/wp\/v2\/pages\/1473","targetHints":{"allow":["GET"]}}],"collection":[{"href":"https:\/\/www.bildstoerung.tv\/blog\/wp-json\/wp\/v2\/pages"}],"about":[{"href":"https:\/\/www.bildstoerung.tv\/blog\/wp-json\/wp\/v2\/types\/page"}],"author":[{"embeddable":true,"href":"https:\/\/www.bildstoerung.tv\/blog\/wp-json\/wp\/v2\/users\/1"}],"replies":[{"embeddable":true,"href":"https:\/\/www.bildstoerung.tv\/blog\/wp-json\/wp\/v2\/comments?post=1473"}],"version-history":[{"count":0,"href":"https:\/\/www.bildstoerung.tv\/blog\/wp-json\/wp\/v2\/pages\/1473\/revisions"}],"wp:attachment":[{"href":"https:\/\/www.bildstoerung.tv\/blog\/wp-json\/wp\/v2\/media?parent=1473"}],"curies":[{"name":"wp","href":"https:\/\/api.w.org\/{rel}","templated":true}]}}