{"id":14,"date":"2008-06-24T21:52:12","date_gmt":"2008-06-24T19:52:12","guid":{"rendered":"http:\/\/www.bildstoerung.tv\/blog\/?page_id=14"},"modified":"2024-07-30T13:59:23","modified_gmt":"2024-07-30T11:59:23","slug":"impressum","status":"publish","type":"page","link":"https:\/\/www.bildstoerung.tv\/blog\/impressum\/","title":{"rendered":"IMPRESSUM"},"content":{"rendered":"<p class=\"MsoNormal\" style=\"text-align: center;\">\n<p class=\"MsoNormal\" style=\"text-align: center;\">\n<p class=\"MsoNormal\" style=\"text-align: center;\"><strong><span style=\"font-size: 10pt; font-family: Arial;\">\u00a0<\/span><\/strong><\/p>\n<p class=\"MsoNormal\" style=\"text-align: center;\"><strong><span style=\"font-size: 10pt; font-family: Arial;\">BILDST\u00d6RUNG<\/span><\/strong><\/p>\n<p class=\"MsoNormal\" style=\"text-align: center;\"><strong><span style=\"font-size: 10pt; font-family: Arial;\">C. Baiersd\u00f6rfer &amp; A. Beneke GbR<\/span><\/strong><\/p>\n<p class=\"MsoNormal\" style=\"text-align: center;\"><strong><span style=\"font-size: 10pt; font-family: Arial;\">Maternusstr. 6<br \/>\n<\/span><\/strong><\/p>\n<p class=\"MsoNormal\" style=\"text-align: center;\"><strong><span style=\"font-size: 10pt; font-family: Arial;\">50678  K\u00f6ln<br \/>\n<\/span><\/strong><\/p>\n<p class=\"MsoNormal\" style=\"text-align: center;\"><strong><span style=\"font-size: 10pt; font-family: Arial;\">\u00a0<\/span><\/strong><\/p>\n<p class=\"MsoNormal\" style=\"text-align: center;\">\n<p class=\"MsoNormal\" style=\"text-align: center;\"><strong><span style=\"font-size: 10pt; font-family: Arial;\">Telefon: +49-(0)1746589841<br \/>\n<\/span><\/strong><\/p>\n<p class=\"MsoNormal\" style=\"text-align: center;\"><strong><span style=\"font-size: 10pt; font-family: Arial;\"><a href=\"mailto:info@bildstoerung.tv\">info@bildstoerung.tv<\/a><\/span><\/strong><\/p>\n<p class=\"MsoNormal\" style=\"text-align: center;\"><strong><span style=\"font-size: 10pt; font-family: Arial;\"><a href=\"..\/..\/\">www.bildstoerung.tv<\/a><\/span><\/strong><\/p>\n<p class=\"MsoNormal\" style=\"text-align: center;\"><strong><span style=\"font-size: 10pt; font-family: Arial;\">\u00a0<\/span><\/strong><\/p>\n<p class=\"MsoNormal\" style=\"text-align: center;\">\n<p class=\"MsoNormal\" style=\"text-align: center;\"><strong><span style=\"font-size: 10pt; font-family: Arial;\">Gesch\u00e4ftsf\u00fchrung: <\/span><\/strong><\/p>\n<p class=\"MsoNormal\" style=\"text-align: center;\"><strong><span style=\"font-size: 10pt; font-family: Arial;\">Carsten Baiersd\u00f6rfer<\/span><\/strong><\/p>\n<p class=\"MsoNormal\" style=\"text-align: center;\"><strong><span style=\"font-size: 10pt; font-family: Arial;\">Alexander Beneke<\/span><\/strong><\/p>\n<p class=\"MsoNormal\" style=\"text-align: center;\"><strong><span style=\"font-size: 10pt; font-family: Arial;\">\u00a0<\/span><\/strong><\/p>\n<p class=\"MsoNormal\" style=\"text-align: center;\">\n<p class=\"MsoNormal\" style=\"text-align: center;\"><strong><span style=\"font-size: 10pt; font-family: Arial;\">Verantwortlich f\u00fcr den Inhalt gem\u00e4\u00df \u00a7 5 TMG:<\/span><\/strong><\/p>\n<p class=\"MsoNormal\" style=\"text-align: center;\">\n<p class=\"MsoNormal\" style=\"text-align: center;\"><strong><span style=\"font-size: 10pt; font-family: Arial;\">Carsten Baiersd\u00f6rfer<\/span><\/strong><\/p>\n<p class=\"MsoNormal\" style=\"text-align: center;\"><strong><span style=\"font-size: 10pt; font-family: Arial;\">\u00a0<\/span><\/strong><\/p>\n<p class=\"MsoNormal\" style=\"text-align: center;\"><strong><span style=\"font-size: 10pt; font-family: Arial;\">Ust-IdNr: DE259681308<\/span><\/strong><\/p>\n<p class=\"MsoNormal\" style=\"text-align: center;\"><strong><span style=\"font-size: 10pt; font-family: Arial;\">\u00a0<\/span><\/strong><\/p>\n<p class=\"MsoNormal\" style=\"text-align: center;\"><strong><span style=\"font-size: 10pt; font-family: Arial;\">\u00a0<\/span><\/strong><\/p>\n<p class=\"MsoNormal\"><strong><span style=\"font-size: 10pt; font-family: Arial;\">Haftungshinweis:<br \/>\nTrotz sorgf\u00e4ltiger inhaltlicher Kontrolle \u00fcbernehmen wir keine Haftung f\u00fcr die Inhalte externer Links. F\u00fcr den Inhalt der verlinkten Seiten sind ausschlie\u00dflich deren Betreiber verantwortlich.<\/span><\/strong><\/p>\n<p class=\"MsoNormal\">\n<p class=\"MsoNormal\"><strong><span style=\"font-size: 10pt; font-family: Arial;\">\u00a0<\/span><\/strong><\/p>\n<p class=\"MsoNormal\"><strong><span style=\"font-size: 10pt; font-family: Arial;\">Haftungsausschluss:<\/span><\/strong><\/p>\n<p class=\"MsoNormal\"><strong><span style=\"font-size: 10pt; font-family: Arial;\">Der Autor \u00fcbernimmt keinerlei Gew\u00e4hr f\u00fcr die Richtigkeit, Aktualit\u00e4t oder Vollst\u00e4ndigkeit der bereitgestellten Informationen. Haftungsanspr\u00fcche gegen den Autor f\u00fcr Sch\u00e4den jeglicher Art, die durch Nutzung der angebotenen Informationen verursacht werden, sind grunds\u00e4tzlich ausgeschlossen, sofern Seitens des Autors kein nachweislich vors\u00e4tzliches oder grob fahrl\u00e4ssiges Verschulden vorliegt. Der Autor beh\u00e4lt es sich ausdr\u00fccklich vor, Teile der Seiten oder das gesamte Angebot ohne gesonderte Ank\u00fcndigung zu ver\u00e4ndern oder zu l\u00f6schen. Eine st\u00e4ndige Verf\u00fcgbarkeit der Seiten wird nicht gew\u00e4hrleistet.<\/span><\/strong><\/p>\n<p class=\"MsoNormal\">\n<p class=\"MsoNormal\"><strong><span style=\"font-size: 10pt; font-family: Arial;\">\u00a0<\/span><\/strong><\/p>\n<p class=\"MsoNormal\"><strong><span style=\"font-size: 10pt; font-family: Arial;\">Copyright:<\/span><\/strong><\/p>\n<p class=\"MsoNormal\"><span style=\"font-size: 10pt; font-family: Arial;\"><strong>Die verwendeten Grafiken und Bilder, die Sammlung sowie die einzelnen Beitr\u00e4ge auf dieser Homepage sind urheberrechtlich gesch\u00fctzt. Alle Rechte, auch die der fotomechanischen Wiedergabe, der Vervielf\u00e4ltigung und der Verbreitung mittels besonderer Verfahren (zum Beispiel Datenverarbeitung, Datentr\u00e4ger und Datennetze), auch teilweise, beh\u00e4lt sich BILDST\u00d6RUNG vor.<\/strong><\/span><\/p>\n<p class=\"MsoNormal\" style=\"text-align: center;\">\n<p class=\"MsoNormal\" style=\"text-align: center;\">\n<p class=\"MsoNormal\" style=\"text-align: center;\">\n<p class=\"MsoNormal\" style=\"text-align: center;\">\n<p class=\"MsoNormal\">\n","protected":false},"excerpt":{"rendered":"<p>\u00a0 BILDST\u00d6RUNG C. Baiersd\u00f6rfer &amp; A. Beneke GbR Maternusstr. 6 [&hellip;]<\/p>\n","protected":false},"author":1,"featured_media":0,"parent":0,"menu_order":0,"comment_status":"closed","ping_status":"closed","template":"","meta":{"om_disable_all_campaigns":false,"sfsi_plus_gutenberg_text_before_share":"","sfsi_plus_gutenberg_show_text_before_share":"","sfsi_plus_gutenberg_icon_type":"","sfsi_plus_gutenberg_icon_alignemt":"","sfsi_plus_gutenburg_max_per_row":"","_uf_show_specific_survey":0,"_uf_disable_surveys":false,"jetpack_post_was_ever_published":false,"footnotes":""},"class_list":["post-14","page","type-page","status-publish","hentry"],"aioseo_notices":[],"jetpack_sharing_enabled":true,"jetpack_shortlink":"https:\/\/wp.me\/P5YmIz-e","jetpack-related-posts":[],"_links":{"self":[{"href":"https:\/\/www.bildstoerung.tv\/blog\/wp-json\/wp\/v2\/pages\/14","targetHints":{"allow":["GET"]}}],"collection":[{"href":"https:\/\/www.bildstoerung.tv\/blog\/wp-json\/wp\/v2\/pages"}],"about":[{"href":"https:\/\/www.bildstoerung.tv\/blog\/wp-json\/wp\/v2\/types\/page"}],"author":[{"embeddable":true,"href":"https:\/\/www.bildstoerung.tv\/blog\/wp-json\/wp\/v2\/users\/1"}],"replies":[{"embeddable":true,"href":"https:\/\/www.bildstoerung.tv\/blog\/wp-json\/wp\/v2\/comments?post=14"}],"version-history":[{"count":1,"href":"https:\/\/www.bildstoerung.tv\/blog\/wp-json\/wp\/v2\/pages\/14\/revisions"}],"predecessor-version":[{"id":3556,"href":"https:\/\/www.bildstoerung.tv\/blog\/wp-json\/wp\/v2\/pages\/14\/revisions\/3556"}],"wp:attachment":[{"href":"https:\/\/www.bildstoerung.tv\/blog\/wp-json\/wp\/v2\/media?parent=14"}],"curies":[{"name":"wp","href":"https:\/\/api.w.org\/{rel}","templated":true}]}}