{"id":1142,"date":"2015-11-23T20:20:34","date_gmt":"2015-11-23T18:20:34","guid":{"rendered":"http:\/\/www.bildstoerung.tv\/blog\/?page_id=1142"},"modified":"2016-06-11T15:27:55","modified_gmt":"2016-06-11T13:27:55","slug":"bunker-pressedownloads","status":"publish","type":"page","link":"https:\/\/www.bildstoerung.tv\/blog\/presse\/bunker-pressedownloads\/","title":{"rendered":"DER BUNKER &#8211; Pressedownloads"},"content":{"rendered":"<p style=\"text-align: left;\">Zum Download der druckf\u00e4higen Dateien einfach mit der rechten Maustaste auf die Abbildungen klicken und im Men\u00fc den Punkt &#8222;Ziel speichern unter&#8230;&#8220; ausw\u00e4hlen.<\/p>\n<p style=\"text-align: left;\">Das Presseheft finden Sie unter folgendem Link:<\/p>\n<p><a href=\"https:\/\/www.bildstoerung.tv\/\/pressedownload\/Presseheft_Bunker.pdf\">https:\/\/www.bildstoerung.tv\/\/pressedownload\/Presseheft_Bunker.pdf<\/a><\/p>\n<p style=\"text-align: left;\">Der Trailer in HD-Qualit\u00e4t auf Vimeo:<\/p>\n<p><a href=\"https:\/\/vimeo.com\/146669343\">https:\/\/vimeo.com\/146669343<\/a><\/p>\n<p style=\"text-align: left;\">Der Trailer in HD-Qualit\u00e4t auf Youtube:<\/p>\n<p><a href=\"https:\/\/www.youtube.com\/watch?v=G43WdC5wmZk\">https:\/\/www.youtube.com\/watch?v=G43WdC5wmZk<\/a><\/p>\n<p style=\"text-align: left;\">Bitte beachten Sie die folgenden Copyrightlines:<br \/>\nSzenenfotos &#8211; Kataskop Filmproduktion &#038; Gei\u00dfend\u00f6rfer Film- und Fernsehproduktion KG (c)2015<\/p>\n<p style=\"text-align: left;\">Packshots DVD &#038; Blu-ray: <\/p>\n<div class=\"su-row\">\n<div class=\"su-column su-column-size-1-2\"><div class=\"su-column-inner su-u-clearfix su-u-trim\">\n<a href=\"https:\/\/i0.wp.com\/www.bildstoerung.tv\/blog\/wp-content\/uploads\/2016\/06\/cover_bunker_dvd_fsk16.jpg?ssl=1\"><img decoding=\"async\" src=\"https:\/\/i0.wp.com\/www.bildstoerung.tv\/blog\/wp-content\/uploads\/2016\/06\/cover_bunker_dvd_fsk16.jpg?resize=254%2C350&#038;ssl=1\" alt=\"Packshot DVD\" width=\"254\" height=\"350\" data-recalc-dims=\"1\" \/> <\/div><\/div>\n<div class=\"su-column su-column-size-2-2\"><div class=\"su-column-inner su-u-clearfix su-u-trim\">\n<\/a><a href=\"https:\/\/i0.wp.com\/www.bildstoerung.tv\/blog\/wp-content\/uploads\/2016\/06\/bunker_3d_dvd_16er.jpg?ssl=1\"><img decoding=\"async\" src=\"https:\/\/i0.wp.com\/www.bildstoerung.tv\/blog\/wp-content\/uploads\/2016\/06\/bunker_3d_dvd_16er.jpg?resize=246%2C350&#038;ssl=1\" alt=\"Packshot DVD 3D\" width=\"246\" height=\"350\" data-recalc-dims=\"1\" \/><\/a><br \/>\n<\/div><\/div>\n<\/div><\/a><\/p>\n<hr \/>\n<div class=\"su-row\">\n<div class=\"su-column su-column-size-1-2\"><div class=\"su-column-inner su-u-clearfix su-u-trim\">\n<a href=\"https:\/\/i0.wp.com\/www.bildstoerung.tv\/blog\/wp-content\/uploads\/2016\/06\/umschlag_bunker_bd_fsk16.jpg?ssl=1\"><img decoding=\"async\" src=\"https:\/\/i0.wp.com\/www.bildstoerung.tv\/blog\/wp-content\/uploads\/2016\/06\/umschlag_bunker_bd_fsk16.jpg?resize=254%2C350&#038;ssl=1\" alt=\"Packshot Blu-ray\" width=\"254\" height=\"350\" data-recalc-dims=\"1\" \/> <\/div><\/div>\n<div class=\"su-column su-column-size-2-2\"><div class=\"su-column-inner su-u-clearfix su-u-trim\">\n<\/a><a href=\"https:\/\/i0.wp.com\/www.bildstoerung.tv\/blog\/wp-content\/uploads\/2016\/06\/bunker_3d_bd_fsk16.jpg?ssl=1\"><img decoding=\"async\" src=\"https:\/\/i0.wp.com\/www.bildstoerung.tv\/blog\/wp-content\/uploads\/2016\/06\/bunker_3d_bd_fsk16.jpg?resize=246%2C350&#038;ssl=1\" alt=\"Packshot Blu-ray 3D\" width=\"246\" height=\"350\" data-recalc-dims=\"1\" \/><\/a><br \/>\n<\/div><\/div>\n<\/div><\/a><\/p>\n<hr \/>\n<p style=\"text-align: left;\">Kinoplakat: <\/p>\n<div class=\"su-row\">\n<div class=\"su-column su-column-size-1-2\"><div class=\"su-column-inner su-u-clearfix su-u-trim\">\n<a href=\"https:\/\/i0.wp.com\/www.bildstoerung.tv\/blog\/wp-content\/uploads\/2015\/12\/bunker_a1_print_ST\u00d6RER.jpg?ssl=1\"><img decoding=\"async\" src=\"https:\/\/i0.wp.com\/www.bildstoerung.tv\/blog\/wp-content\/uploads\/2015\/12\/bunker_a1_print_ST\u00d6RER.jpg?resize=250%2C350&#038;ssl=1\" alt=\"Poster mit Kinostart\" width=\"250\" height=\"350\" data-recalc-dims=\"1\" \/> <\/div><\/div>\n<div class=\"su-column su-column-size-2-2\"><div class=\"su-column-inner su-u-clearfix su-u-trim\">\n<\/a><a href=\"https:\/\/i0.wp.com\/www.bildstoerung.tv\/blog\/wp-content\/uploads\/2015\/12\/bunker_a1_print.jpg?ssl=1\"><img decoding=\"async\" src=\"https:\/\/i0.wp.com\/www.bildstoerung.tv\/blog\/wp-content\/uploads\/2015\/12\/bunker_a1_print.jpg?resize=250%2C350&#038;ssl=1\" alt=\"Poster\" width=\"250\" height=\"350\" data-recalc-dims=\"1\" \/><\/a><br \/>\n<\/div><\/div>\n<\/div><\/a><\/p>\n<hr \/>\n<div class=\"su-row\">\n<div class=\"su-column su-column-size-1-2\"><div class=\"su-column-inner su-u-clearfix su-u-trim\">\n<a href=\"https:\/\/i0.wp.com\/www.bildstoerung.tv\/blog\/wp-content\/uploads\/2015\/11\/DER-BUNKER-Filmstill-01.jpg?ssl=1\"><img decoding=\"async\" src=\"https:\/\/i0.wp.com\/www.bildstoerung.tv\/blog\/wp-content\/uploads\/2015\/11\/DER-BUNKER-Filmstill-01.jpg?resize=250%2C107&#038;ssl=1\" alt=\"Filmstill-01\" width=\"250\" height=\"107\" data-recalc-dims=\"1\" \/> <\/div><\/div>\n<div class=\"su-column su-column-size-2-2\"><div class=\"su-column-inner su-u-clearfix su-u-trim\">\n<\/a><a href=\"https:\/\/i0.wp.com\/www.bildstoerung.tv\/blog\/wp-content\/uploads\/2015\/11\/DER-BUNKER-Filmstill-02.jpg?ssl=1\"><img decoding=\"async\" src=\"https:\/\/i0.wp.com\/www.bildstoerung.tv\/blog\/wp-content\/uploads\/2015\/11\/DER-BUNKER-Filmstill-02.jpg?resize=250%2C107&#038;ssl=1\" alt=\"Filmstill-02\" width=\"250\" height=\"107\" data-recalc-dims=\"1\" \/><\/a><br \/>\n<\/div><\/div>\n<\/div><\/a><\/p>\n<hr \/>\n<div class=\"su-row\">\n<div class=\"su-column su-column-size-1-2\"><div class=\"su-column-inner su-u-clearfix su-u-trim\">\n<a href=\"https:\/\/i0.wp.com\/www.bildstoerung.tv\/blog\/wp-content\/uploads\/2015\/11\/DER-BUNKER-Filmstill-03.jpg?ssl=1\"><img decoding=\"async\" src=\"https:\/\/i0.wp.com\/www.bildstoerung.tv\/blog\/wp-content\/uploads\/2015\/11\/DER-BUNKER-Filmstill-03.jpg?resize=250%2C107&#038;ssl=1\" alt=\"Filmstill-03\" width=\"250\" height=\"107\" data-recalc-dims=\"1\" \/> <\/div><\/div>\n<div class=\"su-column su-column-size-2-2\"><div class=\"su-column-inner su-u-clearfix su-u-trim\">\n<\/a><a href=\"https:\/\/i0.wp.com\/www.bildstoerung.tv\/blog\/wp-content\/uploads\/2015\/11\/DER-BUNKER-Filmstill-04.jpg?ssl=1\"><img decoding=\"async\" src=\"https:\/\/i0.wp.com\/www.bildstoerung.tv\/blog\/wp-content\/uploads\/2015\/11\/DER-BUNKER-Filmstill-04.jpg?resize=250%2C107&#038;ssl=1\" alt=\"Filmstill-04\" width=\"250\" height=\"107\" data-recalc-dims=\"1\" \/><\/a><br \/>\n<\/div><\/div>\n<\/div><\/a><\/p>\n<hr \/>\n<div class=\"su-row\">\n<div class=\"su-column su-column-size-1-2\"><div class=\"su-column-inner su-u-clearfix su-u-trim\">\n<a href=\"https:\/\/i0.wp.com\/www.bildstoerung.tv\/blog\/wp-content\/uploads\/2015\/11\/DER-BUNKER-Filmstill-05.jpg?ssl=1\"><img decoding=\"async\" src=\"https:\/\/i0.wp.com\/www.bildstoerung.tv\/blog\/wp-content\/uploads\/2015\/11\/DER-BUNKER-Filmstill-05.jpg?resize=250%2C107&#038;ssl=1\" alt=\"Filmstill-05\" width=\"250\" height=\"107\" data-recalc-dims=\"1\" \/> <\/div><\/div>\n<div class=\"su-column su-column-size-2-2\"><div class=\"su-column-inner su-u-clearfix su-u-trim\">\n<\/a><a href=\"https:\/\/i0.wp.com\/www.bildstoerung.tv\/blog\/wp-content\/uploads\/2015\/11\/DER-BUNKER-Filmstill-06.jpg?ssl=1\"><img decoding=\"async\" src=\"https:\/\/i0.wp.com\/www.bildstoerung.tv\/blog\/wp-content\/uploads\/2015\/11\/DER-BUNKER-Filmstill-06.jpg?resize=250%2C107&#038;ssl=1\" alt=\"Filmstill-06\" width=\"250\" height=\"107\" data-recalc-dims=\"1\" \/><\/a><br \/>\n<\/div><\/div>\n<\/div><\/a><\/p>\n<hr \/>\n<div class=\"su-row\">\n<div class=\"su-column su-column-size-1-2\"><div class=\"su-column-inner su-u-clearfix su-u-trim\">\n<a href=\"https:\/\/i0.wp.com\/www.bildstoerung.tv\/blog\/wp-content\/uploads\/2015\/11\/DER-BUNKER-Filmstill-07.jpg?ssl=1\"><img decoding=\"async\" src=\"https:\/\/i0.wp.com\/www.bildstoerung.tv\/blog\/wp-content\/uploads\/2015\/11\/DER-BUNKER-Filmstill-07.jpg?resize=250%2C107&#038;ssl=1\" alt=\"Filmstill-07\" width=\"250\" height=\"107\" data-recalc-dims=\"1\" \/> <\/div><\/div>\n<div class=\"su-column su-column-size-2-2\"><div class=\"su-column-inner su-u-clearfix su-u-trim\">\n<\/a><a href=\"https:\/\/i0.wp.com\/www.bildstoerung.tv\/blog\/wp-content\/uploads\/2015\/11\/DER-BUNKER-Filmstill-08.jpg?ssl=1\"><img decoding=\"async\" src=\"https:\/\/i0.wp.com\/www.bildstoerung.tv\/blog\/wp-content\/uploads\/2015\/11\/DER-BUNKER-Filmstill-08.jpg?resize=250%2C107&#038;ssl=1\" alt=\"Filmstill-08\" width=\"250\" height=\"107\" data-recalc-dims=\"1\" \/><\/a><br \/>\n<\/div><\/div>\n<\/div><\/a><\/p>\n<hr \/>\n<div class=\"su-row\">\n<div class=\"su-column su-column-size-1-2\"><div class=\"su-column-inner su-u-clearfix su-u-trim\">\n<a href=\"https:\/\/i0.wp.com\/www.bildstoerung.tv\/blog\/wp-content\/uploads\/2015\/12\/DER-BUNKER-Filmstill-13.jpg?ssl=1\"><img decoding=\"async\" src=\"https:\/\/i0.wp.com\/www.bildstoerung.tv\/blog\/wp-content\/uploads\/2015\/12\/DER-BUNKER-Filmstill-13.jpg?resize=250%2C107&#038;ssl=1\" alt=\"Filmstill-13\" width=\"250\" height=\"107\" data-recalc-dims=\"1\" \/> <\/div><\/div>\n<div class=\"su-column su-column-size-2-2\"><div class=\"su-column-inner su-u-clearfix su-u-trim\">\n<\/a><a href=\"https:\/\/i0.wp.com\/www.bildstoerung.tv\/blog\/wp-content\/uploads\/2015\/12\/DER-BUNKER-Filmstill-12.jpg?ssl=1\"><img decoding=\"async\" src=\"https:\/\/i0.wp.com\/www.bildstoerung.tv\/blog\/wp-content\/uploads\/2015\/12\/DER-BUNKER-Filmstill-12.jpg?resize=250%2C107&#038;ssl=1\" alt=\"Filmstill-12\" width=\"250\" height=\"107\" data-recalc-dims=\"1\" \/><\/a><br \/>\n<\/div><\/div>\n<\/div><\/a><\/p>\n<hr \/>\n<div class=\"su-row\">\n<div class=\"su-column su-column-size-1-2\"><div class=\"su-column-inner su-u-clearfix su-u-trim\">\n<a href=\"https:\/\/i0.wp.com\/www.bildstoerung.tv\/blog\/wp-content\/uploads\/2015\/12\/DER-BUNKER-Filmstill-11.jpg?ssl=1\"><img decoding=\"async\" src=\"https:\/\/i0.wp.com\/www.bildstoerung.tv\/blog\/wp-content\/uploads\/2015\/12\/DER-BUNKER-Filmstill-11.jpg?resize=250%2C107&#038;ssl=1\" alt=\"Filmstill-11\" width=\"250\" height=\"107\" data-recalc-dims=\"1\" \/> <\/div><\/div>\n<div class=\"su-column su-column-size-2-2\"><div class=\"su-column-inner su-u-clearfix su-u-trim\">\n<\/a><a href=\"https:\/\/i0.wp.com\/www.bildstoerung.tv\/blog\/wp-content\/uploads\/2015\/12\/DER-BUNKER-Filmstill-10.jpg?ssl=1\"><img decoding=\"async\" src=\"https:\/\/i0.wp.com\/www.bildstoerung.tv\/blog\/wp-content\/uploads\/2015\/12\/DER-BUNKER-Filmstill-10.jpg?resize=250%2C107&#038;ssl=1\" alt=\"Filmstill-10\" width=\"250\" height=\"107\" data-recalc-dims=\"1\" \/><\/a><br \/>\n<\/div><\/div>\n<\/div><\/a><\/p>\n<hr \/>\n<div class=\"su-row\">\n<div class=\"su-column su-column-size-1-2\"><div class=\"su-column-inner su-u-clearfix su-u-trim\">\n<a href=\"https:\/\/i0.wp.com\/www.bildstoerung.tv\/blog\/wp-content\/uploads\/2015\/12\/DER-BUNKER-Filmstill-09.jpg?ssl=1\"><img decoding=\"async\" src=\"https:\/\/i0.wp.com\/www.bildstoerung.tv\/blog\/wp-content\/uploads\/2015\/12\/DER-BUNKER-Filmstill-09.jpg?resize=250%2C107&#038;ssl=1\" alt=\"Filmstill-09\" width=\"250\" height=\"107\" data-recalc-dims=\"1\" \/> <\/div><\/div>\n<div class=\"su-column su-column-size-2-2\"><div class=\"su-column-inner su-u-clearfix su-u-trim\">\n<\/a><a href=\"https:\/\/i0.wp.com\/www.bildstoerung.tv\/blog\/wp-content\/uploads\/2015\/12\/DER-BUNKER-Filmstill-14.jpg?ssl=1\"><img decoding=\"async\" src=\"https:\/\/i0.wp.com\/www.bildstoerung.tv\/blog\/wp-content\/uploads\/2015\/12\/DER-BUNKER-Filmstill-14.jpg?resize=250%2C107&#038;ssl=1\" alt=\"Filmstill-14\" width=\"250\" height=\"107\" data-recalc-dims=\"1\" \/><\/a><br \/>\n<\/div><\/div>\n<\/div><\/a><\/p>\n","protected":false},"excerpt":{"rendered":"<p>Zum Download der druckf\u00e4higen Dateien einfach mit der rechten Maustaste [&hellip;]<\/p>\n","protected":false},"author":1,"featured_media":0,"parent":45,"menu_order":0,"comment_status":"closed","ping_status":"open","template":"","meta":{"om_disable_all_campaigns":false,"sfsi_plus_gutenberg_text_before_share":"","sfsi_plus_gutenberg_show_text_before_share":"","sfsi_plus_gutenberg_icon_type":"","sfsi_plus_gutenberg_icon_alignemt":"","sfsi_plus_gutenburg_max_per_row":"","_uf_show_specific_survey":0,"_uf_disable_surveys":false,"jetpack_post_was_ever_published":false,"footnotes":""},"class_list":["post-1142","page","type-page","status-publish","hentry"],"aioseo_notices":[],"jetpack_sharing_enabled":true,"jetpack_shortlink":"https:\/\/wp.me\/P5YmIz-iq","jetpack-related-posts":[],"_links":{"self":[{"href":"https:\/\/www.bildstoerung.tv\/blog\/wp-json\/wp\/v2\/pages\/1142","targetHints":{"allow":["GET"]}}],"collection":[{"href":"https:\/\/www.bildstoerung.tv\/blog\/wp-json\/wp\/v2\/pages"}],"about":[{"href":"https:\/\/www.bildstoerung.tv\/blog\/wp-json\/wp\/v2\/types\/page"}],"author":[{"embeddable":true,"href":"https:\/\/www.bildstoerung.tv\/blog\/wp-json\/wp\/v2\/users\/1"}],"replies":[{"embeddable":true,"href":"https:\/\/www.bildstoerung.tv\/blog\/wp-json\/wp\/v2\/comments?post=1142"}],"version-history":[{"count":0,"href":"https:\/\/www.bildstoerung.tv\/blog\/wp-json\/wp\/v2\/pages\/1142\/revisions"}],"up":[{"embeddable":true,"href":"https:\/\/www.bildstoerung.tv\/blog\/wp-json\/wp\/v2\/pages\/45"}],"wp:attachment":[{"href":"https:\/\/www.bildstoerung.tv\/blog\/wp-json\/wp\/v2\/media?parent=1142"}],"curies":[{"name":"wp","href":"https:\/\/api.w.org\/{rel}","templated":true}]}}