{"id":1058,"date":"2015-06-16T17:54:44","date_gmt":"2015-06-16T15:54:44","guid":{"rendered":"http:\/\/www.bildstoerung.tv\/blog\/?page_id=1058"},"modified":"2015-10-08T09:00:19","modified_gmt":"2015-10-08T07:00:19","slug":"gott-pressedownloads","status":"publish","type":"page","link":"https:\/\/www.bildstoerung.tv\/blog\/presse\/gott-pressedownloads\/","title":{"rendered":"Gott &#8211; Pressedownloads"},"content":{"rendered":"<p style=\"text-align: left;\">Zum Download der druckf\u00e4higen Dateien einfach mit der rechten Maustaste auf die Abbildungen klicken und im Men\u00fc den Punkt &#8222;Ziel speichern unter&#8230;&#8220; ausw\u00e4hlen.<\/p>\n<p style=\"text-align: left;\">Das Presseheft finden Sie unter folgendem Link:<\/p>\n<p><a href=\"https:\/\/www.bildstoerung.tv\/\/pressedownload\/Presseheft_GOTT.pdf\">https:\/\/www.bildstoerung.tv\/\/pressedownload\/Presseheft_GOTT.pdf<\/a><\/p>\n<p style=\"text-align: left;\">Der Trailer in HD-Qualit\u00e4t auf Vimeo:<\/p>\n<p><a href=\"https:\/\/vimeo.com\/107072774\">https:\/\/vimeo.com\/107072774<\/a><\/p>\n<p style=\"text-align: left;\">Bitte beachten Sie die folgenden Copyrightlines:<br \/>\nSzenenfotos &#8211; Studio Sever \/ Russia 1 TV (c) 2013<br \/>\nPoster &#038; Packshots &#8211; Bildst\u00f6rung<\/p>\n<hr \/>\n<p style=\"text-align: left;\">Packshots DVD &#038; Blu-ray<\/p>\n<div class=\"su-row\">\n<div class=\"su-column su-column-size-1-2\"><div class=\"su-column-inner su-u-clearfix su-u-trim\">\n<a href=\"https:\/\/i0.wp.com\/www.bildstoerung.tv\/blog\/wp-content\/uploads\/2015\/06\/gott_dvd_front_mit.jpg?ssl=1\"><img decoding=\"async\" data-attachment-id=\"1122\" data-permalink=\"https:\/\/www.bildstoerung.tv\/blog\/presse\/gott-pressedownloads\/gott_dvd_front_mit\/\" data-orig-file=\"https:\/\/i0.wp.com\/www.bildstoerung.tv\/blog\/wp-content\/uploads\/2015\/06\/gott_dvd_front_mit.jpg?fit=1630%2C2259&amp;ssl=1\" data-orig-size=\"1630,2259\" data-comments-opened=\"0\" data-image-meta=\"{&quot;aperture&quot;:&quot;0&quot;,&quot;credit&quot;:&quot;&quot;,&quot;camera&quot;:&quot;&quot;,&quot;caption&quot;:&quot;&quot;,&quot;created_timestamp&quot;:&quot;0&quot;,&quot;copyright&quot;:&quot;&quot;,&quot;focal_length&quot;:&quot;0&quot;,&quot;iso&quot;:&quot;0&quot;,&quot;shutter_speed&quot;:&quot;0&quot;,&quot;title&quot;:&quot;&quot;,&quot;orientation&quot;:&quot;1&quot;}\" data-image-title=\"gott_dvd_front_mit_fsk\" data-image-description=\"\" data-image-caption=\"\" data-medium-file=\"https:\/\/i0.wp.com\/www.bildstoerung.tv\/blog\/wp-content\/uploads\/2015\/06\/gott_dvd_front_mit.jpg?fit=300%2C415&amp;ssl=1\" data-large-file=\"https:\/\/i0.wp.com\/www.bildstoerung.tv\/blog\/wp-content\/uploads\/2015\/06\/gott_dvd_front_mit.jpg?fit=738%2C1024&amp;ssl=1\" src=\"https:\/\/i0.wp.com\/www.bildstoerung.tv\/blog\/wp-content\/uploads\/2015\/06\/gott_dvd_front_mit.jpg?resize=200%2C270&#038;ssl=1\" alt=\"gott_dvd_front_mit_fsk\" width=\"200\" height=\"270\" size-medium wp-image-1122\" data-recalc-dims=\"1\" \/> <\/div><\/div>\n<div class=\"su-column su-column-size-2-2\"><div class=\"su-column-inner su-u-clearfix su-u-trim\">\n<a href=\"https:\/\/i0.wp.com\/www.bildstoerung.tv\/blog\/wp-content\/uploads\/2015\/06\/gott_bd_front_mit.jpg?ssl=1\"><img decoding=\"async\" data-attachment-id=\"1123\" data-permalink=\"https:\/\/www.bildstoerung.tv\/blog\/presse\/gott-pressedownloads\/gott_bd_front_mit\/\" data-orig-file=\"https:\/\/i0.wp.com\/www.bildstoerung.tv\/blog\/wp-content\/uploads\/2015\/06\/gott_bd_front_mit.jpg?fit=1630%2C2259&amp;ssl=1\" data-orig-size=\"1630,2259\" data-comments-opened=\"0\" data-image-meta=\"{&quot;aperture&quot;:&quot;0&quot;,&quot;credit&quot;:&quot;&quot;,&quot;camera&quot;:&quot;&quot;,&quot;caption&quot;:&quot;&quot;,&quot;created_timestamp&quot;:&quot;0&quot;,&quot;copyright&quot;:&quot;&quot;,&quot;focal_length&quot;:&quot;0&quot;,&quot;iso&quot;:&quot;0&quot;,&quot;shutter_speed&quot;:&quot;0&quot;,&quot;title&quot;:&quot;&quot;,&quot;orientation&quot;:&quot;1&quot;}\" data-image-title=\"gott_bd_front_mit_fsk\" data-image-description=\"\" data-image-caption=\"\" data-medium-file=\"https:\/\/i0.wp.com\/www.bildstoerung.tv\/blog\/wp-content\/uploads\/2015\/06\/gott_bd_front_mit.jpg?fit=300%2C415&amp;ssl=1\" data-large-file=\"https:\/\/i0.wp.com\/www.bildstoerung.tv\/blog\/wp-content\/uploads\/2015\/06\/gott_bd_front_mit.jpg?fit=738%2C1024&amp;ssl=1\" src=\"https:\/\/i0.wp.com\/www.bildstoerung.tv\/blog\/wp-content\/uploads\/2015\/06\/gott_bd_front_mit.jpg?resize=200%2C270&#038;ssl=1\" alt=\"gott_bd_front_mit_fsk\" width=\"200\" height=\"270\" size-medium wp-image-1123\" data-recalc-dims=\"1\" \/><\/a><br \/>\n<\/div><\/div>\n<\/div><\/a><\/p>\n<div class=\"su-row\">\n<div class=\"su-column su-column-size-1-2\"><div class=\"su-column-inner su-u-clearfix su-u-trim\">\n<a href=\"https:\/\/i0.wp.com\/www.bildstoerung.tv\/blog\/wp-content\/uploads\/2015\/06\/gott_3d_dvd_ohne.jpg?ssl=1\"><img decoding=\"async\" data-attachment-id=\"1124\" data-permalink=\"https:\/\/www.bildstoerung.tv\/blog\/presse\/gott-pressedownloads\/gott_3d_dvd_ohne\/\" data-orig-file=\"https:\/\/i0.wp.com\/www.bildstoerung.tv\/blog\/wp-content\/uploads\/2015\/06\/gott_3d_dvd_ohne.jpg?fit=1712%2C2288&amp;ssl=1\" data-orig-size=\"1712,2288\" data-comments-opened=\"0\" data-image-meta=\"{&quot;aperture&quot;:&quot;2.8&quot;,&quot;credit&quot;:&quot;&quot;,&quot;camera&quot;:&quot;C750UZ&quot;,&quot;caption&quot;:&quot;&quot;,&quot;created_timestamp&quot;:&quot;1091909927&quot;,&quot;copyright&quot;:&quot;&quot;,&quot;focal_length&quot;:&quot;6.3&quot;,&quot;iso&quot;:&quot;200&quot;,&quot;shutter_speed&quot;:&quot;0.033333333333333&quot;,&quot;title&quot;:&quot;&quot;,&quot;orientation&quot;:&quot;1&quot;}\" data-image-title=\"gott_3d_dvd_ohne_fsk\" data-image-description=\"\" data-image-caption=\"\" data-medium-file=\"https:\/\/i0.wp.com\/www.bildstoerung.tv\/blog\/wp-content\/uploads\/2015\/06\/gott_3d_dvd_ohne.jpg?fit=300%2C400&amp;ssl=1\" data-large-file=\"https:\/\/i0.wp.com\/www.bildstoerung.tv\/blog\/wp-content\/uploads\/2015\/06\/gott_3d_dvd_ohne.jpg?fit=766%2C1024&amp;ssl=1\" src=\"https:\/\/i0.wp.com\/www.bildstoerung.tv\/blog\/wp-content\/uploads\/2015\/06\/gott_3d_dvd_ohne.jpg?resize=200%2C267&#038;ssl=1\" alt=\"gott_3d_dvd_ohne_fsk\" width=\"200\" height=\"267\" size-medium wp-image-1124\" srcset=\"https:\/\/i0.wp.com\/www.bildstoerung.tv\/blog\/wp-content\/uploads\/2015\/06\/gott_3d_dvd_ohne.jpg?resize=150%2C200&amp;ssl=1 150w, https:\/\/i0.wp.com\/www.bildstoerung.tv\/blog\/wp-content\/uploads\/2015\/06\/gott_3d_dvd_ohne.jpg?resize=300%2C400&amp;ssl=1 300w, https:\/\/i0.wp.com\/www.bildstoerung.tv\/blog\/wp-content\/uploads\/2015\/06\/gott_3d_dvd_ohne.jpg?resize=500%2C668&amp;ssl=1 500w, https:\/\/i0.wp.com\/www.bildstoerung.tv\/blog\/wp-content\/uploads\/2015\/06\/gott_3d_dvd_ohne.jpg?resize=766%2C1024&amp;ssl=1 766w, https:\/\/i0.wp.com\/www.bildstoerung.tv\/blog\/wp-content\/uploads\/2015\/06\/gott_3d_dvd_ohne.jpg?resize=900%2C1202&amp;ssl=1 900w, https:\/\/i0.wp.com\/www.bildstoerung.tv\/blog\/wp-content\/uploads\/2015\/06\/gott_3d_dvd_ohne.jpg?fit=1712%2C2288&amp;ssl=1 1712w\" sizes=\"(max-width: 200px) 100vw, 200px\" data-recalc-dims=\"1\" \/> <\/div><\/div>\n<div class=\"su-column su-column-size-2-2\"><div class=\"su-column-inner su-u-clearfix su-u-trim\">\n<a href=\"https:\/\/i0.wp.com\/www.bildstoerung.tv\/blog\/wp-content\/uploads\/2015\/06\/gott_3d_bd_ohne.jpg?ssl=1\"><img decoding=\"async\" data-attachment-id=\"1125\" data-permalink=\"https:\/\/www.bildstoerung.tv\/blog\/presse\/gott-pressedownloads\/gott_3d_bd_ohne\/\" data-orig-file=\"https:\/\/i0.wp.com\/www.bildstoerung.tv\/blog\/wp-content\/uploads\/2015\/06\/gott_3d_bd_ohne.jpg?fit=1712%2C2288&amp;ssl=1\" data-orig-size=\"1712,2288\" data-comments-opened=\"0\" data-image-meta=\"{&quot;aperture&quot;:&quot;2.8&quot;,&quot;credit&quot;:&quot;&quot;,&quot;camera&quot;:&quot;C750UZ&quot;,&quot;caption&quot;:&quot;&quot;,&quot;created_timestamp&quot;:&quot;1091909927&quot;,&quot;copyright&quot;:&quot;&quot;,&quot;focal_length&quot;:&quot;6.3&quot;,&quot;iso&quot;:&quot;200&quot;,&quot;shutter_speed&quot;:&quot;0.033333333333333&quot;,&quot;title&quot;:&quot;&quot;,&quot;orientation&quot;:&quot;1&quot;}\" data-image-title=\"gott_3d_bd_ohne_fsk\" data-image-description=\"\" data-image-caption=\"\" data-medium-file=\"https:\/\/i0.wp.com\/www.bildstoerung.tv\/blog\/wp-content\/uploads\/2015\/06\/gott_3d_bd_ohne.jpg?fit=300%2C400&amp;ssl=1\" data-large-file=\"https:\/\/i0.wp.com\/www.bildstoerung.tv\/blog\/wp-content\/uploads\/2015\/06\/gott_3d_bd_ohne.jpg?fit=766%2C1024&amp;ssl=1\" src=\"https:\/\/i0.wp.com\/www.bildstoerung.tv\/blog\/wp-content\/uploads\/2015\/06\/gott_3d_bd_ohne.jpg?resize=200%2C267&#038;ssl=1\" alt=\"gott_3d_bd_ohne_fsk\" width=\"200\" height=\"267\"  size-medium wp-image-1125\" srcset=\"https:\/\/i0.wp.com\/www.bildstoerung.tv\/blog\/wp-content\/uploads\/2015\/06\/gott_3d_bd_ohne.jpg?resize=150%2C200&amp;ssl=1 150w, https:\/\/i0.wp.com\/www.bildstoerung.tv\/blog\/wp-content\/uploads\/2015\/06\/gott_3d_bd_ohne.jpg?resize=300%2C400&amp;ssl=1 300w, https:\/\/i0.wp.com\/www.bildstoerung.tv\/blog\/wp-content\/uploads\/2015\/06\/gott_3d_bd_ohne.jpg?resize=500%2C668&amp;ssl=1 500w, https:\/\/i0.wp.com\/www.bildstoerung.tv\/blog\/wp-content\/uploads\/2015\/06\/gott_3d_bd_ohne.jpg?resize=766%2C1024&amp;ssl=1 766w, https:\/\/i0.wp.com\/www.bildstoerung.tv\/blog\/wp-content\/uploads\/2015\/06\/gott_3d_bd_ohne.jpg?resize=900%2C1202&amp;ssl=1 900w, https:\/\/i0.wp.com\/www.bildstoerung.tv\/blog\/wp-content\/uploads\/2015\/06\/gott_3d_bd_ohne.jpg?fit=1712%2C2288&amp;ssl=1 1712w\" sizes=\"(max-width: 200px) 100vw, 200px\" data-recalc-dims=\"1\" \/><\/a><br \/>\n<\/div><\/div>\n<\/div><\/a><\/p>\n<p>&nbsp;<\/p>\n<p style=\"text-align: left;\">Filmplakat<\/p>\n<div class=\"su-row\">\n<div class=\"su-column su-column-size-1-2\"><div class=\"su-column-inner su-u-clearfix su-u-trim\">\n<a href=\"https:\/\/i0.wp.com\/www.bildstoerung.tv\/blog\/wp-content\/uploads\/2015\/06\/Gott_Poster.jpg?ssl=1\"><img decoding=\"async\" src=\"https:\/\/i0.wp.com\/www.bildstoerung.tv\/blog\/wp-content\/uploads\/2015\/06\/Gott_Poster_klein.jpg?resize=240%2C339&#038;ssl=1\" alt=\"Poster\" width=\"240\" height=\"339\" data-recalc-dims=\"1\" \/> <\/div><\/div>\n<div class=\"su-column su-column-size-2-2\"><div class=\"su-column-inner su-u-clearfix su-u-trim\">\n<\/div><\/div>\n<\/div><\/a><\/p>\n<div class=\"su-row\">\n<div class=\"su-column su-column-size-1-2\"><div class=\"su-column-inner su-u-clearfix su-u-trim\">\n<a href=\"https:\/\/i0.wp.com\/www.bildstoerung.tv\/blog\/wp-content\/uploads\/2014\/11\/50_01.jpg?ssl=1\"><img decoding=\"async\" src=\"https:\/\/i0.wp.com\/www.bildstoerung.tv\/blog\/wp-content\/uploads\/2014\/11\/50_01.jpg?resize=250%2C367&#038;ssl=1\" alt=\"DVD Packshot\" width=\"250\" height=\"367\" data-recalc-dims=\"1\" \/> <\/div><\/div>\n<div class=\"su-column su-column-size-2-2\"><div class=\"su-column-inner su-u-clearfix su-u-trim\">\n<\/a><a href=\"https:\/\/i0.wp.com\/www.bildstoerung.tv\/blog\/wp-content\/uploads\/2014\/11\/\u0420\u045e\u0420\u2018\u0420\u2018_121.jpg?ssl=1\"><img decoding=\"async\" src=\"https:\/\/i0.wp.com\/www.bildstoerung.tv\/blog\/wp-content\/uploads\/2014\/11\/\u0420\u045e\u0420\u2018\u0420\u2018_121.jpg?resize=250%2C367&#038;ssl=1\" alt=\"Blu-ray Packshot\" width=\"250\" height=\"367\" data-recalc-dims=\"1\" \/><\/a><br \/>\n<\/div><\/div>\n<\/div><\/a><\/p>\n<hr \/>\n<div class=\"su-row\">\n<div class=\"su-column su-column-size-1-2\"><div class=\"su-column-inner su-u-clearfix su-u-trim\">\n<a href=\"https:\/\/i0.wp.com\/www.bildstoerung.tv\/blog\/wp-content\/uploads\/2014\/11\/HARDtoBEaGOD-actorLeonidYarmolnik-Photo7m.jpg?ssl=1\"><img decoding=\"async\" src=\"https:\/\/i0.wp.com\/www.bildstoerung.tv\/blog\/wp-content\/uploads\/2014\/11\/HARDtoBEaGOD-actorLeonidYarmolnik-Photo7m.jpg?resize=250%2C187&#038;ssl=1\" alt=\"DVD Packshot\" width=\"250\" height=\"187\" data-recalc-dims=\"1\" \/> <\/div><\/div>\n<div class=\"su-column su-column-size-2-2\"><div class=\"su-column-inner su-u-clearfix su-u-trim\">\n<\/a><a href=\"https:\/\/i0.wp.com\/www.bildstoerung.tv\/blog\/wp-content\/uploads\/2014\/11\/620592.jpg?ssl=1\"><img decoding=\"async\" src=\"https:\/\/i0.wp.com\/www.bildstoerung.tv\/blog\/wp-content\/uploads\/2014\/11\/620592.jpg?resize=200%2C292&#038;ssl=1\" alt=\"Blu-ray Packshot\" width=\"200\" height=\"292\" data-recalc-dims=\"1\" \/><\/a><br \/>\n<\/div><\/div>\n<\/div><\/a><\/p>\n<hr \/>\n<div class=\"su-row\">\n<div class=\"su-column su-column-size-1-2\"><div class=\"su-column-inner su-u-clearfix su-u-trim\">\n<a href=\"https:\/\/i0.wp.com\/www.bildstoerung.tv\/blog\/wp-content\/uploads\/2014\/11\/p_620556.jpg?ssl=1\"><img decoding=\"async\" src=\"https:\/\/i0.wp.com\/www.bildstoerung.tv\/blog\/wp-content\/uploads\/2014\/11\/p_620556.jpg?resize=200%2C292&#038;ssl=1\" alt=\"DVD Packshot\" width=\"200\" height=\"292\" data-recalc-dims=\"1\" \/> <\/div><\/div>\n<div class=\"su-column su-column-size-2-2\"><div class=\"su-column-inner su-u-clearfix su-u-trim\">\n<\/a><a href=\"https:\/\/i0.wp.com\/www.bildstoerung.tv\/blog\/wp-content\/uploads\/2014\/11\/620560.jpg?ssl=1\"><img decoding=\"async\" src=\"https:\/\/i0.wp.com\/www.bildstoerung.tv\/blog\/wp-content\/uploads\/2014\/11\/620560.jpg?resize=250%2C168&#038;ssl=1\" alt=\"Blu-ray Packshot\" width=\"250\" height=\"168\" data-recalc-dims=\"1\" \/><\/a><br \/>\n<\/div><\/div>\n<\/div><\/a><\/p>\n<hr \/>\n<div class=\"su-row\">\n<div class=\"su-column su-column-size-1-2\"><div class=\"su-column-inner su-u-clearfix su-u-trim\">\n<a href=\"https:\/\/i0.wp.com\/www.bildstoerung.tv\/blog\/wp-content\/uploads\/2014\/11\/E__FFM_Pictures_Filme_28_4232_Trudno.byt_.jpg?ssl=1\"><img decoding=\"async\" src=\"https:\/\/i0.wp.com\/www.bildstoerung.tv\/blog\/wp-content\/uploads\/2014\/11\/E__FFM_Pictures_Filme_28_4232_Trudno.byt_.jpg?resize=250%2C159&#038;ssl=1\" alt=\"DVD Packshot\" width=\"250\" height=\"159\" data-recalc-dims=\"1\" \/> <\/div><\/div>\n<div class=\"su-column su-column-size-2-2\"><div class=\"su-column-inner su-u-clearfix su-u-trim\">\n<\/a><a href=\"https:\/\/i0.wp.com\/www.bildstoerung.tv\/blog\/wp-content\/uploads\/2014\/11\/HARDtoBEaGOD-actorLeonid-Yarmolnik-Photo1m.jpg?ssl=1\"><img decoding=\"async\" src=\"https:\/\/i0.wp.com\/www.bildstoerung.tv\/blog\/wp-content\/uploads\/2014\/11\/HARDtoBEaGOD-actorLeonid-Yarmolnik-Photo1m.jpg?resize=250%2C165&#038;ssl=1\" alt=\"Blu-ray Packshot\" width=\"250\" height=\"165\" data-recalc-dims=\"1\" \/><\/a><br \/>\n<\/div><\/div>\n<\/div><\/a><\/p>\n<hr \/>\n<div class=\"su-row\">\n<div class=\"su-column su-column-size-1-2\"><div class=\"su-column-inner su-u-clearfix su-u-trim\">\n<a href=\"https:\/\/i0.wp.com\/www.bildstoerung.tv\/blog\/wp-content\/uploads\/2014\/11\/p_620547.jpg?ssl=1\"><img decoding=\"async\" src=\"https:\/\/i0.wp.com\/www.bildstoerung.tv\/blog\/wp-content\/uploads\/2014\/11\/p_620547.jpg?resize=171%2C250&#038;ssl=1\" alt=\"DVD Packshot\" width=\"171\" height=\"250\" data-recalc-dims=\"1\" \/> <\/div><\/div>\n<div class=\"su-column su-column-size-2-2\"><div class=\"su-column-inner su-u-clearfix su-u-trim\">\n<\/a><a href=\"https:\/\/i0.wp.com\/www.bildstoerung.tv\/blog\/wp-content\/uploads\/2014\/11\/kadr-2_trudno-byt-bogom.jpg?ssl=1\"><img decoding=\"async\" src=\"https:\/\/i0.wp.com\/www.bildstoerung.tv\/blog\/wp-content\/uploads\/2014\/11\/kadr-2_trudno-byt-bogom.jpg?resize=167%2C250&#038;ssl=1\" alt=\"Blu-ray Packshot\" width=\"167\" height=\"250\" data-recalc-dims=\"1\" \/><\/a><br \/>\n<\/div><\/div>\n<\/div><\/a><\/p>\n<hr \/>\n<div class=\"su-row\">\n<div class=\"su-column su-column-size-1-2\"><div class=\"su-column-inner su-u-clearfix su-u-trim\">\n<a href=\"https:\/\/i0.wp.com\/www.bildstoerung.tv\/blog\/wp-content\/uploads\/2015\/06\/HBG_Stills-196.jpg?ssl=1\"><img decoding=\"async\" data-attachment-id=\"1127\" data-permalink=\"https:\/\/www.bildstoerung.tv\/blog\/presse\/gott-pressedownloads\/hbg_stills-196\/\" data-orig-file=\"https:\/\/i0.wp.com\/www.bildstoerung.tv\/blog\/wp-content\/uploads\/2015\/06\/HBG_Stills-196.jpg?fit=1200%2C793&amp;ssl=1\" data-orig-size=\"1200,793\" data-comments-opened=\"0\" data-image-meta=\"{&quot;aperture&quot;:&quot;0&quot;,&quot;credit&quot;:&quot;&quot;,&quot;camera&quot;:&quot;&quot;,&quot;caption&quot;:&quot;&quot;,&quot;created_timestamp&quot;:&quot;0&quot;,&quot;copyright&quot;:&quot;&quot;,&quot;focal_length&quot;:&quot;0&quot;,&quot;iso&quot;:&quot;0&quot;,&quot;shutter_speed&quot;:&quot;0&quot;,&quot;title&quot;:&quot;&quot;,&quot;orientation&quot;:&quot;1&quot;}\" data-image-title=\"HBG_Stills (196)\" data-image-description=\"\" data-image-caption=\"\" data-medium-file=\"https:\/\/i0.wp.com\/www.bildstoerung.tv\/blog\/wp-content\/uploads\/2015\/06\/HBG_Stills-196.jpg?fit=300%2C198&amp;ssl=1\" data-large-file=\"https:\/\/i0.wp.com\/www.bildstoerung.tv\/blog\/wp-content\/uploads\/2015\/06\/HBG_Stills-196.jpg?fit=1024%2C676&amp;ssl=1\" src=\"https:\/\/i0.wp.com\/www.bildstoerung.tv\/blog\/wp-content\/uploads\/2015\/06\/HBG_Stills-196.jpg?resize=260%2C172&#038;ssl=1\" alt=\"HBG_Stills (196)\" width=\"260\" height=\"172\" size-medium wp-image-1127\" srcset=\"https:\/\/i0.wp.com\/www.bildstoerung.tv\/blog\/wp-content\/uploads\/2015\/06\/HBG_Stills-196.jpg?resize=150%2C99&amp;ssl=1 150w, https:\/\/i0.wp.com\/www.bildstoerung.tv\/blog\/wp-content\/uploads\/2015\/06\/HBG_Stills-196.jpg?resize=300%2C198&amp;ssl=1 300w, https:\/\/i0.wp.com\/www.bildstoerung.tv\/blog\/wp-content\/uploads\/2015\/06\/HBG_Stills-196.jpg?resize=500%2C330&amp;ssl=1 500w, https:\/\/i0.wp.com\/www.bildstoerung.tv\/blog\/wp-content\/uploads\/2015\/06\/HBG_Stills-196.jpg?resize=900%2C594&amp;ssl=1 900w, https:\/\/i0.wp.com\/www.bildstoerung.tv\/blog\/wp-content\/uploads\/2015\/06\/HBG_Stills-196.jpg?resize=1024%2C676&amp;ssl=1 1024w, https:\/\/i0.wp.com\/www.bildstoerung.tv\/blog\/wp-content\/uploads\/2015\/06\/HBG_Stills-196.jpg?fit=1200%2C793&amp;ssl=1 1200w\" sizes=\"(max-width: 260px) 100vw, 260px\" data-recalc-dims=\"1\" \/><\/a> <\/div><\/div>\n<div class=\"su-column su-column-size-2-2\"><div class=\"su-column-inner su-u-clearfix su-u-trim\">\n<a href=\"https:\/\/i0.wp.com\/www.bildstoerung.tv\/blog\/wp-content\/uploads\/2015\/06\/p_620587.jpg?ssl=1\"><img decoding=\"async\" data-attachment-id=\"1128\" data-permalink=\"https:\/\/www.bildstoerung.tv\/blog\/presse\/gott-pressedownloads\/p_620587\/\" data-orig-file=\"https:\/\/i0.wp.com\/www.bildstoerung.tv\/blog\/wp-content\/uploads\/2015\/06\/p_620587.jpg?fit=850%2C592&amp;ssl=1\" data-orig-size=\"850,592\" data-comments-opened=\"0\" data-image-meta=\"{&quot;aperture&quot;:&quot;0&quot;,&quot;credit&quot;:&quot;&quot;,&quot;camera&quot;:&quot;&quot;,&quot;caption&quot;:&quot;&quot;,&quot;created_timestamp&quot;:&quot;0&quot;,&quot;copyright&quot;:&quot;&quot;,&quot;focal_length&quot;:&quot;0&quot;,&quot;iso&quot;:&quot;0&quot;,&quot;shutter_speed&quot;:&quot;0&quot;,&quot;title&quot;:&quot;&quot;,&quot;orientation&quot;:&quot;0&quot;}\" data-image-title=\"p_620587\" data-image-description=\"\" data-image-caption=\"\" data-medium-file=\"https:\/\/i0.wp.com\/www.bildstoerung.tv\/blog\/wp-content\/uploads\/2015\/06\/p_620587.jpg?fit=300%2C208&amp;ssl=1\" data-large-file=\"https:\/\/i0.wp.com\/www.bildstoerung.tv\/blog\/wp-content\/uploads\/2015\/06\/p_620587.jpg?fit=850%2C592&amp;ssl=1\" src=\"https:\/\/i0.wp.com\/www.bildstoerung.tv\/blog\/wp-content\/uploads\/2015\/06\/p_620587.jpg?resize=260%2C180&#038;ssl=1\" alt=\"p_620587\" width=\"260\" height=\"180\"  size-medium wp-image-1128\" srcset=\"https:\/\/i0.wp.com\/www.bildstoerung.tv\/blog\/wp-content\/uploads\/2015\/06\/p_620587.jpg?resize=150%2C104&amp;ssl=1 150w, https:\/\/i0.wp.com\/www.bildstoerung.tv\/blog\/wp-content\/uploads\/2015\/06\/p_620587.jpg?resize=300%2C208&amp;ssl=1 300w, https:\/\/i0.wp.com\/www.bildstoerung.tv\/blog\/wp-content\/uploads\/2015\/06\/p_620587.jpg?resize=500%2C348&amp;ssl=1 500w, https:\/\/i0.wp.com\/www.bildstoerung.tv\/blog\/wp-content\/uploads\/2015\/06\/p_620587.jpg?fit=850%2C592&amp;ssl=1 850w\" sizes=\"(max-width: 260px) 100vw, 260px\" data-recalc-dims=\"1\" \/><\/a><br \/>\n<\/div><\/div>\n<\/div><\/a><\/p>\n","protected":false},"excerpt":{"rendered":"<p>Zum Download der druckf\u00e4higen Dateien einfach mit der rechten Maustaste [&hellip;]<\/p>\n","protected":false},"author":1,"featured_media":0,"parent":45,"menu_order":0,"comment_status":"closed","ping_status":"open","template":"","meta":{"om_disable_all_campaigns":false,"sfsi_plus_gutenberg_text_before_share":"","sfsi_plus_gutenberg_show_text_before_share":"","sfsi_plus_gutenberg_icon_type":"","sfsi_plus_gutenberg_icon_alignemt":"","sfsi_plus_gutenburg_max_per_row":"","_uf_show_specific_survey":0,"_uf_disable_surveys":false,"jetpack_post_was_ever_published":false,"footnotes":""},"class_list":["post-1058","page","type-page","status-publish","hentry"],"aioseo_notices":[],"jetpack_sharing_enabled":true,"jetpack_shortlink":"https:\/\/wp.me\/P5YmIz-h4","jetpack-related-posts":[],"_links":{"self":[{"href":"https:\/\/www.bildstoerung.tv\/blog\/wp-json\/wp\/v2\/pages\/1058","targetHints":{"allow":["GET"]}}],"collection":[{"href":"https:\/\/www.bildstoerung.tv\/blog\/wp-json\/wp\/v2\/pages"}],"about":[{"href":"https:\/\/www.bildstoerung.tv\/blog\/wp-json\/wp\/v2\/types\/page"}],"author":[{"embeddable":true,"href":"https:\/\/www.bildstoerung.tv\/blog\/wp-json\/wp\/v2\/users\/1"}],"replies":[{"embeddable":true,"href":"https:\/\/www.bildstoerung.tv\/blog\/wp-json\/wp\/v2\/comments?post=1058"}],"version-history":[{"count":0,"href":"https:\/\/www.bildstoerung.tv\/blog\/wp-json\/wp\/v2\/pages\/1058\/revisions"}],"up":[{"embeddable":true,"href":"https:\/\/www.bildstoerung.tv\/blog\/wp-json\/wp\/v2\/pages\/45"}],"wp:attachment":[{"href":"https:\/\/www.bildstoerung.tv\/blog\/wp-json\/wp\/v2\/media?parent=1058"}],"curies":[{"name":"wp","href":"https:\/\/api.w.org\/{rel}","templated":true}]}}