{"id":102,"date":"2009-01-20T13:34:26","date_gmt":"2009-01-20T11:34:26","guid":{"rendered":"http:\/\/www.bildstoerung.tv\/blog\/?page_id=102"},"modified":"2009-01-22T12:52:06","modified_gmt":"2009-01-22T10:52:06","slug":"ein-kind-zu-toten-pressedownloads","status":"publish","type":"page","link":"https:\/\/www.bildstoerung.tv\/blog\/presse\/ein-kind-zu-toten-pressedownloads\/","title":{"rendered":"EIN KIND ZU T\u00d6TEN&#8230; &#8211; Pressedownloads"},"content":{"rendered":"<p class=\"MsoNormal\" style=\"text-align: center;\"><strong><br \/>\n<\/strong><\/p>\n<p class=\"MsoNormal\" style=\"text-align: center;\"><strong><span style=\"font-size: 10pt; font-family: Arial;\"> <\/span><\/strong><\/p>\n<p style=\"text-align: left;\">Zum Download der druckf\u00e4higen Dateien einfach mit der rechten Maustaste auf die Abbildungen klicken und im Men\u00fc den Punkt &#8222;Ziel speichern unter&#8230;&#8220; ausw\u00e4hlen.<\/p>\n<p class=\"MsoNormal\" style=\"text-align: center;\"><strong><br \/>\n<\/strong><\/p>\n<p class=\"MsoNormal\" style=\"text-align: center;\"><strong><span style=\"font-size: 10pt; font-family: Arial;\"> <\/span><\/strong><\/p>\n<p class=\"MsoNormal\">\n<p><a title=\"Cover ohne FSK\" href=\"https:\/\/i0.wp.com\/www.bildstoerung.tv\/\/pressedownload\/cover_kind_oLogo.jpg?ssl=1\" target=\"_blank\"><img decoding=\"async\" class=\"alignright\" style=\"float: right;\" src=\"https:\/\/i0.wp.com\/www.bildstoerung.tv\/\/blog\/wp-content\/uploads\/2009\/01\/cover_kind_oLogo_klein.jpg?resize=239%2C331&#038;ssl=1\" alt=\"Cover ohne FSK\" width=\"239\" height=\"331\" data-recalc-dims=\"1\" \/> <\/a><\/p>\n<p class=\"MsoNormal\" style=\"text-align: center;\"><strong><span style=\"font-size: 10pt; font-family: Arial;\"> <\/span><\/strong><\/p>\n<p><a href=\"https:\/\/www.bildstoerung.tv\/blog\/wp-content\/uploads\/2008\/09\/marquis_packshot_3d_klein.jpg\"> <\/a><\/p>\n<p class=\"MsoNormal\" style=\"text-align: center;\"><strong><span style=\"font-size: 10pt; font-family: Arial;\"> <\/span><\/strong><\/p>\n<p class=\"MsoNormal\" style=\"text-align: center;\"><strong><span style=\"font-size: 10pt; font-family: Arial;\"> <\/span><\/strong><\/p>\n<p class=\"MsoNormal\" style=\"text-align: center;\"><strong><span style=\"font-size: 10pt; font-family: Arial;\"> <\/span><\/strong><\/p>\n<p class=\"MsoNormal\" style=\"text-align: center;\"><strong><span style=\"font-size: 10pt; font-family: Arial;\"> <\/span><\/strong><\/p>\n<p class=\"MsoNormal\" style=\"text-align: center;\"><strong><span style=\"font-size: 10pt; font-family: Arial;\"> <\/span><\/strong><\/p>\n<p class=\"MsoNormal\" style=\"text-align: center;\"><strong><span style=\"font-size: 10pt; font-family: Arial;\"> <\/span><\/strong><\/p>\n<p class=\"MsoNormal\" style=\"text-align: center;\"><strong><span style=\"font-size: 10pt; font-family: Arial;\"> <\/span><\/strong><\/p>\n<p class=\"MsoNormal\" style=\"text-align: center;\"><strong><span style=\"font-size: 10pt; font-family: Arial;\"> <\/span><\/strong><\/p>\n<p class=\"MsoNormal\"><a title=\"Cover \/ FSK\" href=\"https:\/\/i0.wp.com\/www.bildstoerung.tv\/pressedownload\/cover_kind.jpg?ssl=1\" target=\"_blank\"><img decoding=\"async\" class=\"alignleft\" style=\"float: left;\" src=\"https:\/\/i0.wp.com\/www.bildstoerung.tv\/\/blog\/wp-content\/uploads\/2009\/01\/cover_kind_klein.jpg?resize=239%2C331&#038;ssl=1\" alt=\"Cover \/ FSK\" width=\"239\" height=\"331\" data-recalc-dims=\"1\" \/><\/a><\/p>\n<p class=\"MsoNormal\" style=\"text-align: center;\"><strong><br \/>\n<\/strong><\/p>\n<p class=\"MsoNormal\" style=\"text-align: center;\"><strong><span style=\"font-size: 10pt; font-family: Arial;\"> <\/span><\/strong><\/p>\n<p class=\"MsoNormal\">\n<p class=\"MsoNormal\" style=\"text-align: center;\"><strong><br \/>\n<\/strong><\/p>\n<p class=\"MsoNormal\" style=\"text-align: center;\"><strong><span style=\"font-size: 10pt; font-family: Arial;\"> <\/span><\/strong><\/p>\n<p class=\"MsoNormal\">\n<p class=\"MsoNormal\" style=\"text-align: center;\"><strong><span style=\"font-size: 10pt; font-family: Arial;\"> <\/span><\/strong><\/p>\n<p class=\"MsoNormal\">\n<p class=\"MsoNormal\" style=\"text-align: center;\">\n<p class=\"MsoNormal\" style=\"text-align: center;\"><strong><br \/>\n<\/strong><\/p>\n<p class=\"MsoNormal\" style=\"text-align: center;\"><strong><span style=\"font-size: 10pt; font-family: Arial;\"> <\/span><\/strong><\/p>\n<p class=\"MsoNormal\">\n<p class=\"MsoNormal\" style=\"text-align: center;\"><strong><br \/>\n<\/strong><\/p>\n<p class=\"MsoNormal\" style=\"text-align: center;\"><strong><span style=\"font-size: 10pt; font-family: Arial;\"> <\/span><\/strong><\/p>\n<p class=\"MsoNormal\">\n<p class=\"MsoNormal\" style=\"text-align: center;\"><strong><br \/>\n<\/strong><\/p>\n<p class=\"MsoNormal\" style=\"text-align: center;\"><strong><span style=\"font-size: 10pt; font-family: Arial;\"> <\/span><\/strong><\/p>\n<p class=\"MsoNormal\">\n<p class=\"MsoNormal\" style=\"text-align: center;\"><strong><br \/>\n<\/strong><\/p>\n<p class=\"MsoNormal\" style=\"text-align: center;\"><strong><span style=\"font-size: 10pt; font-family: Arial;\"> <\/span><\/strong><\/p>\n<p class=\"MsoNormal\">\n<p class=\"MsoNormal\" style=\"text-align: center;\"><strong><br \/>\n<\/strong><\/p>\n<p class=\"MsoNormal\" style=\"text-align: center;\"><strong><span style=\"font-size: 10pt; font-family: Arial;\"> <\/span><\/strong><\/p>\n<p class=\"MsoNormal\">\n<p class=\"MsoNormal\" style=\"text-align: center;\"><strong><br \/>\n<\/strong><\/p>\n<p class=\"MsoNormal\" style=\"text-align: center;\"><strong><span style=\"font-size: 10pt; font-family: Arial;\"> <\/span><\/strong><\/p>\n<p class=\"MsoNormal\">\n<p class=\"MsoNormal\" style=\"text-align: center;\">\n<p class=\"MsoNormal\" style=\"text-align: center;\"><strong><br \/>\n<\/strong><\/p>\n<p class=\"MsoNormal\" style=\"text-align: center;\"><strong><span style=\"font-size: 10pt; font-family: Arial;\"> <\/span><\/strong><\/p>\n<p class=\"MsoNormal\">\n<p class=\"MsoNormal\" style=\"text-align: center;\"><strong><br \/>\n<\/strong><\/p>\n<p class=\"MsoNormal\" style=\"text-align: center;\"><strong><span style=\"font-size: 10pt; font-family: Arial;\"> <\/span><\/strong><\/p>\n<p class=\"MsoNormal\">\n<p class=\"MsoNormal\" style=\"text-align: center;\"><strong><br \/>\n<\/strong><\/p>\n<p class=\"MsoNormal\" style=\"text-align: center;\"><strong><span style=\"font-size: 10pt; font-family: Arial;\"> <\/span><\/strong><\/p>\n<p class=\"MsoNormal\">\n<p class=\"MsoNormal\" style=\"text-align: center;\"><strong><br \/>\n<\/strong><\/p>\n<p class=\"MsoNormal\" style=\"text-align: center;\"><strong><span style=\"font-size: 10pt; font-family: Arial;\"> <\/span><\/strong><\/p>\n<p class=\"MsoNormal\">\n<p class=\"MsoNormal\" style=\"text-align: center;\">\n<p class=\"MsoNormal\" style=\"text-align: center;\"><strong><br \/>\n<\/strong><\/p>\n<p class=\"MsoNormal\" style=\"text-align: center;\"><strong><span style=\"font-size: 10pt; font-family: Arial;\"> <\/span><\/strong><\/p>\n<p class=\"MsoNormal\">\n<p class=\"MsoNormal\" style=\"text-align: center;\">\n<p class=\"MsoNormal\" style=\"text-align: center;\"><strong><br \/>\n<\/strong><\/p>\n<p class=\"MsoNormal\" style=\"text-align: center;\"><strong><span style=\"font-size: 10pt; font-family: Arial;\"> <\/span><\/strong><\/p>\n<p class=\"MsoNormal\">\n<p class=\"MsoNormal\" style=\"text-align: center;\"><strong><br \/>\n<\/strong><\/p>\n<p class=\"MsoNormal\" style=\"text-align: center;\"><strong><span style=\"font-size: 10pt; font-family: Arial;\"> <\/span><\/strong><\/p>\n<p class=\"MsoNormal\">\n<p class=\"MsoNormal\" style=\"text-align: center;\"><strong><br \/>\n<\/strong><\/p>\n<p class=\"MsoNormal\" style=\"text-align: center;\"><strong><span style=\"font-size: 10pt; font-family: Arial;\"> <\/span><\/strong><\/p>\n<p class=\"MsoNormal\">\n<p class=\"MsoNormal\" style=\"text-align: center;\"><strong><br \/>\n<\/strong><\/p>\n<p class=\"MsoNormal\" style=\"text-align: center;\"><strong><span style=\"font-size: 10pt; font-family: Arial;\"> <\/span><\/strong><\/p>\n<p class=\"MsoNormal\">\n<p class=\"MsoNormal\" style=\"text-align: center;\"><strong><br \/>\n<\/strong><\/p>\n<p class=\"MsoNormal\" style=\"text-align: center;\"><strong><span style=\"font-size: 10pt; font-family: Arial;\"> <\/span><\/strong><\/p>\n<p class=\"MsoNormal\">\n<p class=\"MsoNormal\" style=\"text-align: center;\">\n<p class=\"MsoNormal\" style=\"text-align: center;\"><strong><br \/>\n<\/strong><\/p>\n<p class=\"MsoNormal\" style=\"text-align: center;\"><strong><span style=\"font-size: 10pt; font-family: Arial;\"> <\/span><\/strong><\/p>\n<p class=\"MsoNormal\">\n<p class=\"MsoNormal\" style=\"text-align: center;\">\n<p class=\"MsoNormal\" style=\"text-align: center;\"><strong><span style=\"font-size: 10pt; font-family: Arial;\"> <\/span><\/strong><\/p>\n<p class=\"MsoNormal\">\n<p class=\"MsoNormal\" style=\"text-align: center;\"><strong><span style=\"font-size: 10pt; font-family: Arial;\"> <\/span><\/strong><\/p>\n<p class=\"MsoNormal\">\n<p class=\"MsoNormal\" style=\"text-align: center;\"><strong><span style=\"font-size: 10pt; font-family: Arial;\"> <\/span><\/strong><\/p>\n<p class=\"MsoNormal\">\n<p class=\"MsoNormal\" style=\"text-align: center;\"><strong><br \/>\n<\/strong><\/p>\n<p class=\"MsoNormal\" style=\"text-align: center;\"><strong><span style=\"font-size: 10pt; font-family: Arial;\"> <\/span><\/strong><\/p>\n<p class=\"MsoNormal\">\n<p class=\"MsoNormal\" style=\"text-align: center;\"><strong><span style=\"font-size: 10pt; font-family: Arial;\"> <\/span><\/strong><\/p>\n<p class=\"MsoNormal\">\n<p class=\"MsoNormal\" style=\"text-align: center;\"><strong><span style=\"font-size: 10pt; font-family: Arial;\"> <\/span><\/strong><\/p>\n<p class=\"MsoNormal\">\n<p class=\"MsoNormal\" style=\"text-align: center;\"><strong><span style=\"font-size: 10pt; font-family: Arial;\"> <\/span><\/strong><\/p>\n<p class=\"MsoNormal\">\n<p><a href=\"https:\/\/www.bildstoerung.tv\/blog\/wp-content\/uploads\/2008\/09\/marquis_presse4_klein.jpg\"> <\/a><\/p>\n<p class=\"MsoNormal\" style=\"text-align: center;\"><strong><span style=\"font-size: 10pt; font-family: Arial;\"> <\/span><\/strong><\/p>\n<p class=\"MsoNormal\" style=\"text-align: center;\"><strong><span style=\"font-size: 10pt; font-family: Arial;\"> <\/span><\/strong><\/p>\n<p class=\"MsoNormal\" style=\"text-align: center;\"><strong><span style=\"font-size: 10pt; font-family: Arial;\"> <\/span><\/strong><\/p>\n<p class=\"MsoNormal\" style=\"text-align: center;\"><strong><span style=\"font-size: 10pt; font-family: Arial;\"> <\/span><\/strong><\/p>\n<p class=\"MsoNormal\" style=\"text-align: center;\"><strong><span style=\"font-size: 10pt; font-family: Arial;\"> <\/span><\/strong><\/p>\n<p><a href=\"https:\/\/www.bildstoerung.tv\/blog\/wp-content\/uploads\/2008\/09\/marquis_presse4_klein.jpg\"> <\/a><\/p>\n<p><a href=\"https:\/\/www.bildstoerung.tv\/blog\/wp-content\/uploads\/2008\/09\/marquis_presse5_klein.jpg\"> <\/a><\/p>\n<p><a title=\"Ein Kind zu t\u00f6ten... 1\" href=\"https:\/\/i0.wp.com\/www.bildstoerung.tv\/\/pressedownload\/Kind01.jpg?ssl=1\" target=\"_blank\"><img decoding=\"async\" class=\"alignleft\" style=\"float: left;\" src=\"https:\/\/i0.wp.com\/www.bildstoerung.tv\/blog\/wp-content\/uploads\/2009\/01\/Kind01_klein.jpg?resize=280%2C154&#038;ssl=1\" alt=\"Ein kind zu t\u00f6ten... 1\" width=\"280\" height=\"154\" data-recalc-dims=\"1\" \/><\/a><a title=\"Ein Kind zu t\u00f6ten... 2\" href=\"https:\/\/i0.wp.com\/www.bildstoerung.tv\/\/pressedownload\/kind02.jpg?ssl=1\" target=\"_blank\"><img decoding=\"async\" class=\"alignright\" style=\"float: right;\" src=\"https:\/\/i0.wp.com\/www.bildstoerung.tv\/\/blog\/wp-content\/uploads\/2009\/01\/kind02_klein.jpg?resize=280%2C154&#038;ssl=1\" alt=\"Ein kind zu t\u00f6ten... 2\" width=\"280\" height=\"154\" data-recalc-dims=\"1\" \/><\/a><\/p>\n<p class=\"MsoNormal\" style=\"text-align: center;\"><strong><br \/>\n<\/strong><\/p>\n<p class=\"MsoNormal\" style=\"text-align: center;\"><strong><span style=\"font-size: 10pt; font-family: Arial;\"> <\/span><\/strong><\/p>\n<p class=\"MsoNormal\">\n<p class=\"MsoNormal\" style=\"text-align: center;\"><strong><br \/>\n<\/strong><\/p>\n<p class=\"MsoNormal\" style=\"text-align: center;\"><strong><span style=\"font-size: 10pt; font-family: Arial;\"> <\/span><\/strong><\/p>\n<p class=\"MsoNormal\">\n<p class=\"MsoNormal\" style=\"text-align: center;\"><strong><br \/>\n<\/strong><\/p>\n<p class=\"MsoNormal\" style=\"text-align: center;\"><strong><span style=\"font-size: 10pt; font-family: Arial;\"> <\/span><\/strong><\/p>\n<p class=\"MsoNormal\">\n<p class=\"MsoNormal\" style=\"text-align: center;\"><strong><br \/>\n<\/strong><\/p>\n<p class=\"MsoNormal\" style=\"text-align: center;\"><strong><span style=\"font-size: 10pt; font-family: Arial;\"> <\/span><\/strong><\/p>\n<p class=\"MsoNormal\">\n<p class=\"MsoNormal\" style=\"text-align: center;\"><strong><br \/>\n<\/strong><\/p>\n<p class=\"MsoNormal\" style=\"text-align: center;\"><strong><span style=\"font-size: 10pt; font-family: Arial;\"> <\/span><\/strong><\/p>\n<p class=\"MsoNormal\">\n<p class=\"MsoNormal\" style=\"text-align: center;\"><strong><br \/>\n<\/strong><\/p>\n<p class=\"MsoNormal\" style=\"text-align: center;\"><strong><span style=\"font-size: 10pt; font-family: Arial;\"> <\/span><\/strong><\/p>\n<p class=\"MsoNormal\">\n<p class=\"MsoNormal\" style=\"text-align: center;\"><strong><br \/>\n<\/strong><\/p>\n<p class=\"MsoNormal\" style=\"text-align: center;\"><strong><span style=\"font-size: 10pt; font-family: Arial;\"> <\/span><\/strong><\/p>\n<p class=\"MsoNormal\">\n<p class=\"MsoNormal\" style=\"text-align: center;\"><strong><br \/>\n<\/strong><\/p>\n<p class=\"MsoNormal\" style=\"text-align: center;\"><strong><span style=\"font-size: 10pt; font-family: Arial;\"> <\/span><\/strong><\/p>\n<p class=\"MsoNormal\">\n<p class=\"MsoNormal\" style=\"text-align: center;\">\n<p class=\"MsoNormal\" style=\"text-align: center;\"><strong><br \/>\n<\/strong><\/p>\n<p class=\"MsoNormal\" style=\"text-align: center;\"><strong><span style=\"font-size: 10pt; font-family: Arial;\"> <\/span><\/strong><\/p>\n<p class=\"MsoNormal\">\n<p class=\"MsoNormal\" style=\"text-align: center;\"><strong><br \/>\n<\/strong><\/p>\n<p class=\"MsoNormal\" style=\"text-align: center;\"><strong><span style=\"font-size: 10pt; font-family: Arial;\"> <\/span><\/strong><\/p>\n<p class=\"MsoNormal\">\n<p class=\"MsoNormal\" style=\"text-align: center;\">\n<p class=\"MsoNormal\" style=\"text-align: center;\"><strong><span style=\"font-size: 10pt; font-family: Arial;\"> <\/span><\/strong><\/p>\n<p class=\"MsoNormal\">\n<p class=\"MsoNormal\" style=\"text-align: center;\"><strong><span style=\"font-size: 10pt; font-family: Arial;\"> <\/span><\/strong><\/p>\n<p class=\"MsoNormal\">\n<p class=\"MsoNormal\" style=\"text-align: center;\"><strong><span style=\"font-size: 10pt; font-family: Arial;\"> <\/span><\/strong><\/p>\n<p class=\"MsoNormal\">\n<p class=\"MsoNormal\" style=\"text-align: center;\">\n<p class=\"MsoNormal\" style=\"text-align: center;\"><strong><span style=\"font-size: 10pt; font-family: Arial;\"> <\/span><\/strong><\/p>\n<p class=\"MsoNormal\">\n<p class=\"MsoNormal\" style=\"text-align: center;\"><a title=\"Ein Kind zu t\u00f6ten... 4\" href=\"https:\/\/i0.wp.com\/www.bildstoerung.tv\/\/pressedownload\/kind04.jpg?ssl=1\" target=\"_blank\"><img decoding=\"async\" class=\"alignright\" style=\"float: right;\" src=\"https:\/\/i0.wp.com\/www.bildstoerung.tv\/\/blog\/wp-content\/uploads\/2009\/01\/kind04_klein.jpg?resize=280%2C154&#038;ssl=1\" alt=\"Ein kind zu t\u00f6ten... 4\" width=\"280\" height=\"154\" data-recalc-dims=\"1\" \/> <\/a><\/p>\n<p class=\"MsoNormal\" style=\"text-align: center;\"><strong><span style=\"font-size: 10pt; font-family: Arial;\"> <\/span><\/strong><\/p>\n<p class=\"MsoNormal\" style=\"text-align: center;\"><a title=\"Ein Kind zu t\u00f6ten... 3\" href=\"https:\/\/i0.wp.com\/www.bildstoerung.tv\/\/pressedownload\/kind03.jpg?ssl=1\" target=\"_blank\"><img decoding=\"async\" class=\"alignleft\" style=\"float: left;\" src=\"https:\/\/i0.wp.com\/www.bildstoerung.tv\/\/blog\/wp-content\/uploads\/2009\/01\/kind03_klein.jpg?resize=280%2C154&#038;ssl=1\" alt=\"Ein kind zu t\u00f6ten... 3\" width=\"280\" height=\"154\" data-recalc-dims=\"1\" \/><\/a><strong> <\/strong><\/p>\n<p class=\"MsoNormal\" style=\"text-align: center;\"><strong><span style=\"font-size: 10pt; font-family: Arial;\"> <\/span><\/strong><\/p>\n<p class=\"MsoNormal\">\n<p class=\"MsoNormal\" style=\"text-align: center;\"><strong><br \/>\n<\/strong><\/p>\n<p class=\"MsoNormal\" style=\"text-align: center;\"><strong><span style=\"font-size: 10pt; font-family: Arial;\"> <\/span><\/strong><\/p>\n<p class=\"MsoNormal\">\n<p class=\"MsoNormal\" style=\"text-align: center;\"><strong><br \/>\n<\/strong><\/p>\n<p class=\"MsoNormal\" style=\"text-align: center;\"><strong><span style=\"font-size: 10pt; font-family: Arial;\"> <\/span><\/strong><\/p>\n<p class=\"MsoNormal\">\n<p class=\"MsoNormal\" style=\"text-align: center;\"><strong><br \/>\n<\/strong><\/p>\n<p class=\"MsoNormal\" style=\"text-align: center;\"><strong><span style=\"font-size: 10pt; font-family: Arial;\"> <\/span><\/strong><\/p>\n<p class=\"MsoNormal\">\n<p class=\"MsoNormal\" style=\"text-align: center;\"><strong><br \/>\n<\/strong><\/p>\n<p class=\"MsoNormal\" style=\"text-align: center;\"><strong><span style=\"font-size: 10pt; font-family: Arial;\"> <\/span><\/strong><\/p>\n<p class=\"MsoNormal\">\n<p class=\"MsoNormal\" style=\"text-align: center;\"><strong><br \/>\n<\/strong><\/p>\n<p class=\"MsoNormal\" style=\"text-align: center;\"><strong><span style=\"font-size: 10pt; font-family: Arial;\"> <\/span><\/strong><\/p>\n<p class=\"MsoNormal\">\n<p class=\"MsoNormal\" style=\"text-align: center;\"><strong><span style=\"font-size: 10pt; font-family: Arial;\"> <\/span><\/strong><\/p>\n<p class=\"MsoNormal\">\n<p class=\"MsoNormal\" style=\"text-align: center;\"><strong><span style=\"font-size: 10pt; font-family: Arial;\"> <\/span><\/strong><\/p>\n<p class=\"MsoNormal\">\n<p class=\"MsoNormal\" style=\"text-align: center;\"><strong><br \/>\n<\/strong><\/p>\n<p class=\"MsoNormal\" style=\"text-align: center;\"><strong><span style=\"font-size: 10pt; font-family: Arial;\"> <\/span><\/strong><\/p>\n<p class=\"MsoNormal\">\n<p class=\"MsoNormal\" style=\"text-align: center;\"><strong><br \/>\n<\/strong><\/p>\n<p class=\"MsoNormal\" style=\"text-align: center;\"><strong><span style=\"font-size: 10pt; font-family: Arial;\"> <\/span><\/strong><\/p>\n<p class=\"MsoNormal\">\n<p class=\"MsoNormal\" style=\"text-align: center;\"><strong><br \/>\n<\/strong><\/p>\n<p class=\"MsoNormal\" style=\"text-align: center;\"><strong><span style=\"font-size: 10pt; font-family: Arial;\"> <\/span><\/strong><\/p>\n<p class=\"MsoNormal\">\n<p class=\"MsoNormal\" style=\"text-align: center;\"><strong><br \/>\n<\/strong><\/p>\n<p class=\"MsoNormal\" style=\"text-align: center;\"><strong><span style=\"font-size: 10pt; font-family: Arial;\"> <\/span><\/strong><\/p>\n<p class=\"MsoNormal\">\n<p class=\"MsoNormal\" style=\"text-align: center;\">\n<p class=\"MsoNormal\" style=\"text-align: center;\"><strong><span style=\"font-size: 10pt; font-family: Arial;\"> <\/span><\/strong><\/p>\n<p class=\"MsoNormal\">\n<p class=\"MsoNormal\" style=\"text-align: center;\"><strong><span style=\"font-size: 10pt; font-family: Arial;\"> <\/span><\/strong><\/p>\n<p class=\"MsoNormal\">\n<p class=\"MsoNormal\" style=\"text-align: center;\"><strong><br \/>\n<\/strong><\/p>\n<p class=\"MsoNormal\" style=\"text-align: center;\"><strong><span style=\"font-size: 10pt; font-family: Arial;\"> <\/span><\/strong><\/p>\n<p class=\"MsoNormal\" style=\"text-align: center;\"><a title=\"Ein Kind zu t\u00f6ten... 5\" href=\"https:\/\/i0.wp.com\/www.bildstoerung.tv\/\/pressedownload\/kind05.jpg?ssl=1\" target=\"_blank\"><img decoding=\"async\" style=\"vertical-align: middle;\" src=\"https:\/\/i0.wp.com\/www.bildstoerung.tv\/\/blog\/wp-content\/uploads\/2009\/01\/kind05_klein.jpg?resize=280%2C154&#038;ssl=1\" alt=\"Ein kind zu t\u00f6ten... 5\" width=\"280\" height=\"154\" data-recalc-dims=\"1\" \/> <\/a><\/p>\n<p class=\"MsoNormal\" style=\"text-align: center;\"><strong><span style=\"font-size: 10pt; font-family: Arial;\"><br \/>\n<\/span><\/strong><\/p>\n<p class=\"MsoNormal\" style=\"text-align: center;\">\n<p class=\"MsoNormal\" style=\"text-align: center;\"><strong><span style=\"font-size: 10pt; font-family: Arial;\"> <\/span><\/strong><\/p>\n<p class=\"MsoNormal\" style=\"text-align: center;\">\n<p class=\"MsoNormal\" style=\"text-align: center;\"><!--[if gte mso 9]><xml> <w:WordDocument> <w:View>Normal<\/w:View> <w:Zoom>0<\/w:Zoom> <w:HyphenationZone>21<\/w:HyphenationZone> <w:PunctuationKerning \/> <w:ValidateAgainstSchemas \/> <w:SaveIfXMLInvalid>false<\/w:SaveIfXMLInvalid> <w:IgnoreMixedContent>false<\/w:IgnoreMixedContent> <w:AlwaysShowPlaceholderText>false<\/w:AlwaysShowPlaceholderText> <w:Compatibility> <w:BreakWrappedTables \/> <w:SnapToGridInCell \/> <w:WrapTextWithPunct \/> <w:UseAsianBreakRules \/> <w:DontGrowAutofit \/> <\/w:Compatibility> <w:BrowserLevel>MicrosoftInternetExplorer4<\/w:BrowserLevel> <\/w:WordDocument> <\/xml><![endif]--><!--[if gte mso 9]><xml> <w:LatentStyles DefLockedState=\"false\" LatentStyleCount=\"156\"> <\/w:LatentStyles> <\/xml><![endif]--> <!--[if gte mso 10]><\/p>\n\n\n\n\n\n<style>\n \/* Style Definitions *\/\n table.MsoNormalTable\n\t{mso-style-name:\"Normale Tabelle\";\n\tmso-tstyle-rowband-size:0;\n\tmso-tstyle-colband-size:0;\n\tmso-style-noshow:yes;\n\tmso-style-parent:\"\";\n\tmso-padding-alt:0cm 5.4pt 0cm 5.4pt;\n\tmso-para-margin:0cm;\n\tmso-para-margin-bottom:.0001pt;\n\tmso-pagination:widow-orphan;\n\tfont-size:10.0pt;\n\tfont-family:\"Times New Roman\";\n\tmso-ansi-language:#0400;\n\tmso-fareast-language:#0400;\n\tmso-bidi-language:#0400;}\n<\/style>\n\n<![endif]--><\/p>\n<p class=\"MsoNormal\">\n<p class=\"MsoNormal\" style=\"text-align: center;\"><strong><span style=\"font-size: 10pt; font-family: Arial;\"><br \/>\n<\/span><\/strong><\/p>\n<p class=\"MsoNormal\" style=\"text-align: center;\">\n<p class=\"MsoNormal\" style=\"text-align: center;\"><strong><span style=\"font-size: 10pt; font-family: Arial;\"> <\/span><\/strong><\/p>\n<p class=\"MsoNormal\" style=\"text-align: center;\">\n<p class=\"MsoNormal\"><strong><span style=\"font-size: 10pt; font-family: Verdana;\">Bitte folgende Copyrighthinweise beachten:<\/span><\/strong><\/p>\n<p class=\"MsoNormal\"><strong><span style=\"font-size: 10pt; font-family: Verdana;\"> <\/span><\/strong><\/p>\n<p class=\"MsoNormal\"><strong><span style=\"font-size: 10pt; font-family: Verdana;\">DVD-Cover: <span> <\/span>\u00a9<span> <\/span>2008 BILDST\u00d6RUNG<\/span><\/strong><\/p>\n<p class=\"MsoNormal\"><strong><span style=\"font-size: 10pt; font-family: Verdana;\">Szenenfotos: \u00a9 1976 VIDEO MERCURY FILMS S.A.<br \/>\n<\/span><\/strong><\/p>\n<p class=\"MsoNormal\" style=\"text-align: center;\">\n<p class=\"MsoNormal\" style=\"text-align: center;\"><strong><span style=\"font-size: 10pt; font-family: Arial;\"> <\/span><\/strong><\/p>\n<p class=\"MsoNormal\" style=\"text-align: center;\">\n<p class=\"MsoNormal\" style=\"text-align: center;\"><strong><span style=\"font-size: 10pt; font-family: Arial;\"><br \/>\n<\/span><\/strong><\/p>\n","protected":false},"excerpt":{"rendered":"<p>Zum Download der druckf\u00e4higen Dateien einfach mit der rechten Maustaste [&hellip;]<\/p>\n","protected":false},"author":1,"featured_media":0,"parent":45,"menu_order":0,"comment_status":"closed","ping_status":"closed","template":"","meta":{"om_disable_all_campaigns":false,"sfsi_plus_gutenberg_text_before_share":"","sfsi_plus_gutenberg_show_text_before_share":"","sfsi_plus_gutenberg_icon_type":"","sfsi_plus_gutenberg_icon_alignemt":"","sfsi_plus_gutenburg_max_per_row":"","_uf_show_specific_survey":0,"_uf_disable_surveys":false,"jetpack_post_was_ever_published":false,"footnotes":""},"class_list":["post-102","page","type-page","status-publish","hentry"],"aioseo_notices":[],"jetpack_sharing_enabled":true,"jetpack_shortlink":"https:\/\/wp.me\/P5YmIz-1E","jetpack-related-posts":[],"_links":{"self":[{"href":"https:\/\/www.bildstoerung.tv\/blog\/wp-json\/wp\/v2\/pages\/102","targetHints":{"allow":["GET"]}}],"collection":[{"href":"https:\/\/www.bildstoerung.tv\/blog\/wp-json\/wp\/v2\/pages"}],"about":[{"href":"https:\/\/www.bildstoerung.tv\/blog\/wp-json\/wp\/v2\/types\/page"}],"author":[{"embeddable":true,"href":"https:\/\/www.bildstoerung.tv\/blog\/wp-json\/wp\/v2\/users\/1"}],"replies":[{"embeddable":true,"href":"https:\/\/www.bildstoerung.tv\/blog\/wp-json\/wp\/v2\/comments?post=102"}],"version-history":[{"count":0,"href":"https:\/\/www.bildstoerung.tv\/blog\/wp-json\/wp\/v2\/pages\/102\/revisions"}],"up":[{"embeddable":true,"href":"https:\/\/www.bildstoerung.tv\/blog\/wp-json\/wp\/v2\/pages\/45"}],"wp:attachment":[{"href":"https:\/\/www.bildstoerung.tv\/blog\/wp-json\/wp\/v2\/media?parent=102"}],"curies":[{"name":"wp","href":"https:\/\/api.w.org\/{rel}","templated":true}]}}